{"id":1894,"date":"2021-12-21T14:36:00","date_gmt":"2021-12-21T06:36:00","guid":{"rendered":"https:\/\/semitanker.com\/?post_type=product&#038;p=1894"},"modified":"2022-06-09T21:28:00","modified_gmt":"2022-06-09T13:28:00","slug":"45-ton-vaccum-cement-trailer","status":"publish","type":"product","link":"https:\/\/www.semitanker.com\/ar\/product\/45-\u0637\u0646-\u0645\u0642\u0637\u0648\u0631\u0629-\u0623\u0633\u0645\u0646\u062a-\u0623\u0633\u0645\u0646\u062a-\u0645\u0642\u0637\u0648\u0631\u0629\/","title":{"rendered":"\u0645\u0642\u0637\u0648\u0631\u0629 \u0623\u0633\u0645\u0646\u062a 45 \u0637\u0646 \u0623\u0633\u0645\u0646\u062a 45 \u0637\u0646"},"content":{"rendered":"<p>\u0645\u0642\u0637\u0648\u0631\u0629 \u0646\u0627\u0642\u0644\u0629 \u0627\u0644\u0623\u0633\u0645\u0646\u062a \u0627\u0644\u0645\u0636\u062e\u0645\u0629 \u062a\u0633\u062a\u062e\u062f\u0645 \u0644\u0646\u0642\u0644 \u0627\u0644\u0623\u0633\u0645\u0646\u062a \u0648\u0627\u0644\u062c\u064a\u0631 \u0648\u0627\u0644\u0631\u0645\u0644 \u0648\u0623\u0646\u0648\u0627\u0639 \u0645\u0648\u0627\u062f \u0627\u0644\u0645\u0633\u062d\u0648\u0642 \u0627\u0644\u0633\u0627\u0626\u0628\u0629 \u0628\u0642\u0637\u0631 \u2264 0.1 \u0645\u0645.<\/p>\n<p>\u0633\u0639\u0629 \u0646\u0627\u0642\u0644\u0629 \u0627\u0644\u0623\u0633\u0645\u0646\u062a \u0627\u0644\u0645\u062e\u0631\u0648\u0637\u064a\u0629 45 \u0637\u0646\u060c \u062d\u062c\u0645 40 \u06453.<\/p>\n<p>&nbsp;<\/p>\n<h2>\u0635\u0648\u0631 \u0645\u0642\u0637\u0648\u0631\u0629 \u0646\u0627\u0642\u0644\u0629 \u0627\u0644\u0623\u0633\u0645\u0646\u062a \u0627\u0644\u0645\u0642\u0637\u0648\u0631\u0629<\/h2>\n<p style=\"text-align: center;\"><img decoding=\"async\" style=\"width: 800px; height: 533px;\" src=\"\/uploads\/products\/vaccum-bulker\/yellow-cement-trailer\/7.jpg\" alt=\"\u0645\u0642\u0637\u0648\u0631\u0627\u062a \u0635\u0647\u0631\u064a\u062c \u0646\u0627\u0642\u0644\u0629 \u0627\u0644\u0623\u0633\u0645\u0646\u062a \u0627\u0644\u0645\u0641\u0631\u063a\u0629 \u0645\u0646 \u0627\u0644\u0647\u0648\u0627\u0621 \u0644\u0644\u0628\u064a\u0639\" \/><\/p>\n<p style=\"text-align: center;\"><img decoding=\"async\" src=\"\/uploads\/products\/vaccum-bulker\/yellow-cement-trailer\/8.jpg\" alt=\"\u0633\u0639\u0631 \u0627\u0644\u0645\u0642\u0637\u0648\u0631\u0629 \u0627\u0644\u0633\u0627\u0626\u0628\u0629 \u0644\u0644\u0623\u0633\u0645\u0646\u062a \u0627\u0644\u0645\u0641\u0631\u063a \u0645\u0646 \u0627\u0644\u0647\u0648\u0627\u0621\" \/><\/p>\n<h2>\u0645\u0648\u0627\u0635\u0641\u0627\u062a \u0627\u0644\u0645\u0642\u0637\u0648\u0631\u0629 \u0627\u0644\u0633\u0627\u0626\u0628\u0629 \u0644\u0644\u0623\u0633\u0645\u0646\u062a \u0627\u0644\u0645\u062e\u0631\u0648\u0637\u064a<\/h2>\n<p>\u0641\u064a\u0645\u0627 \u064a\u0644\u064a \u0645\u0648\u0627\u0635\u0641\u0627\u062a \u0646\u0627\u0642\u0644\u0629 \u0627\u0644\u0623\u0633\u0645\u0646\u062a \u0627\u0644\u0645\u0642\u0637\u0648\u0631\u0629 \u0627\u0644\u0645\u0645\u0644\u0648\u0621\u0629 \u0628\u0627\u0644\u0623\u0633\u0645\u0646\u062a\u060c \u0625\u0630\u0627 \u0643\u0646\u062a \u062a\u0631\u063a\u0628 \u0641\u064a \u0645\u0639\u0631\u0641\u0629 \u0645\u0648\u0627\u0635\u0641\u0627\u062a \u0648\u062a\u0641\u0627\u0635\u064a\u0644 \u0645\u0642\u0637\u0648\u0631\u0629 \u0627\u0644\u0623\u0633\u0645\u0646\u062a \u0627\u0644\u0645\u0645\u0644\u0648\u0621\u0629 \u0628\u0627\u0644\u0623\u0633\u0645\u0646\u062a \u0627\u0644\u0645\u0645\u0644\u0648\u0621\u0629 \u0633\u0639\u0629 28-120 \u0637\u0646\u060c \u0623\u0631\u0633\u0644 \u0628\u0631\u064a\u062f\u064b\u0627 \u0625\u0644\u0643\u062a\u0631\u0648\u0646\u064a\u064b\u0627 \u0625\u0644\u0649 <strong><u><a href=\"mailto:manager@pandamech.com\">manager@pandamech.com<\/a><\/u><\/strong><span style=\"color: #000080;\">.<\/span><\/p>\n<table style=\"margin: 0 auto;\" border=\"1\" width=\"800\" cellspacing=\"1\" cellpadding=\"1\">\n<tbody>\n<tr>\n<td width=\"221\" height=\"37\">\u00a0\u0627\u0644\u0639\u0644\u0627\u0645\u0629 \u0627\u0644\u062a\u062c\u0627\u0631\u064a\u0629<\/td>\n<td width=\"475\">\u00a0\u0628\u0627\u0646\u062f\u0627 \u0645\u064a\u0643 \u0628\u0627\u0646\u062f\u0627 \u0627\u0644\u0628\u0627\u062e\u0631\u0629 \u0627\u0644\u0636\u062e\u0645\u0629 \u0630\u0627\u062a\u064a\u0629 \u0627\u0644\u062a\u062d\u0645\u064a\u0644<\/td>\n<\/tr>\n<tr>\n<td width=\"221\" height=\"37\">\u00a0\u0627\u0644\u0628\u064f\u0639\u062f<\/td>\n<td width=\"475\">\u00a012000 \u00d7 2500 \u00d7 3900 \u00d7 3900 \u0645\u0645<\/td>\n<\/tr>\n<tr>\n<td width=\"221\" height=\"37\">\u00a0\u0627\u0644\u0633\u0639\u0629\/\u0627\u0644\u062d\u062c\u0645<\/td>\n<td width=\"475\">\u00a045 \u0637\u0646\/40 \u06453<\/td>\n<\/tr>\n<tr>\n<td width=\"221\" height=\"37\">\u00a0\u0627\u0644\u0645\u062d\u0631\u0643<\/td>\n<td width=\"475\">\u00a0\u0648\u064a\u0643\u0627\u064a \u062f\u0648\u064a\u062a\u0632 \u062f\u0648\u064a\u062a\u0632 \u062f\u064a\u0632\u0644 \u0645\u0648\u062a\u0648<\/td>\n<\/tr>\n<tr>\n<td width=\"221\" height=\"37\">\u00a0\u0627\u0644\u0648\u0632\u0646<\/td>\n<td width=\"475\">\u00a06 \u0623\u0637\u0646\u0627\u0646<\/td>\n<\/tr>\n<tr>\n<td width=\"221\" height=\"37\">\u00a0\u063a\u0637\u0627\u0621 \u0627\u0644\u0641\u062a\u062d\u0629<\/td>\n<td width=\"475\">\u00a02 \u0625\u0644\u0649 4 \u0623\u0637\u0642\u0645 2 \u0625\u0644\u0649 4 \u0623\u0637\u0642\u0645 \u0642\u0637\u0631 500 \u0645\u0645<\/td>\n<\/tr>\n<tr>\n<td width=\"221\" height=\"37\">\u00a0\u0635\u0645\u0627\u0645 \u0627\u0644\u062a\u0641\u0631\u064a\u063a<\/td>\n<td width=\"475\">\u00a04\u2033 \u0635\u0645\u0627\u0645 \u0642\u0631\u0635\u064a 4\u2033<\/td>\n<\/tr>\n<tr>\n<td width=\"221\" height=\"37\">\u00a0\u0645\u0627\u062f\u0629 \u0627\u0644\u062c\u0633\u0645\/\u0627\u0644\u0647\u064a\u0643\u0644<\/td>\n<td width=\"475\">\u00a0\u0641\u0648\u0644\u0627\u0630 \u0639\u0627\u0644\u064a \u0627\u0644\u0642\u0648\u0629 5 \u0645\u0645 \u0623\u0648 6 \u0645\u0645<\/td>\n<\/tr>\n<tr>\n<td width=\"221\" height=\"37\">\u00a0\u0627\u0644\u0647\u064a\u0643\u0644<\/td>\n<td width=\"475\">\u00a0\u0641\u0648\u0644\u0627\u0630 \u0639\u0627\u0644\u064a \u0627\u0644\u0642\u0648\u0629 Q345<\/td>\n<\/tr>\n<tr>\n<td width=\"221\" height=\"37\">\u00a0\u0645\u0639\u062f\u0627\u062a \u0627\u0644\u0647\u0628\u0648\u0637<\/td>\n<td width=\"475\">\u00a0JOST 28T<\/td>\n<\/tr>\n<tr>\n<td width=\"221\" height=\"37\">\u00a0\u0627\u0644\u062a\u0639\u0644\u064a\u0642<\/td>\n<td width=\"475\">\u00a0\u062a\u0639\u0644\u064a\u0642 \u0645\u064a\u0643\u0627\u0646\u064a\u0643\u064a\u060c \u062a\u0639\u0644\u064a\u0642 \u0647\u0648\u0627\u0626\u064a<\/td>\n<\/tr>\n<tr>\n<td width=\"221\" height=\"37\">\u00a0\u0646\u0638\u0627\u0645 \u0627\u0644\u0645\u0643\u0627\u0628\u062d<\/td>\n<td width=\"475\">\u00a0\u0635\u0645\u0627\u0645 \u0627\u0644\u0637\u0648\u0627\u0631\u0626 WABCO<\/td>\n<\/tr>\n<tr>\n<td width=\"221\" height=\"37\">\u00a0\u0627\u0644\u0645\u062d\u0648\u0631<\/td>\n<td width=\"475\">\u00a03 \u0645\u062d\u0627\u0648\u0631\u060c 13\u060c16\u060c20 \u0637\u0646<\/td>\n<\/tr>\n<tr>\n<td width=\"221\" height=\"37\">\u00a0\u0627\u0644\u0625\u0637\u0627\u0631\u0627\u062a<\/td>\n<td width=\"475\">\u00a012R22.5, 385\/65R22.5, 13R22.5, 12.00R24, 315\/80R22.5<\/td>\n<\/tr>\n<tr>\n<td width=\"221\" height=\"37\">\u00a0\u062f\u0628\u0648\u0633 \u0627\u0644\u0645\u0644\u0643<\/td>\n<td width=\"475\">\u00a0\u062c\u0648\u0633\u062a 2\u2033 \u0623\u0648 3.5 \u0645\u0646 \u0627\u0644\u0646\u0648\u0639 \u0627\u0644\u0642\u0627\u0628\u0644 \u0644\u0644\u0641\u0635\u0644<\/td>\n<\/tr>\n<\/tbody>\n<\/table>\n<h2>\u0645\u0632\u0627\u064a\u0627 \u0646\u0627\u0642\u0644\u0627\u062a \u0627\u0644\u0644\u062f\u0627\u0626\u0646 \u0627\u0644\u0633\u0627\u0626\u0628\u0629<\/h2>\n<ul>\n<li>1. \u0623\u0641\u0636\u0644 \u0641\u0648\u0644\u0627\u0630 \u062e\u0627\u0645: \u0647\u064a\u0643\u0644 \u0627\u0644\u062e\u0632\u0627\u0646 \u0648\u0647\u064a\u0643\u0644\u0647 \u0645\u0635\u0646\u0648\u0639\u0627\u0646 \u0645\u0646 \u0627\u0644\u0641\u0648\u0644\u0627\u0630 \u0639\u0627\u0644\u064a \u0627\u0644\u0642\u0648\u0629 YP \u2265 620\u060c \u0645\u0645\u0627 \u064a\u0636\u0645\u0646 \u0639\u0645\u0631\u064b\u0627 \u0623\u0637\u0648\u0644 \u0644\u0644\u0645\u062f\u064a\u0631 \u0648\u0648\u0632\u0646\u064b\u0627 \u0623\u062e\u0641 \u0648\u0632\u0646\u064b\u0627.<\/li>\n<li>2. \u0623\u062f\u0627\u0621 \u0645\u0645\u062a\u0627\u0632 \uff1a \u064a\u0636\u0645\u0646 \u0627\u0644\u062a\u0635\u0645\u064a\u0645 \u0627\u0644\u0641\u0631\u064a\u062f \u0645\u0639\u062f\u0644 \u062a\u0641\u0631\u064a\u063a \uff1e 1.3 \u0637\u0646\/\u062f\u0642\u064a\u0642\u0629\u060c \u0645\u0633\u0627\u0641\u0629 \u062a\u0641\u0631\u064a\u063a \u0631\u0623\u0633\u064a\u0629 15 \u0645\u062a\u0631\u064b\u0627.<\/li>\n<li>3. \u062c\u0648\u062f\u0629 \u0627\u0644\u0644\u062d\u0627\u0645:  \u0641\u0648\u0644\u0627\u0630 \u062c\u064a\u062f \u0645\u0639 \u062f\u0639\u0645 \u0644\u062d\u0627\u0645 \u0639\u0627\u0644\u064a \u0627\u0644\u062c\u0648\u062f\u0629 \u064a\u062f\u0639\u0645 \u0636\u0645\u0627\u0646\u064b\u0627 \u0623\u0637\u0648\u0644 \u0644\u0645\u0642\u0637\u0648\u0631\u0627\u062a \u0646\u0627\u0642\u0644\u0629 \u0627\u0644\u0623\u0633\u0645\u0646\u062a \u0627\u0644\u0644\u0642\u0627\u062d.<\/li>\n<li>4. \u0637\u0644\u0627\u0621 \u0645\u062a\u064a\u0646: \u0627\u0644\u0633\u064a\u0627\u0631\u0629 \u0628\u0623\u0643\u0645\u0644\u0647\u0627 \u0642\u0627\u0639\u062f\u0629 \u0646\u0638\u064a\u0641\u0629 \u0644\u062a\u0641\u062c\u064a\u0631 \u0627\u0644\u0633\u064a\u0627\u0631\u0629 \u0628\u0627\u0644\u0643\u0627\u0645\u0644 \u0644\u0644\u0637\u0644\u0627\u0621\u060c \u064a\u062f\u0639\u0645 \u0627\u0644\u0637\u0644\u0627\u0621 \u0627\u0644\u062a\u0645\u0647\u064a\u062f\u064a \u0645\u0631\u062a\u064a\u0646 \u0639\u0645\u0631\u064b\u0627 \u0623\u0637\u0648\u0644 \u0644\u0644\u0637\u0644\u0627\u0621.<\/li>\n<li>5. \u0627\u0644\u062a\u0635\u0645\u064a\u0645: \u0631\u0633\u0645 \u062b\u0644\u0627\u062b\u064a \u0627\u0644\u0623\u0628\u0639\u0627\u062f \u0628\u0627\u0633\u062a\u062e\u062f\u0627\u0645 Ansys &amp; Hypermesh \u062a\u062d\u0644\u064a\u0644 \u062f\u0639\u0645 \u062a\u0635\u0645\u064a\u0645 \u0645\u0642\u0637\u0648\u0631\u0629 \u0627\u0644\u0623\u0633\u0645\u0646\u062a \u0627\u0644\u0633\u0627\u0626\u0628 \u0627\u0644\u0644\u0642\u0627\u062d\u064a \u0627\u0644\u0645\u0639\u0642\u0648\u0644.<\/li>\n<\/ul>\n<p>&nbsp;<\/p>\n<h2>\u0627\u0644\u0646\u0642\u0644 \u0627\u0644\u0628\u062d\u0631\u064a \u0644\u0646\u0627\u0642\u0644\u0629 \u0627\u0644\u0623\u0633\u0645\u0646\u062a \u0627\u0644\u0633\u0627\u0626\u0628\u0629 \u0627\u0644\u0645\u0644\u0642\u062d\u0629 \u0641\u064a \u0627\u0644\u0628\u062d\u0631<\/h2>\n<p>\u0633\u0648\u0641 \u0646\u0637\u0644\u0628 \u0627\u0644\u0634\u0627\u062d\u0646\u0629 \u0645\u0633\u0628\u0642\u064b\u0627 \u0642\u0628\u0644 \u0627\u0643\u062a\u0645\u0627\u0644 \u0627\u0644\u0625\u0646\u062a\u0627\u062c\u060c \u0648\u0646\u062c\u0631\u064a \u0641\u062d\u0635\u064b\u0627 \u0628\u0639\u062f \u0627\u0643\u062a\u0645\u0627\u0644 \u0627\u0644\u0625\u0646\u062a\u0627\u062c. \u0633\u064a\u062a\u0645 \u0625\u0631\u0633\u0627\u0644 \u0627\u0644\u0645\u0642\u0637\u0648\u0631\u0629 \u0627\u0644\u062a\u064a \u062a\u0645 \u0641\u062d\u0635\u0647\u0627 \u0625\u0644\u064a\u0643 \u0648\u0641\u0642\u064b\u0627 \u0644\u0622\u062e\u0631 \u0648\u0642\u062a \u0634\u062d\u0646.<\/p>\n<p>\u0645\u0646 \u0623\u062c\u0644 \u0645\u0646\u0639 \u062a\u0622\u0643\u0644 \u0637\u0644\u0627\u0621 \u0645\u0642\u0637\u0648\u0631\u0629 \u0646\u0642\u0644 \u0627\u0644\u0631\u0645\u0644 \u0627\u0644\u0623\u0633\u0645\u0646\u062a\u064a \u0645\u0646 \u0627\u0644\u062a\u0622\u0643\u0644 \u0628\u0633\u0628\u0628 \u0645\u064a\u0627\u0647 \u0627\u0644\u0628\u062d\u0631\u060c \u0633\u0646\u0642\u0648\u0645 \u0628\u0631\u0634 \u0637\u0628\u0642\u0629 \u0645\u0646 \u0627\u0644\u0634\u0645\u0639 \u0639\u0644\u0649 \u0633\u0637\u062d \u0645\u0642\u0637\u0648\u0631\u0629 \u0646\u0627\u0642\u0644\u0629 \u0627\u0644\u0645\u0633\u062d\u0648\u0642 \u0642\u0628\u0644 \u0627\u0644\u0646\u0642\u0644.<\/p>\n<p>\u0633\u0646\u0642\u0648\u0645 \u0628\u062a\u063a\u0644\u064a\u0641 \u062c\u0645\u064a\u0639 \u0645\u062d\u0631\u0643\u0627\u062a \u0627\u0644\u062f\u064a\u0632\u0644 \u0644\u0645\u0642\u0637\u0648\u0631\u0629 \u0635\u0647\u0631\u064a\u062c \u0627\u0644\u0623\u0633\u0645\u0646\u062a \u0628\u0642\u0637\u0639\u0629 \u0642\u0645\u0627\u0634 \u0644\u0644\u0645\u0637\u0631.<\/p>\n<p style=\"text-align: center;\"><img decoding=\"async\" style=\"width: 649px; height: 768px;\" src=\"\/uploads\/other\/cement-sea-transport.jpg\" alt=\"\u0627\u0644\u0646\u0642\u0644 \u0627\u0644\u0628\u062d\u0631\u064a \u0644\u0646\u0627\u0642\u0644\u0629 \u0627\u0644\u0623\u0633\u0645\u0646\u062a \u0627\u0644\u0645\u0645\u0644\u0648\u0621\u0629 \u0628\u0627\u0644\u0627\u0633\u0645\u0646\u062a \u0627\u0644\u0645\u0644\u0642\u062d\" \/><\/p>\n<p>&nbsp;<\/p>\n<h2>\u0645\u0642\u0637\u0648\u0631\u0627\u062a \u0646\u0627\u0642\u0644\u0629 \u0627\u0644\u0623\u0633\u0645\u0646\u062a \u0627\u0644\u0645\u062e\u0631\u0648\u0637\u064a\u0629 \u0644\u0644\u0628\u064a\u0639<\/h2>\n<p>\u0634\u0631\u0643\u0629 Panda Mech \u0647\u064a \u0634\u0631\u0643\u0629 \u0645\u0635\u0646\u0639\u0629 \u0644\u0646\u0627\u0642\u0644\u0627\u062a \u0627\u0644\u0623\u0633\u0645\u0646\u062a \u0627\u0644\u0633\u0627\u0626\u0628\u0629 \u0627\u0644\u0644\u0642\u0627\u062d\u064a\u0629 \u0645\u0646 \u0627\u0644\u0635\u064a\u0646. \u0646\u062d\u0646 \u0646\u0648\u0631\u062f \u0645\u0642\u0637\u0648\u0631\u0627\u062a \u0646\u0627\u0642\u0644\u0629 \u0627\u0644\u0623\u0633\u0645\u0646\u062a \u0627\u0644\u0633\u0627\u0626\u0628\u0629 28-120 \u0637\u0646\u064b\u0627 \u0644\u0644\u0628\u064a\u0639. \u064a\u0645\u0643\u0646\u0646\u0627 \u0627\u0644\u062a\u062e\u0635\u064a\u0635 \u0648\u0641\u0642\u064b\u0627 \u0644\u0627\u062d\u062a\u064a\u0627\u062c\u0627\u062a\u0643. \u0644\u0642\u062f \u062d\u0642\u0642 \u0645\u0635\u0646\u0639\u0648 Panda Mech \u0646\u062c\u0627\u062d\u064b\u0627 \u0641\u064a \u062c\u0646\u0648\u0628 \u0634\u0631\u0642 \u0622\u0633\u064a\u0627 \u0648\u0627\u0644\u0634\u0631\u0642 \u0627\u0644\u0623\u0648\u0633\u0637 \u0648\u0623\u0641\u0631\u064a\u0642\u064a\u0627 \u0648\u0623\u0645\u0631\u064a\u0643\u0627 \u0627\u0644\u062c\u0646\u0648\u0628\u064a\u0629\u060c \u0645\u062b\u0644 \u0627\u0644\u0641\u0644\u0628\u064a\u0646 \u0648\u062a\u0646\u0632\u0627\u0646\u064a\u0627 \u0648\u063a\u064a\u0631\u0647\u0627....\u00a0\u00a0<strong><u><a href=\"https:\/\/www.semitanker.com\/ar\/about\/\" rel=\"nofollow\"><span style=\"color: #0000cd;\">\u062d\u0648\u0644 \u0628\u0627\u0646\u062f\u0627...<\/span><\/a><\/u><\/strong><\/p>\n<p style=\"text-align: center;\"><a href=\"https:\/\/www.semitanker.com\/ar\/\u0627\u0644\u0627\u062a\u0635\u0627\u0644\/\" rel=\"nofollow\"><img decoding=\"async\" style=\"width: 864px; height: 213px;\" src=\"\/uploads\/other\/sale-images.jpg\" alt=\"\u0646\u0627\u0642\u0644\u0629 \u0623\u0633\u0645\u0646\u062a \u0630\u0627\u062a\u064a\u0629 \u0627\u0644\u062a\u062d\u0645\u064a\u0644 \u0644\u0644\u0628\u064a\u0639\" \/><\/a><\/p>","protected":false},"excerpt":{"rendered":"<p>\u0645\u0642\u0637\u0648\u0631\u0629 \u0646\u0627\u0642\u0644\u0629 \u0627\u0644\u0623\u0633\u0645\u0646\u062a \u0627\u0644\u0644\u062f\u0627\u0626\u0646\u064a\u0629 \u062a\u0633\u062a\u062e\u062f\u0645 \u0644\u0646\u0642\u0644 \u0627\u0644\u0623\u0633\u0645\u0646\u062a \u0648\u0627\u0644\u062c\u064a\u0631 \u0648\u0627\u0644\u0631\u0645\u0644 \u0648\u0623\u0646\u0648\u0627\u0639 \u0645\u0648\u0627\u062f \u0627\u0644\u0645\u0633\u062d\u0648\u0642 \u0627\u0644\u0633\u0627\u0626\u0628\u0629 \u0628\u0642\u0637\u0631 \u2264 0.1 \u0645\u0645. \u0645\u0642\u0637\u0648\u0631\u0629 \u0627\u0644\u0623\u0633\u0645\u0646\u062a \u0627\u0644\u0633\u0627\u0626\u0628\u0629 \u0627\u0644\u0623\u0633\u0645\u0646\u062a\u064a\u0629 \u0627\u0644\u0644\u0632\u062c\u0629 \u0633\u0639\u0629 45 \u0637\u0646\u060c \u062d\u062c\u0645 40 \u06453.   \u0635\u0648\u0631 \u0645\u0642\u0637\u0648\u0631\u0629 \u0627\u0644\u0623\u0633\u0645\u0646\u062a \u0627\u0644\u0633\u0627\u0626\u0628\u0629 \u0627\u0644\u0623\u0633\u0645\u0646\u062a \u0627\u0644\u0644\u0642\u0627\u062d \u0645\u0648\u0627\u0635\u0641\u0627\u062a \u0645\u0642\u0637\u0648\u0631\u0629 \u0627\u0644\u0623\u0633\u0645\u0646\u062a \u0627\u0644\u0633\u0627\u0626\u0628\u0629 \u0627\u0644\u0644\u0642\u0627\u062d \u0645\u0648\u0627\u0635\u0641\u0627\u062a \u0645\u0642\u0637\u0648\u0631\u0629 \u0627\u0644\u0623\u0633\u0645\u0646\u062a \u0627\u0644\u0633\u0627\u0626\u0628\u0629 \u0627\u0644\u0644\u0642\u0627\u062d \u0627\u0644\u062a\u0627\u0644\u064a\u0629 \u0647\u064a \u0645\u0648\u0627\u0635\u0641\u0627\u062a \u0645\u0642\u0637\u0648\u0631\u0629 \u0627\u0644\u0623\u0633\u0645\u0646\u062a \u0627\u0644\u0633\u0627\u0626\u0628\u0629 \u0627\u0644\u0644\u0642\u0627\u062d\u060c \u0625\u0630\u0627 \u0643\u0646\u062a \u062a\u0631\u064a\u062f \u0645\u0639\u0631\u0641\u0629 \u0645\u0642\u0637\u0648\u0631\u0629 \u0627\u0644\u0623\u0633\u0645\u0646\u062a \u0627\u0644\u0644\u0642\u0627\u062d 28-120 \u0637\u0646 ...<\/p>","protected":false},"featured_media":1967,"comment_status":"open","ping_status":"closed","template":"","meta":{"_seopress_robots_primary_cat":"none","_seopress_titles_title":"","_seopress_titles_desc":"","_seopress_robots_index":"","_kad_post_transparent":"","_kad_post_title":"","_kad_post_layout":"","_kad_post_sidebar_id":"","_kad_post_content_style":"","_kad_post_vertical_padding":"","_kad_post_feature":"","_kad_post_feature_position":"","_kad_post_header":false,"_kad_post_footer":false},"product_brand":[],"product_cat":[154],"product_tag":[],"class_list":{"0":"post-1894","1":"product","2":"type-product","3":"status-publish","4":"has-post-thumbnail","6":"product_cat-cement-transport-trailer","8":"first","9":"instock","10":"shipping-taxable","11":"product-type-simple","12":"entry","13":"content-bg","14":"loop-entry"},"_links":{"self":[{"href":"https:\/\/www.semitanker.com\/ar\/wp-json\/wp\/v2\/product\/1894","targetHints":{"allow":["GET"]}}],"collection":[{"href":"https:\/\/www.semitanker.com\/ar\/wp-json\/wp\/v2\/product"}],"about":[{"href":"https:\/\/www.semitanker.com\/ar\/wp-json\/wp\/v2\/types\/product"}],"replies":[{"embeddable":true,"href":"https:\/\/www.semitanker.com\/ar\/wp-json\/wp\/v2\/comments?post=1894"}],"wp:featuredmedia":[{"embeddable":true,"href":"https:\/\/www.semitanker.com\/ar\/wp-json\/wp\/v2\/media\/1967"}],"wp:attachment":[{"href":"https:\/\/www.semitanker.com\/ar\/wp-json\/wp\/v2\/media?parent=1894"}],"wp:term":[{"taxonomy":"product_brand","embeddable":true,"href":"https:\/\/www.semitanker.com\/ar\/wp-json\/wp\/v2\/product_brand?post=1894"},{"taxonomy":"product_cat","embeddable":true,"href":"https:\/\/www.semitanker.com\/ar\/wp-json\/wp\/v2\/product_cat?post=1894"},{"taxonomy":"product_tag","embeddable":true,"href":"https:\/\/www.semitanker.com\/ar\/wp-json\/wp\/v2\/product_tag?post=1894"}],"curies":[{"name":"wp","href":"https:\/\/api.w.org\/{rel}","templated":true}]}}