{"id":2241,"date":"2022-06-09T20:39:51","date_gmt":"2022-06-09T12:39:51","guid":{"rendered":"https:\/\/semitanker.com\/?page_id=2241"},"modified":"2022-06-09T20:47:20","modified_gmt":"2022-06-09T12:47:20","slug":"blog","status":"publish","type":"page","link":"https:\/\/www.semitanker.com\/es\/blog\/","title":{"rendered":"Blog"},"content":{"rendered":"<div data-elementor-type=\"wp-page\" data-elementor-id=\"2241\" class=\"elementor elementor-2241\" data-elementor-post-type=\"page\">\n\t\t\t\t\t\t<section class=\"elementor-section elementor-top-section elementor-element elementor-element-319b38c5 elementor-section-boxed elementor-section-height-default elementor-section-height-default\" data-id=\"319b38c5\" data-element_type=\"section\">\n\t\t\t\t\t\t<div class=\"elementor-container elementor-column-gap-default\">\n\t\t\t\t\t<div class=\"elementor-column elementor-col-100 elementor-top-column elementor-element elementor-element-8fa5067\" data-id=\"8fa5067\" data-element_type=\"column\">\n\t\t\t<div class=\"elementor-widget-wrap elementor-element-populated\">\n\t\t\t\t\t\t<div class=\"elementor-element elementor-element-61812897 elementor-widget-divider--view-line_text elementor-widget-divider--element-align-right elementor-widget elementor-widget-divider\" data-id=\"61812897\" data-element_type=\"widget\" data-widget_type=\"divider.default\">\n\t\t\t\t<div class=\"elementor-widget-container\">\n\t\t\t\t\t\t\t<div class=\"elementor-divider\">\n\t\t\t<span class=\"elementor-divider-separator\">\n\t\t\t\t\t\t\t<span class=\"elementor-divider__text elementor-divider__element\">\n\t\t\t\tEn vuelo\t\t\t\t<\/span>\n\t\t\t\t\t\t<\/span>\n\t\t<\/div>\n\t\t\t\t\t\t<\/div>\n\t\t\t\t<\/div>\n\t\t\t\t<div class=\"elementor-element elementor-element-27c0dc7b elementor-widget elementor-widget-heading\" data-id=\"27c0dc7b\" data-element_type=\"widget\" data-widget_type=\"heading.default\">\n\t\t\t\t<div class=\"elementor-widget-container\">\n\t\t\t\t\t<h2 class=\"elementor-heading-title elementor-size-default\">Viajar y explorar el mundo<\/h2>\t\t\t\t<\/div>\n\t\t\t\t<\/div>\n\t\t\t\t<div class=\"elementor-element elementor-element-3ee4ea91 elementor-grid-1 elementor-posts--thumbnail-left elementor-posts--align-left elementor-grid-tablet-1 elementor-grid-mobile-1 elementor-widget elementor-widget-posts\" data-id=\"3ee4ea91\" data-element_type=\"widget\" data-settings=\"{&quot;classic_columns&quot;:&quot;1&quot;,&quot;classic_row_gap&quot;:{&quot;unit&quot;:&quot;px&quot;,&quot;size&quot;:&quot;50&quot;,&quot;sizes&quot;:[]},&quot;classic_columns_tablet&quot;:&quot;1&quot;,&quot;pagination_type&quot;:&quot;numbers_and_prev_next&quot;,&quot;classic_columns_mobile&quot;:&quot;1&quot;,&quot;classic_row_gap_tablet&quot;:{&quot;unit&quot;:&quot;px&quot;,&quot;size&quot;:&quot;&quot;,&quot;sizes&quot;:[]},&quot;classic_row_gap_mobile&quot;:{&quot;unit&quot;:&quot;px&quot;,&quot;size&quot;:&quot;&quot;,&quot;sizes&quot;:[]}}\" data-widget_type=\"posts.classic\">\n\t\t\t\t<div class=\"elementor-widget-container\">\n\t\t\t\t\t\t\t<div class=\"elementor-posts-container elementor-posts elementor-posts--skin-classic elementor-grid\">\n\t\t\t\t<article class=\"elementor-post elementor-grid-item post-2520 post type-post status-publish format-standard has-post-thumbnail hentry category-guide\">\n\t\t\t\t<a class=\"elementor-post__thumbnail__link\" href=\"https:\/\/www.semitanker.com\/es\/guia\/que-es-un-semirremolque-basculante-guia-completa\/\" >\n\t\t\t<div class=\"elementor-post__thumbnail\"><img fetchpriority=\"high\" decoding=\"async\" width=\"750\" height=\"400\" src=\"https:\/\/www.semitanker.com\/wp-content\/uploads\/2023\/03\/25cbm-tipper-7.webp\" class=\"attachment-full size-full wp-image-2525\" alt=\"qu\u00e9 es un semirremolque basculante\" srcset=\"https:\/\/www.semitanker.com\/wp-content\/uploads\/2023\/03\/25cbm-tipper-7.webp 750w, https:\/\/www.semitanker.com\/wp-content\/uploads\/2023\/03\/25cbm-tipper-7-18x10.webp 18w, https:\/\/www.semitanker.com\/wp-content\/uploads\/2023\/03\/25cbm-tipper-7-600x320.webp 600w\" sizes=\"(max-width: 750px) 100vw, 750px\" \/><\/div>\n\t\t<\/a>\n\t\t\t\t<div class=\"elementor-post__text\">\n\t\t\t\t<h3 class=\"elementor-post__title\">\n\t\t\t<a href=\"https:\/\/www.semitanker.com\/es\/guia\/que-es-un-semirremolque-basculante-guia-completa\/\" >\n\t\t\t\t\u00bfQu\u00e9 es un semirremolque basculante? Gu\u00eda completa\t\t\t<\/a>\n\t\t<\/h3>\n\t\t\t\t<div class=\"elementor-post__meta-data\">\n\t\t\t\t\t<span class=\"elementor-post-date\">\n\t\t\t2023-03-20\t\t<\/span>\n\t\t\t\t<\/div>\n\t\t\t\t<div class=\"elementor-post__excerpt\">\n\t\t\t<p>Los semirremolques basculantes son un equipo esencial para muchas industrias que requieren el transporte de cargas pesadas de materiales sueltos como la grava,<\/p>\n\t\t<\/div>\n\t\t\t\t<\/div>\n\t\t\t\t<\/article>\n\t\t\t\t<article class=\"elementor-post elementor-grid-item post-2500 post type-post status-publish format-standard has-post-thumbnail hentry category-guide\">\n\t\t\t\t<a class=\"elementor-post__thumbnail__link\" href=\"https:\/\/www.semitanker.com\/es\/guia\/que-es-un-remolque-de-cemento\/\" >\n\t\t\t<div class=\"elementor-post__thumbnail\"><img decoding=\"async\" width=\"800\" height=\"533\" src=\"https:\/\/www.semitanker.com\/wp-content\/uploads\/2021\/12\/7-6.jpg\" class=\"attachment-full size-full wp-image-2008\" alt=\"Remolque cisterna de cemento de 50 toneladas\" srcset=\"https:\/\/www.semitanker.com\/wp-content\/uploads\/2021\/12\/7-6.jpg 800w, https:\/\/www.semitanker.com\/wp-content\/uploads\/2021\/12\/7-6-300x200.jpg 300w, https:\/\/www.semitanker.com\/wp-content\/uploads\/2021\/12\/7-6-768x512.jpg 768w, https:\/\/www.semitanker.com\/wp-content\/uploads\/2021\/12\/7-6-600x400.jpg 600w\" sizes=\"(max-width: 800px) 100vw, 800px\" \/><\/div>\n\t\t<\/a>\n\t\t\t\t<div class=\"elementor-post__text\">\n\t\t\t\t<h3 class=\"elementor-post__title\">\n\t\t\t<a href=\"https:\/\/www.semitanker.com\/es\/guia\/que-es-un-remolque-de-cemento\/\" >\n\t\t\t\tQu\u00e9 es un remolque para cemento\t\t\t<\/a>\n\t\t<\/h3>\n\t\t\t\t<div class=\"elementor-post__meta-data\">\n\t\t\t\t\t<span class=\"elementor-post-date\">\n\t\t\t2022-12-21\t\t<\/span>\n\t\t\t\t<\/div>\n\t\t\t\t<div class=\"elementor-post__excerpt\">\n\t\t\t<p>Un granelero de cemento es un cami\u00f3n o remolque de grandes dimensiones dise\u00f1ado para cargar y transportar cemento a granel. Suele estar equipado con un sistema neum\u00e1tico<\/p>\n\t\t<\/div>\n\t\t\t\t<\/div>\n\t\t\t\t<\/article>\n\t\t\t\t<article class=\"elementor-post elementor-grid-item post-2490 post type-post status-publish format-standard has-post-thumbnail hentry category-guide\">\n\t\t\t\t<a class=\"elementor-post__thumbnail__link\" href=\"https:\/\/www.semitanker.com\/es\/guia\/neumaticos-para-remolques-a-granel-ejes\/\" >\n\t\t\t<div class=\"elementor-post__thumbnail\"><img decoding=\"async\" width=\"600\" height=\"450\" src=\"https:\/\/www.semitanker.com\/wp-content\/uploads\/2022\/12\/tire.jpg\" class=\"attachment-full size-full wp-image-2494\" alt=\"\" \/><\/div>\n\t\t<\/a>\n\t\t\t\t<div class=\"elementor-post__text\">\n\t\t\t\t<h3 class=\"elementor-post__title\">\n\t\t\t<a href=\"https:\/\/www.semitanker.com\/es\/guia\/neumaticos-para-remolques-a-granel-ejes\/\" >\n\t\t\t\tNeum\u00e1ticos y ejes para remolques a granel\t\t\t<\/a>\n\t\t<\/h3>\n\t\t\t\t<div class=\"elementor-post__meta-data\">\n\t\t\t\t\t<span class=\"elementor-post-date\">\n\t\t\t2022-12-20\t\t<\/span>\n\t\t\t\t<\/div>\n\t\t\t\t<div class=\"elementor-post__excerpt\">\n\t\t\t<p>Neum\u00e1ticos para remolques a granel Los neum\u00e1ticos para remolques a granel son neum\u00e1ticos de alta resistencia dise\u00f1ados espec\u00edficamente para su uso en remolques, incluidos remolques de barcos, remolques de caballos y remolques de carga. Estos neum\u00e1ticos<\/p>\n\t\t<\/div>\n\t\t\t\t<\/div>\n\t\t\t\t<\/article>\n\t\t\t\t<article class=\"elementor-post elementor-grid-item post-2421 post type-post status-publish format-standard has-post-thumbnail hentry category-guide tag-cement-tank-trailer\">\n\t\t\t\t<a class=\"elementor-post__thumbnail__link\" href=\"https:\/\/www.semitanker.com\/es\/guia\/que-es-el-remolque-de-cemento-y-como-comprarlo\/\" >\n\t\t\t<div class=\"elementor-post__thumbnail\"><img loading=\"lazy\" decoding=\"async\" width=\"800\" height=\"533\" src=\"https:\/\/www.semitanker.com\/wp-content\/uploads\/2021\/12\/7-3.jpg\" class=\"attachment-full size-full wp-image-1986\" alt=\"Cami\u00f3n de transporte de cemento de 40 toneladas semirremolque\" srcset=\"https:\/\/www.semitanker.com\/wp-content\/uploads\/2021\/12\/7-3.jpg 800w, https:\/\/www.semitanker.com\/wp-content\/uploads\/2021\/12\/7-3-300x200.jpg 300w, https:\/\/www.semitanker.com\/wp-content\/uploads\/2021\/12\/7-3-768x512.jpg 768w, https:\/\/www.semitanker.com\/wp-content\/uploads\/2021\/12\/7-3-600x400.jpg 600w\" sizes=\"(max-width: 800px) 100vw, 800px\" \/><\/div>\n\t\t<\/a>\n\t\t\t\t<div class=\"elementor-post__text\">\n\t\t\t\t<h3 class=\"elementor-post__title\">\n\t\t\t<a href=\"https:\/\/www.semitanker.com\/es\/guia\/que-es-el-remolque-de-cemento-y-como-comprarlo\/\" >\n\t\t\t\tQu\u00e9 es el remolque de cemento y c\u00f3mo comprar un remolque cisterna de cemento\t\t\t<\/a>\n\t\t<\/h3>\n\t\t\t\t<div class=\"elementor-post__meta-data\">\n\t\t\t\t\t<span class=\"elementor-post-date\">\n\t\t\t2022-07-19\t\t<\/span>\n\t\t\t\t<\/div>\n\t\t\t\t<div class=\"elementor-post__excerpt\">\n\t\t\t<p>Venta de remolques para cemento Un remolque para cemento es un veh\u00edculo capaz de transportar grandes cantidades de cemento desde el fabricante hasta la hormigonera.<\/p>\n\t\t<\/div>\n\t\t\t\t<\/div>\n\t\t\t\t<\/article>\n\t\t\t\t<article class=\"elementor-post elementor-grid-item post-2415 post type-post status-publish format-standard has-post-thumbnail hentry category-guide\">\n\t\t\t\t<a class=\"elementor-post__thumbnail__link\" href=\"https:\/\/www.semitanker.com\/es\/guia\/aplicacion-de-la-suspension-semirrigida-en-el-sistema-de-consolidacion\/\" >\n\t\t\t<div class=\"elementor-post__thumbnail\"><img loading=\"lazy\" decoding=\"async\" width=\"800\" height=\"533\" src=\"https:\/\/www.semitanker.com\/wp-content\/uploads\/2022\/06\/7-flatbed-sei-trailer.jpg\" class=\"attachment-full size-full wp-image-2294\" alt=\"semirremolque plano\" srcset=\"https:\/\/www.semitanker.com\/wp-content\/uploads\/2022\/06\/7-flatbed-sei-trailer.jpg 800w, https:\/\/www.semitanker.com\/wp-content\/uploads\/2022\/06\/7-flatbed-sei-trailer-300x200.jpg 300w, https:\/\/www.semitanker.com\/wp-content\/uploads\/2022\/06\/7-flatbed-sei-trailer-768x512.jpg 768w, https:\/\/www.semitanker.com\/wp-content\/uploads\/2022\/06\/7-flatbed-sei-trailer-600x400.jpg 600w\" sizes=\"(max-width: 800px) 100vw, 800px\" \/><\/div>\n\t\t<\/a>\n\t\t\t\t<div class=\"elementor-post__text\">\n\t\t\t\t<h3 class=\"elementor-post__title\">\n\t\t\t<a href=\"https:\/\/www.semitanker.com\/es\/guia\/aplicacion-de-la-suspension-semirrigida-en-el-sistema-de-consolidacion\/\" >\n\t\t\t\tAplicaci\u00f3n de la suspensi\u00f3n semirr\u00edgida en el sistema de consolidaci\u00f3n\t\t\t<\/a>\n\t\t<\/h3>\n\t\t\t\t<div class=\"elementor-post__meta-data\">\n\t\t\t\t\t<span class=\"elementor-post-date\">\n\t\t\t2022-07-14\t\t<\/span>\n\t\t\t\t<\/div>\n\t\t\t\t<div class=\"elementor-post__excerpt\">\n\t\t\t<p>1. Clasificaci\u00f3n de los sistemas de suspensi\u00f3n Los estereotipos existentes en el mercado se dividen en cuatro tipos de sistemas de suspensi\u00f3n en funci\u00f3n de las diferentes condiciones de circulaci\u00f3n por carretera: flexibles<\/p>\n\t\t<\/div>\n\t\t\t\t<\/div>\n\t\t\t\t<\/article>\n\t\t\t\t<article class=\"elementor-post elementor-grid-item post-2402 post type-post status-publish format-standard has-post-thumbnail hentry category-guide tag-fuel-tanker-trailer\">\n\t\t\t\t<a class=\"elementor-post__thumbnail__link\" href=\"https:\/\/www.semitanker.com\/es\/guia\/diseno-mejorado-del-remolque-cisterna-de-combustible-con-estructura-de-subchasis-dividida\/\" >\n\t\t\t<div class=\"elementor-post__thumbnail\"><img loading=\"lazy\" decoding=\"async\" width=\"800\" height=\"336\" src=\"https:\/\/www.semitanker.com\/wp-content\/uploads\/2022\/07\/1-Improved-design-of-fuel-tanker-trailer-with-split-subframe-structure.png\" class=\"attachment-full size-full wp-image-2409\" alt=\"1 Dise\u00f1o mejorado del remolque cisterna de combustible con estructura de subchasis dividida\" srcset=\"https:\/\/www.semitanker.com\/wp-content\/uploads\/2022\/07\/1-Improved-design-of-fuel-tanker-trailer-with-split-subframe-structure.png 800w, https:\/\/www.semitanker.com\/wp-content\/uploads\/2022\/07\/1-Improved-design-of-fuel-tanker-trailer-with-split-subframe-structure-600x252.png 600w\" sizes=\"(max-width: 800px) 100vw, 800px\" \/><\/div>\n\t\t<\/a>\n\t\t\t\t<div class=\"elementor-post__text\">\n\t\t\t\t<h3 class=\"elementor-post__title\">\n\t\t\t<a href=\"https:\/\/www.semitanker.com\/es\/guia\/diseno-mejorado-del-remolque-cisterna-de-combustible-con-estructura-de-subchasis-dividida\/\" >\n\t\t\t\tDise\u00f1o mejorado del remolque cisterna de combustible con estructura de subchasis dividida\t\t\t<\/a>\n\t\t<\/h3>\n\t\t\t\t<div class=\"elementor-post__meta-data\">\n\t\t\t\t\t<span class=\"elementor-post-date\">\n\t\t\t2022-07-12\t\t<\/span>\n\t\t\t\t<\/div>\n\t\t\t\t<div class=\"elementor-post__excerpt\">\n\t\t\t<p>Con el desarrollo de la econom\u00eda social, especialmente en el sector del transporte de petr\u00f3leo, los clientes ya no son tan sensibles a los costes como antes. Sin embargo, son cada vez m\u00e1s<\/p>\n\t\t<\/div>\n\t\t\t\t<\/div>\n\t\t\t\t<\/article>\n\t\t\t\t<article class=\"elementor-post elementor-grid-item post-2390 post type-post status-publish format-standard has-post-thumbnail hentry category-guide\">\n\t\t\t\t<a class=\"elementor-post__thumbnail__link\" href=\"https:\/\/www.semitanker.com\/es\/guia\/diseno-y-acabado-del-analisis-de-los-elementos-de-un-remolque-cisterna-de-cemento\/\" >\n\t\t\t<div class=\"elementor-post__thumbnail\"><img loading=\"lazy\" decoding=\"async\" width=\"800\" height=\"242\" src=\"https:\/\/www.semitanker.com\/wp-content\/uploads\/2022\/07\/4.jpg\" class=\"attachment-full size-full wp-image-2392\" alt=\"Dise\u00f1o y an\u00e1lisis por elementos finitos del cuerpo del tanque del remolque de cemento\" srcset=\"https:\/\/www.semitanker.com\/wp-content\/uploads\/2022\/07\/4.jpg 800w, https:\/\/www.semitanker.com\/wp-content\/uploads\/2022\/07\/4-600x182.jpg 600w\" sizes=\"(max-width: 800px) 100vw, 800px\" \/><\/div>\n\t\t<\/a>\n\t\t\t\t<div class=\"elementor-post__text\">\n\t\t\t\t<h3 class=\"elementor-post__title\">\n\t\t\t<a href=\"https:\/\/www.semitanker.com\/es\/guia\/diseno-y-acabado-del-analisis-de-los-elementos-de-un-remolque-cisterna-de-cemento\/\" >\n\t\t\t\tDise\u00f1o y an\u00e1lisis por elementos finitos del cuerpo del tanque del remolque de cemento\t\t\t<\/a>\n\t\t<\/h3>\n\t\t\t\t<div class=\"elementor-post__meta-data\">\n\t\t\t\t\t<span class=\"elementor-post-date\">\n\t\t\t2022-07-10\t\t<\/span>\n\t\t\t\t<\/div>\n\t\t\t\t<div class=\"elementor-post__excerpt\">\n\t\t\t<p>1. Dise\u00f1o de la estructura de la cisterna La cisterna del remolque de cemento consta de un cabezal delantero, un cabezal trasero y un empalme multiseccional de la cisterna. En la Figura 4, por ejemplo, el tanque de \"doble cubeta<\/p>\n\t\t<\/div>\n\t\t\t\t<\/div>\n\t\t\t\t<\/article>\n\t\t\t\t<\/div>\n\t\t\n\t\t\t\t<div class=\"e-load-more-anchor\" data-page=\"1\" data-max-page=\"6\" data-next-page=\"https:\/\/www.semitanker.com\/es\/wp-json\/wp\/v2\/pages\/2241\/page\/2\/\"><\/div>\n\t\t\t\t<nav class=\"elementor-pagination\" aria-label=\"Paginaci\u00f3n\">\n\t\t\t<span class=\"page-numbers prev\">\" Anterior<\/span>\n<span aria-current=\"page\" class=\"page-numbers current\"><span class=\"elementor-screen-only\">P\u00e1gina<\/span>1<\/span>\n<a class=\"page-numbers\" href=\"https:\/\/www.semitanker.com\/es\/wp-json\/wp\/v2\/pages\/2241\/page\/2\/\"><span class=\"elementor-screen-only\">P\u00e1gina<\/span>2<\/a>\n<a class=\"page-numbers\" href=\"https:\/\/www.semitanker.com\/es\/wp-json\/wp\/v2\/pages\/2241\/page\/3\/\"><span class=\"elementor-screen-only\">P\u00e1gina<\/span>3<\/a>\n<a class=\"page-numbers next\" href=\"https:\/\/www.semitanker.com\/es\/wp-json\/wp\/v2\/pages\/2241\/page\/2\/\">Siguiente \"<\/a>\t\t<\/nav>\n\t\t\t\t\t\t<\/div>\n\t\t\t\t<\/div>\n\t\t\t\t\t<\/div>\n\t\t<\/div>\n\t\t\t\t\t<\/div>\n\t\t<\/section>\n\t\t\t\t<\/div>","protected":false},"excerpt":{"rendered":"<p>Viajes en Vuelo y Exploraci\u00f3n del Mundo<\/p>","protected":false},"author":1,"featured_media":0,"parent":0,"menu_order":0,"comment_status":"closed","ping_status":"closed","template":"","meta":{"_seopress_robots_primary_cat":"","_seopress_titles_title":"","_seopress_titles_desc":"","_seopress_robots_index":"","_kad_post_transparent":"","_kad_post_title":"","_kad_post_layout":"","_kad_post_sidebar_id":"","_kad_post_content_style":"","_kad_post_vertical_padding":"","_kad_post_feature":"","_kad_post_feature_position":"","_kad_post_header":false,"_kad_post_footer":false,"footnotes":""},"class_list":["post-2241","page","type-page","status-publish","hentry"],"_links":{"self":[{"href":"https:\/\/www.semitanker.com\/es\/wp-json\/wp\/v2\/pages\/2241","targetHints":{"allow":["GET"]}}],"collection":[{"href":"https:\/\/www.semitanker.com\/es\/wp-json\/wp\/v2\/pages"}],"about":[{"href":"https:\/\/www.semitanker.com\/es\/wp-json\/wp\/v2\/types\/page"}],"author":[{"embeddable":true,"href":"https:\/\/www.semitanker.com\/es\/wp-json\/wp\/v2\/users\/1"}],"replies":[{"embeddable":true,"href":"https:\/\/www.semitanker.com\/es\/wp-json\/wp\/v2\/comments?post=2241"}],"version-history":[{"count":0,"href":"https:\/\/www.semitanker.com\/es\/wp-json\/wp\/v2\/pages\/2241\/revisions"}],"wp:attachment":[{"href":"https:\/\/www.semitanker.com\/es\/wp-json\/wp\/v2\/media?parent=2241"}],"curies":[{"name":"wp","href":"https:\/\/api.w.org\/{rel}","templated":true}]}}