{"id":1886,"date":"2022-05-07T14:25:09","date_gmt":"2022-05-07T06:25:09","guid":{"rendered":"https:\/\/semitanker.com\/?post_type=product&#038;p=1886"},"modified":"2023-04-07T21:43:17","modified_gmt":"2023-04-07T13:43:17","slug":"40-ton-aluminum-cement-trailer","status":"publish","type":"product","link":"https:\/\/www.semitanker.com\/es\/producto\/remolque-de-aluminio-cemento-de-40-toneladas\/","title":{"rendered":"Remolque de aluminio para cemento de 40 toneladas"},"content":{"rendered":"<h2>\u00bfQu\u00e9 es el bulker de cemento de aluminio?<\/h2>\n<p>El bulker de aluminio para cemento se utiliza para transportar cemento, cal y cualquier otro material en polvo a granel. Ofrecemos este remolque con electricidad y tenemos flexibilidad en la especificaci\u00f3n t\u00e9cnica del bulker de cemento de aluminio. PANDA MECH puede ofrecer precios competitivos y la m\u00e1s alta calidad del remolque de aluminio para cemento.<\/p>\n<p>&nbsp;<\/p>\n<h2>Remolque de aluminio para cemento de 40 toneladas imagen<\/h2>\n<p style=\"text-align: center;\"><img decoding=\"async\" src=\"\/uploads\/products\/Aluminum-cement-trailer\/7.jpg\" alt=\"Remolque de aluminio para cemento a granel de 40 toneladas\" \/><\/p>\n<p style=\"text-align: center;\"><img decoding=\"async\" src=\"\/uploads\/products\/Aluminum-cement-trailer\/8.jpg\" alt=\"Remolque de aluminio para cemento de 40 toneladas\" \/><\/p>\n<p>&nbsp;<\/p>\n<h2>Especificaci\u00f3n del bulker de cemento de aluminio de 40 toneladas<\/h2>\n<p>Esta es la especificaci\u00f3n del bulker de aluminio para cemento. Suministramos 28-120 toneladas de camiones de cemento de aluminio para la venta.<\/p>\n<table style=\"margin: 0 auto;\" border=\"1\" width=\"800\" cellspacing=\"1\" cellpadding=\"1\">\n<tbody>\n<tr>\n<td width=\"165\" height=\"38\">\u00a0Marca<\/td>\n<td width=\"532\">\u00a0Remolque de aluminio para cemento Panda Mech<\/td>\n<\/tr>\n<tr>\n<td width=\"165\" height=\"38\">\u00a0Longitud<\/td>\n<td width=\"532\">\u00a09,5-12,5 metros<\/td>\n<\/tr>\n<tr>\n<td width=\"165\" height=\"38\">\u00a0Capacidad<\/td>\n<td width=\"532\">\u00a028-120 toneladas<\/td>\n<\/tr>\n<tr>\n<td width=\"165\" height=\"38\">\u00a0Peso<\/td>\n<td width=\"532\">\u00a04,5 toneladas<\/td>\n<\/tr>\n<tr>\n<td width=\"165\" height=\"55\">\u00a0Dimensiones<\/td>\n<td width=\"532\">\u00a09500*2500*4000mm<\/td>\n<\/tr>\n<tr>\n<td width=\"165\" height=\"37\">\u00a0Material de la carrocer\u00eda del cami\u00f3n cisterna<\/td>\n<td width=\"532\">\u00a0Aluminio<\/td>\n<\/tr>\n<tr>\n<td width=\"165\" height=\"38\">\u00a0Motor diesel<\/td>\n<td width=\"532\">\u00a0Marca WEICHAI 4100\/4102<\/td>\n<\/tr>\n<tr>\n<td width=\"165\" height=\"38\">\u00a0Compresor<\/td>\n<td width=\"532\">\u00a0BOHAI, FUDA 10m3\/12 m3u otras marcas<\/td>\n<\/tr>\n<tr>\n<td width=\"165\" height=\"38\">\u00a0Tapa de alcantarilla<\/td>\n<td width=\"532\">\u00a0Acero al carbono o aluminio 500mm(Di\u00e1metro)<\/td>\n<\/tr>\n<tr>\n<td width=\"165\" height=\"55\">\u00a0V\u00e1lvula de descarga<\/td>\n<td width=\"532\">\u00a0El di\u00e1metro es de 3 o 4 pulgadas<\/td>\n<\/tr>\n<tr>\n<td width=\"165\" height=\"38\">\u00a0Vigas principales<\/td>\n<td width=\"532\">\u00a0Dise\u00f1o soldado, acero de alta resistencia<\/td>\n<\/tr>\n<tr>\n<td width=\"165\" height=\"55\">\u00a0Eje<\/td>\n<td width=\"532\">\u00a013T\/16\/20T marca BPW o FUWA<\/td>\n<\/tr>\n<tr>\n<td width=\"165\" height=\"38\">\u00a0Tren de aterrizaje<\/td>\n<td width=\"532\">\u00a0Marca JOST de dos velocidades, de funcionamiento manual para trabajos pesados de 28 toneladas<\/td>\n<\/tr>\n<tr>\n<td width=\"165\" height=\"38\">\u00a0Suspensi\u00f3n<\/td>\n<td width=\"532\">\u00a0Suspensi\u00f3n de bogie, suspensi\u00f3n de muelle, suspensi\u00f3n neum\u00e1tica<\/td>\n<\/tr>\n<tr>\n<td width=\"165\" height=\"38\">\u00a0Sistema de frenado<\/td>\n<td width=\"532\">\u00a0V\u00e1lvula WABCO con c\u00e1mara grande<\/td>\n<\/tr>\n<tr>\n<td width=\"165\" height=\"37\">\u00a0Neum\u00e1ticos<\/td>\n<td width=\"532\">\u00a011.00R20, 12.00R20,12R22.5, 385\/65R22.5 marca Triangle\/Hankook\/ Bridgestone<\/td>\n<\/tr>\n<\/tbody>\n<\/table>\n<p>&nbsp;<\/p>\n<h2>Ventajas del remolque de aluminio para cemento<\/h2>\n<p>1. El mejor acero crudo: El cuerpo del tanque y la construcci\u00f3n hecha de YP \u2265 620 acero de alta resistencia, aseguran una mayor vida \u00fatil del gestor y un menor peso de tara.<\/p>\n<p>2. Excelente rendimiento\uff1aEl dise\u00f1o \u00fanico asegura una velocidad de descarga \uff1e 1,3t\/min, 15m de distancia de descarga vertical.<\/p>\n<p>3. Soldadura de calidad:  Un buen acero con una soldadura de calidad soporta una garant\u00eda m\u00e1s larga para un remolque de cemento de aluminio.<\/p>\n<p>4. Pintura duradera: todo el veh\u00edculo se somete a un proceso de granallado para limpiar la base de la pintura, el doble de la imprimaci\u00f3n ayuda a alargar la vida de la pintura.<\/p>\n<p>5. Dise\u00f1o: dibujo en 3D con Ansys y Hypermesh Analyze soporte de dise\u00f1o razonable.<\/p>\n<p>&nbsp;<\/p>\n<h2>\u00bfPor qu\u00e9 elegir Panda?<\/h2>\n<p>Panda ofrece m\u00e1s de 100 productos de remolques de cemento. Aproximadamente 95% de estos son equipos industriales generales.<\/p>\n<p>Una amplia variedad de opciones de bulker de cemento est\u00e1 disponibles para usted, como por ejemplo muestras pagadas.<\/p>\n<p>El proveedor de remolques cisterna para cemento ha exportado a m\u00e1s de 60 pa\u00edses,<\/p>\n<p>Los remolques de cemento a granel son m\u00e1s populares en el Sudeste Asi\u00e1tico, \u00c1frica y Am\u00e9rica del Sur. Puede pasar el certificado ISO9001 para garantizar la calidad del remolque neum\u00e1tico.<\/p>\n<p>&nbsp;<\/p>\n<h2>Transporte mar\u00edtimo de cemento a granel<\/h2>\n<p>Pediremos el carguero por adelantado antes de que se complete la producci\u00f3n, y realizaremos una inspecci\u00f3n despu\u00e9s de que se complete la producci\u00f3n. El remolque inspeccionado se enviar\u00e1 a usted de acuerdo con el \u00faltimo tiempo de env\u00edo.<\/p>\n<p>Para evitar que la pintura del remolque de transporte de arena para cemento se corroa por el agua de mar, rociaremos una capa de cera en la superficie del remolque de transporte de cemento antes del transporte.<\/p>\n<p>Envolveremos todos los motores di\u00e9sel del tbulker de cemento con tela de lluvia.<\/p>\n<p style=\"text-align: center;\"><img decoding=\"async\" style=\"width: 649px; height: 768px;\" src=\"\/uploads\/other\/cement-sea-transport.jpg\" alt=\"Transporte mar\u00edtimo del remolque de cemento de aluminio\" \/><\/p>\n<p>&nbsp;<\/p>\n<h2>Se vende un buque cementero de aluminio<\/h2>\n<p>Panda Mech es un fabricante de camiones de aluminio para cemento de China. Suministramos 28-120 toneladas de camiones de cemento para la venta. Podemos personalizar seg\u00fan sus necesidades. Los fabricantes de Panda Mech han tenido \u00e9xito en el sudeste de Asia, Oriente Medio, \u00c1frica y Am\u00e9rica del Sur, como Filipinas, Tanzania, etc....\u00a0<strong><u><a href=\"https:\/\/www.semitanker.com\/es\/sobre\/\"><span style=\"color: #0000cd;\">M\u00e1s informaci\u00f3n sobre PANDA<\/span><\/a><\/u><\/strong><a href=\"https:\/\/www.semitanker.com\/es\/sobre\/\"><strong><span style=\"color: #0000cd;\"><u>&#8230;<\/u><\/span><\/strong><\/a><\/p>\n<p style=\"text-align: center;\"><a href=\"https:\/\/www.semitanker.com\/es\/contactar-con\/\"><img decoding=\"async\" style=\"width: 864px; height: 213px;\" src=\"\/uploads\/otros\/im\u00e1genes-de-venta.jpg\" alt=\"venta de camiones de cemento de aluminio\" \/><\/a><\/p>","protected":false},"excerpt":{"rendered":"<p>\u00bfQu\u00e9 es un cami\u00f3n hormigonera de aluminio? El cami\u00f3n cementero de aluminio se utiliza para transportar cemento, cal y otros materiales en polvo a granel. Ofrecemos este remolque con electricidad y tenemos flexibilidad en la especificaci\u00f3n t\u00e9cnica del bulker de cemento de aluminio. PANDA MECH puede ofrecer precios competitivos y la m\u00e1s alta calidad en remolques de aluminio para cemento.   40 Ton...<\/p>","protected":false},"featured_media":2022,"comment_status":"open","ping_status":"closed","template":"","meta":{"_seopress_robots_primary_cat":"none","_seopress_titles_title":"","_seopress_titles_desc":"","_seopress_robots_index":"","_kad_post_transparent":"","_kad_post_title":"","_kad_post_layout":"","_kad_post_sidebar_id":"","_kad_post_content_style":"","_kad_post_vertical_padding":"","_kad_post_feature":"","_kad_post_feature_position":"","_kad_post_header":false,"_kad_post_footer":false},"product_brand":[],"product_cat":[154],"product_tag":[],"class_list":{"0":"post-1886","1":"product","2":"type-product","3":"status-publish","4":"has-post-thumbnail","6":"product_cat-cement-transport-trailer","8":"first","9":"instock","10":"shipping-taxable","11":"product-type-simple","12":"entry","13":"content-bg","14":"loop-entry"},"_links":{"self":[{"href":"https:\/\/www.semitanker.com\/es\/wp-json\/wp\/v2\/product\/1886","targetHints":{"allow":["GET"]}}],"collection":[{"href":"https:\/\/www.semitanker.com\/es\/wp-json\/wp\/v2\/product"}],"about":[{"href":"https:\/\/www.semitanker.com\/es\/wp-json\/wp\/v2\/types\/product"}],"replies":[{"embeddable":true,"href":"https:\/\/www.semitanker.com\/es\/wp-json\/wp\/v2\/comments?post=1886"}],"wp:featuredmedia":[{"embeddable":true,"href":"https:\/\/www.semitanker.com\/es\/wp-json\/wp\/v2\/media\/2022"}],"wp:attachment":[{"href":"https:\/\/www.semitanker.com\/es\/wp-json\/wp\/v2\/media?parent=1886"}],"wp:term":[{"taxonomy":"product_brand","embeddable":true,"href":"https:\/\/www.semitanker.com\/es\/wp-json\/wp\/v2\/product_brand?post=1886"},{"taxonomy":"product_cat","embeddable":true,"href":"https:\/\/www.semitanker.com\/es\/wp-json\/wp\/v2\/product_cat?post=1886"},{"taxonomy":"product_tag","embeddable":true,"href":"https:\/\/www.semitanker.com\/es\/wp-json\/wp\/v2\/product_tag?post=1886"}],"curies":[{"name":"wp","href":"https:\/\/api.w.org\/{rel}","templated":true}]}}