{"id":1887,"date":"2022-05-09T14:28:16","date_gmt":"2022-05-09T06:28:16","guid":{"rendered":"https:\/\/semitanker.com\/?post_type=product&#038;p=1887"},"modified":"2023-03-19T18:27:24","modified_gmt":"2023-03-19T10:27:24","slug":"4-axle-60-ton-cement-tanker","status":"publish","type":"product","link":"https:\/\/www.semitanker.com\/es\/producto\/4-axle-60-ton-cement-tanker\/","title":{"rendered":"Cisterna de cemento de 4 ejes y 60 toneladas"},"content":{"rendered":"<h2>\u00bfQu\u00e9 es el remolque cisterna de cemento?<\/h2>\n<p>Remolque cisterna de cemento como conocido como bulker de cemento, remolque de cemento. Remolque cisterna de cemento utilizado para el transporte de cemento, cal, arena y tipos de di\u00e1metro \u2264 0,1 mm materiales a granel de polvo, la funci\u00f3n m\u00e1s grande del tanque de polvo es ser utilizado para el transporte a granel.<\/p>\n<p>&nbsp;<\/p>\n<h2>Im\u00e1genes del remolque cisterna de cemento de 4 ejes<\/h2>\n<p style=\"text-align: center;\"><img decoding=\"async\" style=\"width: 800px; height: 533px;\" src=\"\/uploads\/products\/4axle-60ton-cement-trailer\/8.jpg\" alt=\"Remolque de cemento de 4 ejes\" \/><\/p>\n<p style=\"text-align: center;\"><img decoding=\"async\" style=\"width: 800px; height: 533px;\" src=\"\/uploads\/products\/4axle-60ton-cement-trailer\/6.jpg\" alt=\"Cisterna de cemento de 4 ejes\" \/><\/p>\n<p style=\"text-align: center;\"><img decoding=\"async\" style=\"width: 800px; height: 533px;\" src=\"\/uploads\/products\/4axle-60ton-cement-trailer\/7.jpg\" alt=\"Remolque de cemento de 4 ejes de 60 toneladas\" \/><\/p>\n<p>&nbsp;<\/p>\n<h2>V\u00eddeo del remolque cisterna de cemento de 4 ejes y 60 toneladas<\/h2>\n<p style=\"text-align: center;\"><iframe title=\"Reproductor de v\u00eddeo de YouTube\" src=\"https:\/\/www.youtube.com\/embed\/w8xQVfm1s54\" width=\"800\" height=\"533\" frameborder=\"0\" scrolling=\"no\" allowfullscreen=\"allowfullscreen\"><\/iframe><\/p>\n<p>&nbsp;<\/p>\n<h2>Especificaciones del remolque cisterna de cemento de 4 ejes y 60 toneladas<\/h2>\n<table style=\"border-spacing: 0px; margin: 0px auto; color: #454545; font-family: Arial, Helvetica, sans-serif; font-size: 14px;\" border=\"1\" width=\"800\" cellspacing=\"1\" cellpadding=\"1\">\n<tbody style=\"box-sizing: border-box; margin: 0px; padding: 0px; border: 0px;\">\n<tr style=\"box-sizing: border-box;\">\n<td style=\"box-sizing: border-box; padding: 0px;\" width=\"221\" height=\"37\">\u00a0Marca<\/td>\n<td style=\"box-sizing: border-box; padding: 0px;\" width=\"475\">\u00a0Remolque cisterna de cemento Panda Mech de 4 ejes y 60 toneladas<\/td>\n<\/tr>\n<tr style=\"box-sizing: border-box;\">\n<td style=\"box-sizing: border-box; padding: 0px;\" width=\"221\" height=\"37\">\u00a0Dimensiones del remolque cisterna de cemento<\/td>\n<td style=\"box-sizing: border-box; padding: 0px;\" width=\"475\">\u00a012500x2500x4000mm (length*width*hieght)<\/td>\n<\/tr>\n<tr style=\"box-sizing: border-box;\">\n<td style=\"box-sizing: border-box; padding: 0px;\" width=\"221\" height=\"37\">\u00a0Capacidad del remolque cisterna de cemento<\/td>\n<td style=\"box-sizing: border-box; padding: 0px;\" width=\"475\">\u00a045 metros c\u00fabicos, 55 toneladas.<\/td>\n<\/tr>\n<tr style=\"box-sizing: border-box;\">\n<td style=\"box-sizing: border-box; padding: 0px;\" width=\"221\" height=\"37\">\u00a0Motor<\/td>\n<td style=\"box-sizing: border-box; padding: 0px;\" width=\"475\">\u00a0Weichai-Huafeng 4102,47kw<\/td>\n<\/tr>\n<tr style=\"box-sizing: border-box;\">\n<td style=\"box-sizing: border-box; padding: 0px;\" width=\"221\" height=\"37\">\u00a0Peso del remolque de la cisterna de cemento<\/td>\n<td style=\"box-sizing: border-box; padding: 0px;\" width=\"475\">\u00a010 toneladas (tara)<\/td>\n<\/tr>\n<tr style=\"box-sizing: border-box;\">\n<td style=\"box-sizing: border-box; padding: 0px;\" width=\"221\" height=\"37\">\u00a0Tapa de alcantarilla<\/td>\n<td style=\"box-sizing: border-box; padding: 0px;\" width=\"475\">\u00a0De 2 a 4 juegos de 500 mm de di\u00e1metro<\/td>\n<\/tr>\n<tr style=\"box-sizing: border-box;\">\n<td style=\"box-sizing: border-box; padding: 0px;\" width=\"221\" height=\"37\">\u00a0V\u00e1lvula de descarga<\/td>\n<td style=\"box-sizing: border-box; padding: 0px;\" width=\"475\">\u00a0V\u00e1lvula de disco de 4\u2033.<\/td>\n<\/tr>\n<tr style=\"box-sizing: border-box;\">\n<td style=\"box-sizing: border-box; padding: 0px;\" width=\"221\" height=\"37\">\u00a0Material de la carrocer\u00eda\/chasis<\/td>\n<td style=\"box-sizing: border-box; padding: 0px;\" width=\"475\">\u00a0Acero de alta resistencia de 5 mm o 6 mm<\/td>\n<\/tr>\n<tr style=\"box-sizing: border-box;\">\n<td style=\"box-sizing: border-box; padding: 0px;\" width=\"221\" height=\"37\">\u00a0Tanques de almacenamiento<\/td>\n<td style=\"box-sizing: border-box; padding: 0px;\" width=\"475\">\u00a0Acero de alta resistencia Q345<\/td>\n<\/tr>\n<tr style=\"box-sizing: border-box;\">\n<td style=\"box-sizing: border-box; padding: 0px;\" width=\"221\" height=\"37\">\u00a0Tren de aterrizaje<\/td>\n<td style=\"box-sizing: border-box; padding: 0px;\" width=\"475\">\u00a0Marca Yahua, 28Ton, dos velocidades, funcionamiento manual<\/td>\n<\/tr>\n<tr style=\"box-sizing: border-box;\">\n<td style=\"box-sizing: border-box; padding: 0px;\" width=\"221\" height=\"37\">\u00a0Suspensi\u00f3n<\/td>\n<td style=\"box-sizing: border-box; padding: 0px;\" width=\"475\">\u00a0Suspensi\u00f3n mec\u00e1nica o neum\u00e1tica<\/td>\n<\/tr>\n<tr style=\"box-sizing: border-box;\">\n<td style=\"box-sizing: border-box; padding: 0px;\" width=\"221\" height=\"37\">\u00a0Sistema de frenos<\/td>\n<td style=\"box-sizing: border-box; padding: 0px;\" width=\"475\">\u00a0V\u00e1lvula de emergencia WABCO<\/td>\n<\/tr>\n<tr style=\"box-sizing: border-box;\">\n<td style=\"box-sizing: border-box; padding: 0px;\" width=\"221\" height=\"37\">\u00a0Eje<\/td>\n<td style=\"box-sizing: border-box; padding: 0px;\" width=\"475\">\u00a04 ejes<\/td>\n<\/tr>\n<tr style=\"box-sizing: border-box;\">\n<td style=\"box-sizing: border-box; padding: 0px;\" width=\"221\" height=\"37\">\u00a0Neum\u00e1ticos<\/td>\n<td style=\"box-sizing: border-box; padding: 0px;\" width=\"475\">\u00a012R22.5 (opcional: 385\/65R22.5, 13R22.5, 12.00R24, 315\/80R22.5)<\/td>\n<\/tr>\n<tr style=\"box-sizing: border-box;\">\n<td style=\"box-sizing: border-box; padding: 0px;\" width=\"221\" height=\"37\">\u00a0El rey Pin<\/td>\n<td style=\"box-sizing: border-box; padding: 0px;\" width=\"475\">\u00a0Tipo desmontable JOST 2\u2033 o 3,5<\/td>\n<\/tr>\n<\/tbody>\n<\/table>\n<p>&nbsp;<\/p>\n<h2>Ventajas \u00fanicas del remolque cisterna para cemento PANDA<\/h2>\n<p>1. El mejor acero crudo: El cuerpo y la construcci\u00f3n de los tanques de almacenamiento de cemento a granel hechos de acero de alta resistencia YP \u2265 620, garantizan una mayor vida \u00fatil del gestor y un menor peso de la tara.<\/p>\n<p>2. Excelente rendimiento\uff1aEl dise\u00f1o \u00fanico asegura una velocidad de descarga \uff1e 1,3t\/min, 15m de distancia de descarga vertical.<\/p>\n<p>3. Soldadura de calidad:  El buen acero con la calidad de la soldadura soporta una garant\u00eda m\u00e1s larga para los remolques de cemento a granel.<\/p>\n<p>4. Pintura duradera: todo el veh\u00edculo se somete a un proceso de granallado para limpiar la base de la pintura, el doble de la imprimaci\u00f3n ayuda a alargar la vida de la pintura.<\/p>\n<p>5. Dise\u00f1o del cami\u00f3n de cemento: dibujo en 3D con Ansys e Hypermesh Analizar el apoyo al dise\u00f1o razonable.<\/p>\n<p>&nbsp;<\/p>\n<h2>Transporte mar\u00edtimo del remolque cisterna de cemento<\/h2>\n<p>Pediremos el carguero por adelantado antes de que se complete la producci\u00f3n, y realizaremos una inspecci\u00f3n despu\u00e9s de que se complete la producci\u00f3n. El remolque inspeccionado se enviar\u00e1 a usted de acuerdo con el \u00faltimo tiempo de env\u00edo.<\/p>\n<p>Para evitar que la pintura del remolque de transporte de cemento y arena se corroa por el agua de mar, rociaremos una capa de cera en la superficie del remolque cisterna de cemento antes del transporte.<\/p>\n<p>Envolveremos todos los motores diesel del remolque cisterna de cemento con tela de lluvia.<\/p>\n<p style=\"text-align: center;\"><img decoding=\"async\" src=\"https:\/\/www.pandatrailer.com\/uploads\/allimg\/210416\/1526395493-4.jpg\" alt=\"Transporte mar\u00edtimo del remolque cisterna de cemento\" \/><\/p>\n<p>&nbsp;<\/p>\n<h2>\u00bfPor qu\u00e9 elegir Panda?<\/h2>\n<p>Panda ofrece m\u00e1s de 100 productos de Remolques para cemento. Aproximadamente 95% de estos son equipos industriales generales.<\/p>\n<p>Una amplia variedad de opciones de remolque cisterna de cemento est\u00e1 disponibles para usted, como por ejemplo muestras pagadas.<\/p>\n<p>El proveedor de remolques cisterna para cemento ha exportado a m\u00e1s de 60 pa\u00edses,<\/p>\n<p>Los semirremolques cisterna de cemento son m\u00e1s populares en el Sudeste Asi\u00e1tico, \u00c1frica y Am\u00e9rica del Sur. Puede pasar el certificado ISO9001 para garantizar la calidad del cami\u00f3n cisterna de cemento.<\/p>\n<p>&nbsp;<\/p>\n<h2>Venta de remolques cisterna de cemento Panda<\/h2>\n<p>Panda Mechanical Co., Ltd aprobado por el ministerio de industria y tecnolog\u00eda de la informaci\u00f3n de China para producir tipos de un semirremolque y veh\u00edculos comerciales. Suministramos remolques cisterna de cemento de 25-120 toneladas para la venta.<\/p>\n<p>Panda tiene m\u00e1quinas de fabricaci\u00f3n de primera clase y tipos de equipos de prueba, introduce la tecnolog\u00eda avanzada internacional, y las investigaciones con la fabricaci\u00f3n de camiones famosos para mejorar la fuerza del dise\u00f1o. Cada veh\u00edculo producido por los trabajadores h\u00e1biles y experimentados, pasar 120 inspecciones de control de calidad art\u00edculo, el suministro de productos perfectos para el mundo.\u00a0<u><strong><a href=\"https:\/\/www.semitanker.com\/es\/sobre\/\"><span style=\"color: #0000cd;\">M\u00e1s...<\/span><\/a><\/strong><\/u><\/p>\n<p style=\"text-align: center;\"><a href=\"https:\/\/www.semitanker.com\/es\/contactar-con\/\"><img decoding=\"async\" src=\"https:\/\/www.pandatrailer.com\/uploads\/other\/sale-images.jpg\" alt=\"venta de remolques cisterna de cemento\" \/><\/a><\/p>","protected":false},"excerpt":{"rendered":"<p>\u00bfQu\u00e9 es un remolque cisterna para cemento? Remolque cisterna de cemento como conocido como bulker de cemento, remolque de cemento. Remolque cisterna de cemento utilizado para el transporte de cemento, cal, arena, y tipos de di\u00e1metro \u2264 0,1 mm de materiales en polvo a granel, la mayor funci\u00f3n del tanque de polvo es ser utilizado para el transporte a granel.   Remolque cisterna de cemento de 4 ejes im\u00e1genes...<\/p>","protected":false},"featured_media":2015,"comment_status":"open","ping_status":"closed","template":"","meta":{"_seopress_robots_primary_cat":"none","_seopress_titles_title":"","_seopress_titles_desc":"","_seopress_robots_index":"","_kad_post_transparent":"","_kad_post_title":"","_kad_post_layout":"","_kad_post_sidebar_id":"","_kad_post_content_style":"","_kad_post_vertical_padding":"","_kad_post_feature":"","_kad_post_feature_position":"","_kad_post_header":false,"_kad_post_footer":false},"product_brand":[],"product_cat":[154],"product_tag":[],"class_list":{"0":"post-1887","1":"product","2":"type-product","3":"status-publish","4":"has-post-thumbnail","6":"product_cat-cement-transport-trailer","8":"first","9":"instock","10":"shipping-taxable","11":"product-type-simple","12":"entry","13":"content-bg","14":"loop-entry"},"_links":{"self":[{"href":"https:\/\/www.semitanker.com\/es\/wp-json\/wp\/v2\/product\/1887","targetHints":{"allow":["GET"]}}],"collection":[{"href":"https:\/\/www.semitanker.com\/es\/wp-json\/wp\/v2\/product"}],"about":[{"href":"https:\/\/www.semitanker.com\/es\/wp-json\/wp\/v2\/types\/product"}],"replies":[{"embeddable":true,"href":"https:\/\/www.semitanker.com\/es\/wp-json\/wp\/v2\/comments?post=1887"}],"wp:featuredmedia":[{"embeddable":true,"href":"https:\/\/www.semitanker.com\/es\/wp-json\/wp\/v2\/media\/2015"}],"wp:attachment":[{"href":"https:\/\/www.semitanker.com\/es\/wp-json\/wp\/v2\/media?parent=1887"}],"wp:term":[{"taxonomy":"product_brand","embeddable":true,"href":"https:\/\/www.semitanker.com\/es\/wp-json\/wp\/v2\/product_brand?post=1887"},{"taxonomy":"product_cat","embeddable":true,"href":"https:\/\/www.semitanker.com\/es\/wp-json\/wp\/v2\/product_cat?post=1887"},{"taxonomy":"product_tag","embeddable":true,"href":"https:\/\/www.semitanker.com\/es\/wp-json\/wp\/v2\/product_tag?post=1887"}],"curies":[{"name":"wp","href":"https:\/\/api.w.org\/{rel}","templated":true}]}}