{"id":1888,"date":"2022-05-21T14:30:10","date_gmt":"2022-05-21T06:30:10","guid":{"rendered":"https:\/\/semitanker.com\/?post_type=product&#038;p=1888"},"modified":"2026-01-24T02:23:27","modified_gmt":"2026-01-23T18:23:27","slug":"50-ton-cement-bulk-trailer-sale","status":"publish","type":"product","link":"https:\/\/www.semitanker.com\/es\/producto\/venta-de-camiones-de-cemento-de-50-toneladas\/","title":{"rendered":"Venta de remolques de cemento a granel de 50 toneladas"},"content":{"rendered":"<p>El remolque para cemento est\u00e1 compuesto por un sistema de funcionamiento, un tanque de carga, un sistema de aire y un sistema de descarga. Es adecuado para el transporte a granel de materiales de polvo seco (di\u00e1metro \u2264 0,1 mm), como cenizas volantes, cemento, polvo de cal, polvo de mineral, \u00e1lcali granular, etc.<\/p>\n<p>&nbsp;<\/p>\n<h2>Im\u00e1genes comunes de remolques de cemento de 50 toneladas<\/h2>\n<p style=\"text-align: center;\"><img decoding=\"async\" src=\"\/cargas\/productos\/50tono-azul\/7.jpg\" alt=\"capacidad del remolque de cemento a granel\" \/><\/p>\n<p style=\"text-align: center;\">venta de camiones cisterna de cemento a granel<\/p>\n<p style=\"text-align: center;\"><img decoding=\"async\" src=\"\/cargas\/productos\/50 toneladas-azul\/8.jpg\" alt=\"precio del remolque cisterna de cemento\" \/><\/p>\n<p style=\"text-align: center;\">cemento <strong><u><a href=\"\/es\/Products\/\"><span style=\"color: #000080;\">cami\u00f3n de carga<\/span><\/a><\/u><\/strong> remolque en venta<\/p>\n<p style=\"text-align: center;\"><img decoding=\"async\" src=\"\/cargas\/productos\/50 toneladas-azul\/9.jpg\" alt=\"venta de remolques de cemento a granel\" \/><\/p>\n<p style=\"text-align: center;\">neum\u00e1tico <u><a href=\"\/es\/pneumatic-trailer\/25-35-ton\/25-ton-bulk-cement-tanker.html\/\"><span style=\"color: #0000cd;\">remolque de cemento a granel<\/span><\/a><\/u><\/p>\n<p>&nbsp;<\/p>\n<h2>El dibujo del remolque de cemento<\/h2>\n<p style=\"text-align: center;\"><img decoding=\"async\" src=\"\/uploads\/products\/50ton-blue\/\/drawing.jpg\" alt=\"dibujo del remolque de cemento\" \/><\/p>\n<p>&nbsp;<\/p>\n<h2>V\u00eddeo - Entender los detalles de los botes de polvo<\/h2>\n<p style=\"text-align: center;\"><iframe title=\"Reproductor de v\u00eddeo de YouTube\" src=\"https:\/\/www.youtube.com\/embed\/WKV9Z7bKZ8o\" width=\"800\" height=\"533\" frameborder=\"0\" allowfullscreen=\"allowfullscreen\"><\/iframe><\/p>\n<h2>La especificaci\u00f3n del remolque de cemento a granel de 50 toneladas<\/h2>\n<table style=\"margin: 0 auto;\" border=\"1\" width=\"800\" cellspacing=\"1\" cellpadding=\"1\">\n<tbody>\n<tr>\n<td width=\"221\" height=\"40\">\u00a0Marca<\/td>\n<td width=\"515\">\u00a0PANDA Mech 50 toneladas tipo V remolque cisterna de cemento a granel<\/td>\n<\/tr>\n<tr>\n<td width=\"221\" height=\"40\">\u00a0Volumen<\/td>\n<td width=\"515\">\u00a040 cum<\/td>\n<\/tr>\n<tr>\n<td width=\"221\" height=\"40\">\u00a0Capacidad del remolque cisterna de cemento<\/td>\n<td width=\"515\">\u00a050 toneladas<\/td>\n<\/tr>\n<tr>\n<td width=\"221\" height=\"40\">\u00a0Motor<\/td>\n<td width=\"515\">\u00a0WeiCai Deutz diesel moto<\/td>\n<\/tr>\n<tr>\n<td width=\"221\" height=\"40\">\u00a0Compresor<\/td>\n<td width=\"515\">\u00a0SK 12m3<\/td>\n<\/tr>\n<tr>\n<td width=\"221\" height=\"40\">\u00a0Tapa de alcantarilla<\/td>\n<td width=\"515\">\u00a0De 2 a 4 juegos de 500 mm de di\u00e1metro<\/td>\n<\/tr>\n<tr>\n<td width=\"221\" height=\"40\">\u00a0V\u00e1lvula de descarga<\/td>\n<td width=\"515\">\u00a0V\u00e1lvula de disco de 4\u2033.<\/td>\n<\/tr>\n<tr>\n<td width=\"221\" height=\"40\">\u00a0Dimensi\u00f3n del remolque de cemento a granel<\/td>\n<td>\u00a011000*2500*3950 mm<\/td>\n<\/tr>\n<tr>\n<td width=\"221\" height=\"40\">\u00a0Material del tanque<\/td>\n<td width=\"515\">\u00a0Acero de alta resistencia de 5 mm o 6 mm<\/td>\n<\/tr>\n<tr>\n<td width=\"221\" height=\"40\">\u00a0Estructura<\/td>\n<td width=\"515\">\u00a0Acero Q345 de gran rectitud<\/td>\n<\/tr>\n<tr>\n<td width=\"221\" height=\"40\">\u00a0Tren de aterrizaje<\/td>\n<td width=\"515\">\u00a0JOST 28T<\/td>\n<\/tr>\n<tr>\n<td width=\"221\" height=\"40\">\u00a0Suspensi\u00f3n<\/td>\n<td width=\"515\">\u00a0Suspensi\u00f3n mec\u00e1nica o suspensi\u00f3n neum\u00e1tica<\/td>\n<\/tr>\n<tr>\n<td width=\"221\" height=\"40\">\u00a0Sistema de frenos<\/td>\n<td width=\"515\">\u00a0C\u00e1mara T30\/30, v\u00e1lvula de emergencia WABCO<\/td>\n<\/tr>\n<tr>\n<td width=\"221\" height=\"40\">\u00a0Eje<\/td>\n<td width=\"515\">\u00a0BPW, SAF, Fuwa<\/td>\n<\/tr>\n<tr>\n<td width=\"221\" height=\"40\">\u00a0Neum\u00e1ticos<\/td>\n<td width=\"515\">\u00a012R22.5, 385\/65R22.5, 13R22.5, 12.00R24, 315\/80R22.5<\/td>\n<\/tr>\n<tr>\n<td width=\"221\" height=\"40\">\u00a0El rey Pin<\/td>\n<td width=\"515\">\u00a0Tipo desmontable JOST 2\u2033 o 3,5<\/td>\n<\/tr>\n<\/tbody>\n<\/table>\n<p>&nbsp;<\/p>\n<h2>Ventajas \u00fanicas del remolque de cemento Panda<\/h2>\n<p>El mejor acero en bruto: El cuerpo del tanque y la construcci\u00f3n hecha de YP \u2265 620 acero de alta resistencia, aseguran una mayor vida \u00fatil del gerente y un peso de tara m\u00e1s ligero.<\/p>\n<p>Excelente rendimiento\uff1aEl dise\u00f1o \u00fanico garantiza una velocidad de descarga \uff1e 1,3t\/min, 15m de distancia de descarga vertical.<\/p>\n<p>Soldadura de calidad:  Un buen acero con soldaduras de calidad soportan una garant\u00eda m\u00e1s larga para los remolques neum\u00e1ticos a granel.<\/p>\n<p>Pintura duradera: Todo el veh\u00edculo Shot blasting base limpia para la pintura, dos veces imprimaci\u00f3n apoyo m\u00e1s larga vida de la pintura.<\/p>\n<p>Dise\u00f1o: el dibujo en 3D con Ansys y Hypermesh Analyze apoyan un dise\u00f1o razonable.<\/p>\n<p>&nbsp;<\/p>\n<h2>Transporte mar\u00edtimo del remolque cisterna de polvo<\/h2>\n<p>Para evitar que la pintura del cami\u00f3n cisterna se corroa por el agua de mar, rociaremos una capa de cera en la superficie del cami\u00f3n cisterna antes del transporte.<\/p>\n<p>Envolveremos todos los motores diesel del remolque cisterna de cemento con tela de lluvia.<\/p>\n<p style=\"text-align: center;\"><img decoding=\"async\" src=\"\/uploads\/allimg\/210415\/1SI42341-5.jpg\" \/><\/p>\n<p>&nbsp;<\/p>\n<h2>\u00bfPor qu\u00e9 elegir Panda?<\/h2>\n<p>Panda ofrece m\u00e1s de 100 productos de remolques de cemento. Aproximadamente 95% de estos son equipos industriales generales.<\/p>\n<p>Una amplia variedad de opciones de bulker de cemento est\u00e1 disponibles para usted, como por ejemplo muestras pagadas.<\/p>\n<p>El proveedor de remolques cisterna para cemento ha exportado a m\u00e1s de 60 pa\u00edses,<\/p>\n<p>Los remolques de cemento a granel son m\u00e1s populares en el Sudeste Asi\u00e1tico, \u00c1frica y Am\u00e9rica del Sur. Puede pasar el certificado ISO9001 para garantizar la calidad del remolque neum\u00e1tico.<\/p>\n<p>&nbsp;<\/p>\n<h2>Entender a Panda<\/h2>\n<p>Panda Mechanical Co., Ltd., aprobada por el Ministerio de Industria y Tecnolog\u00eda de la Informaci\u00f3n de China para producir tipos de semirremolques y veh\u00edculos comerciales.<\/p>\n<p>Panda tiene m\u00e1quinas de fabricaci\u00f3n de primera clase y tipos de equipos de prueba, introduce la tecnolog\u00eda avanzada internacional, y las investigaciones con la fabricaci\u00f3n de camiones famosos para mejorar la fuerza del dise\u00f1o. Cada veh\u00edculo producido por los trabajadores h\u00e1biles y experimentados, pasar 120 inspecciones de control de calidad art\u00edculo, el suministro de productos perfectos para el mundo.\u00a0<u><strong><a href=\"https:\/\/www.semitanker.com\/es\/sobre\/\"><span style=\"color: #0000cd;\">M\u00e1s...<\/span><\/a><\/strong><\/u><\/p>","protected":false},"excerpt":{"rendered":"<p>El remolque para cemento est\u00e1 compuesto por un sistema de funcionamiento, un tanque de carga, un sistema de aire y un sistema de descarga. Es adecuado para el transporte a granel de materiales en polvo seco (di\u00e1metro \u2264 0,1 mm), tales como cenizas volantes, cemento, cal en polvo, mineral en polvo, \u00e1lcali granular, etc.   Remolque de cemento com\u00fan de 50 toneladas im\u00e1genes cami\u00f3n cisterna de cemento a granel seco remolque para la venta cami\u00f3n bulker de cemento...<\/p>","protected":false},"featured_media":2005,"comment_status":"open","ping_status":"closed","template":"","meta":{"_seopress_robots_primary_cat":"none","_seopress_titles_title":"","_seopress_titles_desc":"","_seopress_robots_index":"","_kad_post_transparent":"","_kad_post_title":"","_kad_post_layout":"","_kad_post_sidebar_id":"","_kad_post_content_style":"","_kad_post_vertical_padding":"","_kad_post_feature":"","_kad_post_feature_position":"","_kad_post_header":false,"_kad_post_footer":false},"product_brand":[],"product_cat":[154],"product_tag":[],"class_list":{"0":"post-1888","1":"product","2":"type-product","3":"status-publish","4":"has-post-thumbnail","6":"product_cat-cement-transport-trailer","8":"first","9":"instock","10":"shipping-taxable","11":"product-type-simple","12":"entry","13":"content-bg","14":"loop-entry"},"_links":{"self":[{"href":"https:\/\/www.semitanker.com\/es\/wp-json\/wp\/v2\/product\/1888","targetHints":{"allow":["GET"]}}],"collection":[{"href":"https:\/\/www.semitanker.com\/es\/wp-json\/wp\/v2\/product"}],"about":[{"href":"https:\/\/www.semitanker.com\/es\/wp-json\/wp\/v2\/types\/product"}],"replies":[{"embeddable":true,"href":"https:\/\/www.semitanker.com\/es\/wp-json\/wp\/v2\/comments?post=1888"}],"wp:featuredmedia":[{"embeddable":true,"href":"https:\/\/www.semitanker.com\/es\/wp-json\/wp\/v2\/media\/2005"}],"wp:attachment":[{"href":"https:\/\/www.semitanker.com\/es\/wp-json\/wp\/v2\/media?parent=1888"}],"wp:term":[{"taxonomy":"product_brand","embeddable":true,"href":"https:\/\/www.semitanker.com\/es\/wp-json\/wp\/v2\/product_brand?post=1888"},{"taxonomy":"product_cat","embeddable":true,"href":"https:\/\/www.semitanker.com\/es\/wp-json\/wp\/v2\/product_cat?post=1888"},{"taxonomy":"product_tag","embeddable":true,"href":"https:\/\/www.semitanker.com\/es\/wp-json\/wp\/v2\/product_tag?post=1888"}],"curies":[{"name":"wp","href":"https:\/\/api.w.org\/{rel}","templated":true}]}}