{"id":1889,"date":"2021-12-21T14:30:34","date_gmt":"2021-12-21T06:30:34","guid":{"rendered":"https:\/\/semitanker.com\/?post_type=product&#038;p=1889"},"modified":"2022-12-06T23:59:54","modified_gmt":"2022-12-06T15:59:54","slug":"120-ton-cement-tank-trailer","status":"publish","type":"product","link":"https:\/\/www.semitanker.com\/es\/producto\/remolque-cisterna-de-cemento-de-120-toneladas\/","title":{"rendered":"Remolque cisterna de cemento de 120 toneladas"},"content":{"rendered":"<p>Remolque cisterna de cemento de 120 toneladas utilizado para el transporte de cemento seco a granel, polvo de cal, arena y tipos de di\u00e1metro \u2264 0,1 mm de materiales en polvo a granel.<\/p>\n<p>Remolque cisterna de cemento de 100 metros c\u00fabicos y capacidad de 120 toneladas.<\/p>\n<p>&nbsp;<\/p>\n<h2>Remolques cisterna de cemento de 120 toneladas im\u00e1genes<\/h2>\n<p style=\"text-align: center;\"><img decoding=\"async\" src=\"\/uploads\/products\/120ton-cement-bulker\/7.jpg\" alt=\"Camiones cisterna de cemento de 120 toneladas\" \/><\/p>\n<p style=\"text-align: center;\"><img decoding=\"async\" src=\"\/uploads\/products\/120ton-cement-bulker\/8.jpg\" alt=\"Remolque de cemento de 120 toneladas\" \/><\/p>\n<p style=\"text-align: center;\"><img decoding=\"async\" src=\"\/uploads\/products\/120ton-cement-bulker\/9.jpg\" alt=\"Remolque de cami\u00f3n de cemento a granel de 120 toneladas\" \/><\/p>\n<h2>V\u00eddeo del remolque cisterna de cemento de 120 toneladas<\/h2>\n<p style=\"text-align: center;\"><iframe title=\"Reproductor de v\u00eddeo de YouTube\" src=\"https:\/\/www.youtube.com\/embed\/ovpjICiWNiQ\" width=\"800\" height=\"533\" frameborder=\"0\" allowfullscreen=\"allowfullscreen\"><\/iframe><\/p>\n<p>&nbsp;<\/p>\n<h2>Especificaciones del remolque cisterna de cemento de 120 toneladas<\/h2>\n<table style=\"margin: 0 auto;\" border=\"1\" width=\"800\" cellspacing=\"1\" cellpadding=\"1\">\n<tbody>\n<tr>\n<td width=\"221\" height=\"40\">\u00a0Marca<\/td>\n<td width=\"515\">\u00a0PANDA Mech 100 m\u00b3 120 ton remolques cisterna de cemento<\/td>\n<\/tr>\n<tr>\n<td width=\"221\" height=\"40\">\u00a0Volumen<\/td>\n<td width=\"515\">\u00a0100 m\u00b3<\/td>\n<\/tr>\n<tr>\n<td width=\"221\" height=\"40\">\u00a0Capacidad del remolque cisterna de cemento<\/td>\n<td width=\"515\">\u00a0120 toneladas<\/td>\n<\/tr>\n<tr>\n<td width=\"221\" height=\"40\">\u00a0Motor<\/td>\n<td width=\"515\">\u00a0WEICHAI-WP4.1D66E200,60KW, refrigeraci\u00f3n por agua<\/td>\n<\/tr>\n<tr>\n<td width=\"221\" height=\"40\">\u00a0Compresor<\/td>\n<td width=\"515\">\u00a0Marca Suzhou, tipo de oscilaci\u00f3n sin aceite<\/td>\n<\/tr>\n<tr>\n<td width=\"221\" height=\"40\">\u00a0Tapa de alcantarilla<\/td>\n<td width=\"515\">\u00a0De 2 a 4 juegos de 1000 mm de di\u00e1metro<\/td>\n<\/tr>\n<tr>\n<td width=\"221\" height=\"40\">\u00a0V\u00e1lvula de descarga<\/td>\n<td width=\"515\">\u00a0V\u00e1lvula de disco de 4\u2033.<\/td>\n<\/tr>\n<tr>\n<td width=\"221\" height=\"40\">\u00a0Dimensi\u00f3n del remolque cisterna de cemento<\/td>\n<td>\u00a016500*2500*4200 mm<\/td>\n<\/tr>\n<tr>\n<td width=\"221\" height=\"40\">\u00a0Material del tanque<\/td>\n<td width=\"515\">\u00a0Acero de alta resistencia de 5 mm o 6 mm<\/td>\n<\/tr>\n<tr>\n<td width=\"221\" height=\"40\">\u00a0Estructura<\/td>\n<td width=\"515\">\u00a0Q3100 acero de alta rectitud<\/td>\n<\/tr>\n<tr>\n<td width=\"221\" height=\"40\">\u00a0Tren de aterrizaje<\/td>\n<td width=\"515\">\u00a0Marca \"JOST\" A400 de tipo pesado, de dos velocidades, de funcionamiento manual,<\/td>\n<\/tr>\n<tr>\n<td width=\"221\" height=\"40\">\u00a0Suspensi\u00f3n<\/td>\n<td width=\"515\">\u00a0Suspensi\u00f3n mec\u00e1nica o suspensi\u00f3n neum\u00e1tica<\/td>\n<\/tr>\n<tr>\n<td width=\"221\" height=\"40\">\u00a0Sistema de frenos<\/td>\n<td width=\"515\">\u00a0C\u00e1mara T100\/100, v\u00e1lvula de emergencia WABCO<\/td>\n<\/tr>\n<tr>\n<td width=\"221\" height=\"40\">\u00a0Eje<\/td>\n<td width=\"515\">\u00a0Eje de 3*20Tons BPW con servicio pesado<\/td>\n<\/tr>\n<tr>\n<td width=\"221\" height=\"40\">\u00a0Neum\u00e1ticos<\/td>\n<td width=\"515\">\u00a012.00R24, 12pcs,marca chengshan, llanta de acero 9.0-24, 12pcs<\/td>\n<\/tr>\n<tr>\n<td width=\"221\" height=\"40\">\u00a0El rey Pin<\/td>\n<td width=\"515\">\u00a0\"JOST\", 90mm, tipo atornillado<\/td>\n<\/tr>\n<\/tbody>\n<\/table>\n<p>&nbsp;<\/p>\n<h2>Ventaja de los remolques cisterna de cemento de 120 toneladas<\/h2>\n<p>1. El mejor acero crudo: El cuerpo del tanque y la construcci\u00f3n hecha de YP \u2265 620 acero de alta resistencia, aseguran una mayor vida \u00fatil del gestor y un menor peso de tara.<\/p>\n<p>2. Excelente rendimiento\uff1aEl dise\u00f1o \u00fanico asegura una velocidad de descarga \uff1e 1,3t\/min, 15m de distancia de descarga vertical.<\/p>\n<p>3. Soldadura de calidad:  El buen acero con la calidad de la soldadura soporta una garant\u00eda m\u00e1s larga para los remolques de cemento de 100 m\u00b3.<\/p>\n<p>4. Pintura duradera: todo el veh\u00edculo se somete a un proceso de granallado para limpiar la base de la pintura, el doble de la imprimaci\u00f3n ayuda a alargar la vida de la pintura.<\/p>\n<p>5. Dise\u00f1o de un remolque cisterna de cemento de 100 m\u00b3: dibujo en 3D con Ansys e Hypermesh.<\/p>\n<p>&nbsp;<\/p>\n<h2>Transporte mar\u00edtimo del remolque cisterna de cemento<\/h2>\n<p>Pediremos el carguero por adelantado antes de que se complete la producci\u00f3n, y realizaremos una inspecci\u00f3n despu\u00e9s de que se complete la producci\u00f3n. El remolque inspeccionado se enviar\u00e1 a usted de acuerdo con el \u00faltimo tiempo de env\u00edo.<\/p>\n<p>Para evitar que la pintura del remolque de transporte de arena de cemento se corroa por el agua de mar, rociaremos una capa de cera en la superficie del remolque cisterna de polvo antes del transporte.<\/p>\n<p>Envolveremos todos los motores diesel del remolque cisterna de cemento con tela de lluvia.<\/p>\n<p style=\"text-align: center;\"><img decoding=\"async\" style=\"width: 649px; height: 768px;\" src=\"\/uploads\/other\/cement-sea-transport.jpg\" alt=\"Transporte mar\u00edtimo del remolque cisterna de cemento\" \/><\/p>\n<p>&nbsp;<\/p>\n<h2>Venta de remolques cisterna de cemento de 120 toneladas<\/h2>\n<p>Panda Mech es un remolque de cemento a granel de China. Suministramos remolques cisterna de cemento de 28-120 toneladas para la venta. Podemos personalizar seg\u00fan sus necesidades. Los fabricantes de Panda Mech han tenido \u00e9xito en el sudeste de Asia, Oriente Medio, \u00c1frica y Am\u00e9rica del Sur, como Filipinas, Tanzania, etc.\u00a0\u00a0<strong><u><a href=\"https:\/\/www.semitanker.com\/es\/sobre\/\" rel=\"nofollow\"><span style=\"color: #0000cd;\">Acerca de PANDA<\/span><\/a><\/u><\/strong><\/p>\n<p style=\"text-align: center;\"><a href=\"https:\/\/www.semitanker.com\/es\/contactar-con\/\"><img decoding=\"async\" style=\"width: 864px; height: 213px;\" src=\"\/uploads\/otros\/im\u00e1genes-de-venta.jpg\" alt=\"Remolque cisterna para cemento de 120 toneladas\" \/><\/a><\/p>","protected":false},"excerpt":{"rendered":"<p>120 Ton remolque cisterna de cemento utilizado para el transporte de cemento a granel seco, cal en polvo, arena y tipos de di\u00e1metro \u2264 0,1 mm de materiales en polvo a granel. 100 metros c\u00fabicos remolque cisterna de cemento capacidad 120 ton.   120 Ton remolques cisterna de cemento im\u00e1genes 120 Ton remolque cisterna de cemento v\u00eddeo 120 Ton remolque cisterna de cemento especificaci\u00f3n Marca PANDA Mech 100 m\u00b3 120 toneladas remolques cisterna de cemento Volumen...<\/p>","protected":false},"featured_media":1999,"comment_status":"open","ping_status":"closed","template":"","meta":{"_seopress_robots_primary_cat":"none","_seopress_titles_title":"","_seopress_titles_desc":"","_seopress_robots_index":"","_kad_post_transparent":"","_kad_post_title":"","_kad_post_layout":"","_kad_post_sidebar_id":"","_kad_post_content_style":"","_kad_post_vertical_padding":"","_kad_post_feature":"","_kad_post_feature_position":"","_kad_post_header":false,"_kad_post_footer":false},"product_brand":[],"product_cat":[154],"product_tag":[],"class_list":{"0":"post-1889","1":"product","2":"type-product","3":"status-publish","4":"has-post-thumbnail","6":"product_cat-cement-transport-trailer","8":"first","9":"instock","10":"shipping-taxable","11":"product-type-simple","12":"entry","13":"content-bg","14":"loop-entry"},"_links":{"self":[{"href":"https:\/\/www.semitanker.com\/es\/wp-json\/wp\/v2\/product\/1889","targetHints":{"allow":["GET"]}}],"collection":[{"href":"https:\/\/www.semitanker.com\/es\/wp-json\/wp\/v2\/product"}],"about":[{"href":"https:\/\/www.semitanker.com\/es\/wp-json\/wp\/v2\/types\/product"}],"replies":[{"embeddable":true,"href":"https:\/\/www.semitanker.com\/es\/wp-json\/wp\/v2\/comments?post=1889"}],"wp:featuredmedia":[{"embeddable":true,"href":"https:\/\/www.semitanker.com\/es\/wp-json\/wp\/v2\/media\/1999"}],"wp:attachment":[{"href":"https:\/\/www.semitanker.com\/es\/wp-json\/wp\/v2\/media?parent=1889"}],"wp:term":[{"taxonomy":"product_brand","embeddable":true,"href":"https:\/\/www.semitanker.com\/es\/wp-json\/wp\/v2\/product_brand?post=1889"},{"taxonomy":"product_cat","embeddable":true,"href":"https:\/\/www.semitanker.com\/es\/wp-json\/wp\/v2\/product_cat?post=1889"},{"taxonomy":"product_tag","embeddable":true,"href":"https:\/\/www.semitanker.com\/es\/wp-json\/wp\/v2\/product_tag?post=1889"}],"curies":[{"name":"wp","href":"https:\/\/api.w.org\/{rel}","templated":true}]}}