{"id":1890,"date":"2022-05-11T14:31:30","date_gmt":"2022-05-11T06:31:30","guid":{"rendered":"https:\/\/semitanker.com\/?post_type=product&#038;p=1890"},"modified":"2023-06-04T21:19:22","modified_gmt":"2023-06-04T13:19:22","slug":"85-ton-cement-bulker-trailer","status":"publish","type":"product","link":"https:\/\/www.semitanker.com\/es\/producto\/remolque-de-cemento-de-85-toneladas\/","title":{"rendered":"Remolque de cemento de 85 toneladas"},"content":{"rendered":"<p>Remolques de cemento de 85 toneladas utilizados para el transporte de cemento seco a granel, polvo de cal, arena y tipos de di\u00e1metro \u2264 0,1 mm de materiales en polvo a granel.<\/p>\n<p>Remolque de cemento de 70 m3 con capacidad de 85 toneladas.<\/p>\n<p>&nbsp;<\/p>\n<h2>Remolques de cemento de 850 toneladas im\u00e1genes<\/h2>\n<p style=\"text-align: center;\"><img decoding=\"async\" src=\"\/uploads\/products\/80ton-cement-bulker\/7.jpg\" alt=\"Venta de remolques cisterna de cemento de 85 toneladas\" \/><\/p>\n<p style=\"text-align: center;\"><img decoding=\"async\" src=\"\/uploads\/products\/80ton-cement-bulker\/8.jpg\" alt=\"Venta de remolques cisterna de cemento de 85 toneladas\" \/><\/p>\n<p style=\"text-align: center;\"><img decoding=\"async\" src=\"\/uploads\/products\/80ton-cement-bulker\/10.jpg\" alt=\"Fabricante de camiones cisterna para cemento de 85 toneladas\" \/><\/p>\n<h2>V\u00eddeo de los remolques de cemento de 85 toneladas<\/h2>\n<p><iframe title=\"Reproductor de v\u00eddeo de YouTube\" src=\"https:\/\/www.youtube.com\/embed\/XwY8Ep3h9OM\" width=\"800\" height=\"533\" frameborder=\"0\" allowfullscreen=\"allowfullscreen\"><\/iframe><\/p>\n<p>&nbsp;<\/p>\n<h2>Especificaciones de los remolques de cemento de 85 toneladas<\/h2>\n<table style=\"margin: 0 auto;\" border=\"1\" width=\"800\" cellspacing=\"1\" cellpadding=\"1\">\n<tbody>\n<tr>\n<td width=\"221\" height=\"40\">\u00a0Marca<\/td>\n<td width=\"515\">\u00a0PANDA 70m3 85 toneladas de cemento remolques cisterna<\/td>\n<\/tr>\n<tr>\n<td width=\"221\" height=\"40\">\u00a0Volumen<\/td>\n<td width=\"515\">\u00a070 m3<\/td>\n<\/tr>\n<tr>\n<td width=\"221\" height=\"40\">\u00a0Capacidad del remolque de cemento<\/td>\n<td width=\"515\">\u00a085 toneladas<\/td>\n<\/tr>\n<tr>\n<td width=\"221\" height=\"40\">\u00a0Motor<\/td>\n<td width=\"515\">\u00a0WEICHAI-WP4.1D66E200,60KW, refrigeraci\u00f3n por agua<\/td>\n<\/tr>\n<tr>\n<td width=\"221\" height=\"40\">\u00a0Compresor<\/td>\n<td width=\"515\">\u00a0Marca Suzhou, tipo de oscilaci\u00f3n sin aceite<\/td>\n<\/tr>\n<tr>\n<td width=\"221\" height=\"40\">\u00a0Tapa de alcantarilla<\/td>\n<td width=\"515\">\u00a0De 2 a 4 juegos de 700 mm de di\u00e1metro<\/td>\n<\/tr>\n<tr>\n<td width=\"221\" height=\"40\">\u00a0V\u00e1lvula de descarga<\/td>\n<td width=\"515\">\u00a0V\u00e1lvula de disco de 4\u2033.<\/td>\n<\/tr>\n<tr>\n<td width=\"221\" height=\"40\">\u00a0Dimensi\u00f3n<\/td>\n<td>\u00a014100mm x 2550mm x 4200mm<\/td>\n<\/tr>\n<tr>\n<td width=\"221\" height=\"40\">\u00a0Material del tanque<\/td>\n<td width=\"515\">\u00a0Acero de alta resistencia de 5 mm o 6 mm<\/td>\n<\/tr>\n<tr>\n<td width=\"221\" height=\"40\">\u00a0Estructura<\/td>\n<td width=\"515\">\u00a0Acero Q370 de gran rectitud<\/td>\n<\/tr>\n<tr>\n<td width=\"221\" height=\"40\">\u00a0Tren de aterrizaje<\/td>\n<td width=\"515\">\u00a0Marca \"JOST\" A400 de tipo pesado, de dos velocidades, de funcionamiento manual,<\/td>\n<\/tr>\n<tr>\n<td width=\"221\" height=\"40\">\u00a0Suspensi\u00f3n<\/td>\n<td width=\"515\">\u00a0Suspensi\u00f3n mec\u00e1nica o suspensi\u00f3n neum\u00e1tica<\/td>\n<\/tr>\n<tr>\n<td width=\"221\" height=\"40\">\u00a0Sistema de frenos<\/td>\n<td width=\"515\">\u00a0C\u00e1mara T70\/70, v\u00e1lvula de emergencia WABCO<\/td>\n<\/tr>\n<tr>\n<td width=\"221\" height=\"40\">\u00a0Eje<\/td>\n<td width=\"515\">\u00a0Eje de 3*20Tons BPW con servicio pesado<\/td>\n<\/tr>\n<tr>\n<td width=\"221\" height=\"40\">\u00a0Neum\u00e1ticos<\/td>\n<td width=\"515\">\u00a012.00R24, 12pcs,marca chengshan, llanta de acero 9.0-24, 12pcs<\/td>\n<\/tr>\n<tr>\n<td width=\"221\" height=\"40\">\u00a0El rey Pin<\/td>\n<td width=\"515\">\u00a0\"JOST\", 90mm, tipo atornillado<\/td>\n<\/tr>\n<\/tbody>\n<\/table>\n<p>&nbsp;<\/p>\n<h2>Ventaja de los remolques de cemento de 85 toneladas:<\/h2>\n<p>El mejor acero en bruto: El cuerpo del tanque y la construcci\u00f3n hecha de YP \u2265 620 acero de alta resistencia, aseguran una mayor vida \u00fatil del gerente y un peso de tara m\u00e1s ligero.<\/p>\n<p>Excelente rendimiento\uff1aEl dise\u00f1o \u00fanico garantiza una velocidad de descarga \uff1e 1,3t\/min, 15m de distancia de descarga vertical.<\/p>\n<p>Soldadura de calidad:  El buen acero con la calidad de la soldadura soporta una garant\u00eda m\u00e1s larga para los remolques de cemento de 85 toneladas.<\/p>\n<p>Pintura duradera: Todo el veh\u00edculo Shot blasting base limpia para la pintura, dos veces imprimaci\u00f3n apoyo m\u00e1s larga vida de la pintura.<\/p>\n<p>Dise\u00f1o de remolques de cemento de 85 toneladas: dibujo en 3D con Ansys y Hypermesh Analyze apoyan el dise\u00f1o razonable.<\/p>\n<p>&nbsp;<\/p>\n<h2>Transporte mar\u00edtimo del remolque de cemento<\/h2>\n<p>Pediremos el carguero por adelantado antes de que se complete la producci\u00f3n, y realizaremos una inspecci\u00f3n despu\u00e9s de que se complete la producci\u00f3n. El remolque inspeccionado se enviar\u00e1 a usted de acuerdo con el \u00faltimo tiempo de env\u00edo.<\/p>\n<p>Para evitar que la pintura del remolque de transporte de arena de cemento se corroa por el agua de mar, rociaremos una capa de cera en la superficie del remolque cisterna de polvo antes del transporte.<\/p>\n<p>Envolveremos todos los motores diesel del remolque cisterna de cemento con tela de lluvia.<\/p>\n<p style=\"text-align: center;\"><img decoding=\"async\" style=\"width: 649px; height: 768px;\" src=\"\/uploads\/other\/cement-sea-transport.jpg\" alt=\"Transporte mar\u00edtimo del remolque de cemento\" \/><\/p>\n<p>&nbsp;<\/p>\n<h2>Venta de remolques para el transporte de cemento<\/h2>\n<p>Panda Mech es un fabricante de remolques de carga seca a granel de China. Suministramos remolques neum\u00e1ticos a granel de 28-120 toneladas para la venta. Podemos personalizar seg\u00fan sus necesidades. Los fabricantes de Panda Mech han tenido \u00e9xito en el sudeste asi\u00e1tico, Oriente Medio, \u00c1frica y Sudam\u00e9rica, como Filipinas, Tanzania, etc.\u00a0<strong><u><a href=\"https:\/\/www.semitanker.com\/es\/sobre\/\" rel=\"nofollow\"><span style=\"color: #0000cd;\">M\u00e1s informaci\u00f3n sobre PANDA...<\/span><\/a><\/u><\/strong><\/p>\n<p style=\"text-align: center;\"><a href=\"https:\/\/www.semitanker.com\/es\/contactar-con\/\"><img decoding=\"async\" style=\"width: 864px; height: 213px;\" src=\"\/uploads\/otros\/im\u00e1genes-de-venta.jpg\" alt=\"venta de remolques de cemento\" \/><\/a><\/p>","protected":false},"excerpt":{"rendered":"<p>85 Ton cemento bulker remolques utilizados para el transporte de cemento a granel seco, cal en polvo, arena y tipos de di\u00e1metro \u2264 0,1 mm de materiales en polvo a granel. 70 m3 cemento bulker remolque capacidad 85 ton.   850 toneladas de cemento remolques im\u00e1genes 85 toneladas de cemento remolques video 85 toneladas de cemento remolques especificaci\u00f3n PANDA 70m3 85 toneladas de cemento remolques cisterna...<\/p>","protected":false},"featured_media":1990,"comment_status":"open","ping_status":"closed","template":"","meta":{"_seopress_robots_primary_cat":"none","_seopress_titles_title":"","_seopress_titles_desc":"","_seopress_robots_index":"","_kad_post_transparent":"","_kad_post_title":"","_kad_post_layout":"","_kad_post_sidebar_id":"","_kad_post_content_style":"","_kad_post_vertical_padding":"","_kad_post_feature":"","_kad_post_feature_position":"","_kad_post_header":false,"_kad_post_footer":false},"product_brand":[],"product_cat":[154],"product_tag":[],"class_list":{"0":"post-1890","1":"product","2":"type-product","3":"status-publish","4":"has-post-thumbnail","6":"product_cat-cement-transport-trailer","8":"first","9":"instock","10":"shipping-taxable","11":"product-type-simple","12":"entry","13":"content-bg","14":"loop-entry"},"_links":{"self":[{"href":"https:\/\/www.semitanker.com\/es\/wp-json\/wp\/v2\/product\/1890","targetHints":{"allow":["GET"]}}],"collection":[{"href":"https:\/\/www.semitanker.com\/es\/wp-json\/wp\/v2\/product"}],"about":[{"href":"https:\/\/www.semitanker.com\/es\/wp-json\/wp\/v2\/types\/product"}],"replies":[{"embeddable":true,"href":"https:\/\/www.semitanker.com\/es\/wp-json\/wp\/v2\/comments?post=1890"}],"wp:featuredmedia":[{"embeddable":true,"href":"https:\/\/www.semitanker.com\/es\/wp-json\/wp\/v2\/media\/1990"}],"wp:attachment":[{"href":"https:\/\/www.semitanker.com\/es\/wp-json\/wp\/v2\/media?parent=1890"}],"wp:term":[{"taxonomy":"product_brand","embeddable":true,"href":"https:\/\/www.semitanker.com\/es\/wp-json\/wp\/v2\/product_brand?post=1890"},{"taxonomy":"product_cat","embeddable":true,"href":"https:\/\/www.semitanker.com\/es\/wp-json\/wp\/v2\/product_cat?post=1890"},{"taxonomy":"product_tag","embeddable":true,"href":"https:\/\/www.semitanker.com\/es\/wp-json\/wp\/v2\/product_tag?post=1890"}],"curies":[{"name":"wp","href":"https:\/\/api.w.org\/{rel}","templated":true}]}}