{"id":1891,"date":"2022-05-13T14:31:55","date_gmt":"2022-05-13T06:31:55","guid":{"rendered":"https:\/\/semitanker.com\/?post_type=product&#038;p=1891"},"modified":"2023-04-07T21:43:40","modified_gmt":"2023-04-07T13:43:40","slug":"40-ton-pto-cement-tanker-truck","status":"publish","type":"product","link":"https:\/\/www.semitanker.com\/es\/producto\/camion-cisterna-de-40-toneladas-de-cemento\/","title":{"rendered":"Cami\u00f3n cisterna de cemento con toma de fuerza de 40 toneladas"},"content":{"rendered":"<h2>\u00bfQu\u00e9 es un cami\u00f3n cisterna de cemento?<\/h2>\n<p>El cami\u00f3n cisterna de cemento a granel de Panda Mech se utiliza ampliamente para transportar y almacenar cemento, carb\u00f3n en polvo, mortero seco, alimentos y productos qu\u00edmicos en polvo.<\/p>\n<p>El cami\u00f3n cisterna de cemento mejora el transporte, reduce los costes de transporte y disminuye la contaminaci\u00f3n. Realiza la mecanizaci\u00f3n de la carga, el transporte, la descarga y el almacenamiento.<\/p>\n<p>Capacidad del cami\u00f3n cisterna de cemento en polvo a granel: 28-120 toneladas<\/p>\n<p>&nbsp;<\/p>\n<h2>40 Ton remolque cisterna de cemento im\u00e1genes<\/h2>\n<p style=\"text-align: center;\"><img decoding=\"async\" src=\"\/uploads\/products\/45ton-cement-orange\/7.jpg\" alt=\"Cami\u00f3n cisterna de cemento a granel de 40 toneladas\" \/><\/p>\n<p style=\"text-align: center;\">40 toneladas <span class=\"\">cami\u00f3n cisterna para cemento <\/span>sin compresor de aire<\/p>\n<p style=\"text-align: center;\"><img decoding=\"async\" src=\"\/uploads\/products\/45ton-cement-orange\/8.jpg\" alt=\"Semirremolque cisterna de cemento de 40 toneladas de China\" \/><\/p>\n<p style=\"text-align: center;\">China neum\u00e1tica <strong><u><a href=\"\/es\/pneumatic-trailer\/25-35-ton\/30-ton-cement-tanker-trailer.html\/\">cami\u00f3n cisterna de cemento<\/a><\/u><\/strong> venta de semirremolques<\/p>\n<p style=\"text-align: center;\"><img decoding=\"async\" src=\"\/uploads\/products\/45ton-cement-orange\/9.jpg\" alt=\"cami\u00f3n cisterna para cemento a granel\" \/><\/p>\n<p style=\"text-align: center;\">China 40 toneladas <span class=\"\">cami\u00f3n cisterna de cemento a granel semirremolque <\/span>en venta<\/p>\n<h2>V\u00eddeo del cami\u00f3n cisterna de cemento de 40 toneladas<\/h2>\n<p style=\"text-align: center;\"><iframe title=\"Reproductor de v\u00eddeo de YouTube\" src=\"https:\/\/www.youtube.com\/embed\/BMhodcEWyz4\" width=\"800\" height=\"533\" frameborder=\"0\" allowfullscreen=\"allowfullscreen\"><\/iframe><\/p>\n<p>&nbsp;<\/p>\n<h2>Especificaciones del cami\u00f3n cisterna de cemento de 40 toneladas<\/h2>\n<table style=\"margin: 0 auto;\" border=\"1\" width=\"800\" cellspacing=\"2\" cellpadding=\"1\">\n<tbody>\n<tr>\n<td width=\"227\" height=\"36\">\u00a0Marca<\/td>\n<td width=\"435\">\u00a0Cami\u00f3n cisterna de cemento Panda Mech<\/td>\n<\/tr>\n<tr>\n<td width=\"227\" height=\"36\">\u00a0Volumen<\/td>\n<td width=\"435\">\u00a035 m3 \/ metro c\u00fabico<\/td>\n<\/tr>\n<tr>\n<td width=\"227\" height=\"36\">\u00a0Capacidad de los camiones de cemento a granel<\/td>\n<td width=\"435\">\u00a040 toneladas<\/td>\n<\/tr>\n<tr>\n<td width=\"227\" height=\"36\">\u00a0Dimensiones del cami\u00f3n de cemento a granel<\/td>\n<td width=\"435\">\u00a010000*2500*3950mm<\/td>\n<\/tr>\n<tr>\n<td width=\"227\" height=\"36\">\u00a0Motor<\/td>\n<td width=\"435\">\u00a0Weichai-Huafeng 4102,47kw<\/td>\n<\/tr>\n<tr>\n<td width=\"227\" height=\"36\">\u00a0Compresor<\/td>\n<td width=\"435\">\u00a0Marca Suzhou, modelo WB-12\/2-S, 12m\u00b3\/min<\/td>\n<\/tr>\n<tr>\n<td width=\"227\" height=\"36\">\u00a0Tapa de alcantarilla<\/td>\n<td width=\"435\">\u00a0De 2 a 4 juegos de 500 mm de di\u00e1metro<\/td>\n<\/tr>\n<tr>\n<td width=\"227\" height=\"36\">\u00a0V\u00e1lvula de descarga<\/td>\n<td width=\"435\">\u00a0V\u00e1lvula de disco de 4\u2033.<\/td>\n<\/tr>\n<tr>\n<td width=\"227\" height=\"36\">\u00a0Material del cuerpo<\/td>\n<td width=\"435\">\u00a0Acero de alta resistencia de 5 mm o 6 mm<\/td>\n<\/tr>\n<tr>\n<td width=\"227\" height=\"36\">\u00a0Estructura<\/td>\n<td width=\"435\">\u00a0Acero de alta resistencia Q345<\/td>\n<\/tr>\n<tr>\n<td width=\"227\" height=\"36\">\u00a0Tren de aterrizaje<\/td>\n<td width=\"435\">\u00a0Marca Yahua, 28Ton, dos velocidades, funcionamiento manual<\/td>\n<\/tr>\n<tr>\n<td width=\"227\" height=\"36\">\u00a0Suspensi\u00f3n<\/td>\n<td width=\"435\">\u00a0Suspensi\u00f3n mec\u00e1nica, suspensi\u00f3n neum\u00e1tica<\/td>\n<\/tr>\n<tr>\n<td width=\"227\" height=\"36\">\u00a0Sistema de frenos<\/td>\n<td width=\"435\">\u00a0V\u00e1lvula de emergencia WABCO<\/td>\n<\/tr>\n<tr>\n<td width=\"227\" height=\"36\">\u00a0Eje<\/td>\n<td width=\"435\">\u00a0De 1 a 4 juegos, ejes de 13,16,20 toneladas<\/td>\n<\/tr>\n<tr>\n<td width=\"227\" height=\"36\">\u00a0Neum\u00e1ticos<\/td>\n<td width=\"435\">\u00a012R22.5, 385\/65R22.5, 13R22.5, 12.00R24, 315\/80R22.5<\/td>\n<\/tr>\n<tr>\n<td width=\"227\" height=\"36\">\u00a0El rey Pin<\/td>\n<td width=\"435\">\u00a0\"JOST\", 3,5 pulgadas, tipo atornillado.<\/td>\n<\/tr>\n<\/tbody>\n<\/table>\n<p>&nbsp;<\/p>\n<h2>Ventajas del cami\u00f3n Ce<\/h2>\n<p>1. El mejor acero crudo: El cuerpo de la cisterna de cemento y la construcci\u00f3n hecha de acero de alta resistencia YP \u2265 620, aseguran una mayor vida \u00fatil del gerente y un menor peso de tara.<\/p>\n<p>2. Excelente rendimiento: El dise\u00f1o \u00fanico asegura una velocidad de descarga \uff1e 1,3t\/min, 15m de distancia de descarga vertical.<\/p>\n<p>3. Soldadura de calidad:  Un buen acero con una soldadura de calidad soporta una garant\u00eda m\u00e1s larga para los camiones de cemento.<\/p>\n<p>4. Pintura duradera: todo el veh\u00edculo se somete a un proceso de granallado para limpiar la base de la pintura, el doble de la imprimaci\u00f3n ayuda a alargar la vida de la pintura.<\/p>\n<p>5. Dise\u00f1o de camiones para el transporte de cemento: dibujo en 3D con Ansys e Hypermesh.<\/p>\n<p>&nbsp;<\/p>\n<h2>Venta de camiones cisterna de cemento<\/h2>\n<p>Panda Mech es un fabricante de camiones cisterna de cemento de China. Suministramos remolques neum\u00e1ticos a granel de 28-120 toneladas para la venta. (Tambi\u00e9n ofrecemos camiones cisterna de cemento con compresor de aire para la venta. ) Podemos personalizarlo de acuerdo a sus necesidades. Los fabricantes de Panda Mech han tenido \u00e9xito en el sudeste de Asia, Oriente Medio, \u00c1frica y Am\u00e9rica del Sur, como Filipinas, Tanzania, etc. <strong><u><a href=\"https:\/\/www.semitanker.com\/es\/sobre\/\" rel=\"nofollow\"><span style=\"color: #0000cd;\">M\u00e1s...<\/span><\/a><\/u><\/strong><\/p>\n<p style=\"text-align: center;\"><a href=\"https:\/\/www.semitanker.com\/es\/contactar-con\/\"><img decoding=\"async\" style=\"width: 864px; height: 213px;\" src=\"\/uploads\/otros\/im\u00e1genes-de-venta.jpg\" alt=\"venta de camiones cisterna de cemento\" \/><\/a><\/p>","protected":false},"excerpt":{"rendered":"<p>\u00bfQu\u00e9 es un cami\u00f3n cisterna de cemento? El cami\u00f3n cisterna de cemento a granel de Panda Mech es ampliamente utilizado para el transporte y almacenamiento de cemento, carb\u00f3n en polvo, mortero seco, alimentos y productos qu\u00edmicos en polvo. El cami\u00f3n cisterna de cemento mejora el transporte, reduce los costos de transporte y disminuye la contaminaci\u00f3n. Realiza la mecanizaci\u00f3n de carga, transporte, descarga y almacenamiento. Capacidad del cami\u00f3n cisterna de cemento en polvo a granel: 28-120...<\/p>","protected":false},"featured_media":1983,"comment_status":"open","ping_status":"closed","template":"","meta":{"_seopress_robots_primary_cat":"none","_seopress_titles_title":"%%post_title%% For Sale - BPCVEHICLE","_seopress_titles_desc":"","_seopress_robots_index":"","_kad_post_transparent":"","_kad_post_title":"","_kad_post_layout":"","_kad_post_sidebar_id":"","_kad_post_content_style":"","_kad_post_vertical_padding":"","_kad_post_feature":"","_kad_post_feature_position":"","_kad_post_header":false,"_kad_post_footer":false},"product_brand":[],"product_cat":[154],"product_tag":[],"class_list":{"0":"post-1891","1":"product","2":"type-product","3":"status-publish","4":"has-post-thumbnail","6":"product_cat-cement-transport-trailer","8":"first","9":"instock","10":"shipping-taxable","11":"product-type-simple","12":"entry","13":"content-bg","14":"loop-entry"},"_links":{"self":[{"href":"https:\/\/www.semitanker.com\/es\/wp-json\/wp\/v2\/product\/1891","targetHints":{"allow":["GET"]}}],"collection":[{"href":"https:\/\/www.semitanker.com\/es\/wp-json\/wp\/v2\/product"}],"about":[{"href":"https:\/\/www.semitanker.com\/es\/wp-json\/wp\/v2\/types\/product"}],"replies":[{"embeddable":true,"href":"https:\/\/www.semitanker.com\/es\/wp-json\/wp\/v2\/comments?post=1891"}],"wp:featuredmedia":[{"embeddable":true,"href":"https:\/\/www.semitanker.com\/es\/wp-json\/wp\/v2\/media\/1983"}],"wp:attachment":[{"href":"https:\/\/www.semitanker.com\/es\/wp-json\/wp\/v2\/media?parent=1891"}],"wp:term":[{"taxonomy":"product_brand","embeddable":true,"href":"https:\/\/www.semitanker.com\/es\/wp-json\/wp\/v2\/product_brand?post=1891"},{"taxonomy":"product_cat","embeddable":true,"href":"https:\/\/www.semitanker.com\/es\/wp-json\/wp\/v2\/product_cat?post=1891"},{"taxonomy":"product_tag","embeddable":true,"href":"https:\/\/www.semitanker.com\/es\/wp-json\/wp\/v2\/product_tag?post=1891"}],"curies":[{"name":"wp","href":"https:\/\/api.w.org\/{rel}","templated":true}]}}