{"id":1892,"date":"2022-05-15T14:34:36","date_gmt":"2022-05-15T06:34:36","guid":{"rendered":"https:\/\/semitanker.com\/?post_type=product&#038;p=1892"},"modified":"2023-06-05T23:31:30","modified_gmt":"2023-06-05T15:31:30","slug":"35-ton-cement-tanker-trailer","status":"publish","type":"product","link":"https:\/\/www.semitanker.com\/es\/producto\/camion-cisterna-de-cemento-de-35-toneladas\/","title":{"rendered":"Remolque cisterna de cemento de 35 toneladas"},"content":{"rendered":"<p>Cisterna de cemento de 35 toneladas utilizada para el transporte de cemento seco a granel, polvo de cal, arena y tipos de di\u00e1metro \u2264 0,1 mm de materiales en polvo a granel.<\/p>\n<p>Remolque cisterna de cemento de 28m3 con capacidad de 30 toneladas.<\/p>\n<p>&nbsp;<\/p>\n<h2>Remolque cisterna de cemento de 35 toneladas im\u00e1genes<\/h2>\n<p style=\"text-align: center;\"><img decoding=\"async\" src=\"\/uploads\/products\/30ton-cement-trailer\/2.jpg\" alt=\"Cami\u00f3n cisterna para cemento de 35 toneladas\" \/><\/p>\n<p style=\"text-align: center;\"><img decoding=\"async\" style=\"width: 800px; height: 800px;\" src=\"\/uploads\/products\/30ton-cement-trailer\/3.jpg\" alt=\"35 toneladas de cemento a granel remolque cisterna para la venta\" \/><\/p>\n<p>&nbsp;<\/p>\n<h2>V\u00eddeo del remolque cisterna de cemento de 35 toneladas<\/h2>\n<p style=\"text-align: center;\"><iframe title=\"Reproductor de v\u00eddeo de YouTube\" src=\"https:\/\/www.youtube.com\/embed\/BTWUTGFj4aA\" width=\"800\" height=\"533\" frameborder=\"0\" scrolling=\"no\" allowfullscreen=\"allowfullscreen\"><\/iframe><\/p>\n<p>&nbsp;<\/p>\n<h2>Especificaciones del remolque cisterna de cemento de 35 toneladas<\/h2>\n<table style=\"margin: 0 auto;\" border=\"1\" width=\"800\" cellspacing=\"1\" cellpadding=\"1\">\n<tbody>\n<tr>\n<td width=\"221\" height=\"40\">\u00a0Marca<\/td>\n<td width=\"515\">\u00a0PANDA 35 Toneladas de camiones cisterna de cemento remolques<\/td>\n<\/tr>\n<tr>\n<td width=\"221\" height=\"40\">\u00a0Volumen<\/td>\n<td width=\"515\">\u00a028 cum<\/td>\n<\/tr>\n<tr>\n<td width=\"221\" height=\"40\">\u00a0Capacidad del remolque cisterna de cemento<\/td>\n<td width=\"515\">\u00a035 toneladas<\/td>\n<\/tr>\n<tr>\n<td width=\"221\" height=\"40\">\u00a0Dimensi\u00f3n del remolque cisterna de cemento<\/td>\n<td width=\"515\">\u00a07.950*2.500*3.900 mm<\/td>\n<\/tr>\n<tr>\n<td width=\"221\" height=\"40\">\u00a0Motor<\/td>\n<td width=\"515\">\u00a0WeiCai Deutz diesel moto<\/td>\n<\/tr>\n<tr>\n<td width=\"221\" height=\"40\">\u00a0Compresor<\/td>\n<td width=\"515\">\u00a0SK 12m3<\/td>\n<\/tr>\n<tr>\n<td width=\"221\" height=\"40\">\u00a0Tapa de alcantarilla<\/td>\n<td width=\"515\">\u00a0De 2 a 4 juegos de 300 mm de di\u00e1metro<\/td>\n<\/tr>\n<tr>\n<td width=\"221\" height=\"40\">\u00a0V\u00e1lvula de descarga<\/td>\n<td width=\"515\">\u00a0V\u00e1lvula de disco de 4\u2033.<\/td>\n<\/tr>\n<tr>\n<td width=\"221\" height=\"40\">\u00a0Material del tanque<\/td>\n<td width=\"515\">\u00a0Acero de alta resistencia de 5 mm o 6 mm<\/td>\n<\/tr>\n<tr>\n<td width=\"221\" height=\"40\">\u00a0Estructura<\/td>\n<td width=\"515\">\u00a0Acero Q330 de gran rectitud<\/td>\n<\/tr>\n<tr>\n<td width=\"221\" height=\"40\">\u00a0Tren de aterrizaje<\/td>\n<td width=\"515\">\u00a0\"JOST\" E100, dos velocidades de funcionamiento simple<\/td>\n<\/tr>\n<tr>\n<td width=\"221\" height=\"40\">\u00a0Suspensi\u00f3n<\/td>\n<td width=\"515\">\u00a0Suspensi\u00f3n mec\u00e1nica o suspensi\u00f3n neum\u00e1tica<\/td>\n<\/tr>\n<tr>\n<td width=\"221\" height=\"40\">\u00a0Sistema de frenos<\/td>\n<td width=\"515\">\u00a0C\u00e1mara T30\/30, v\u00e1lvula de emergencia WABCO<\/td>\n<\/tr>\n<tr>\n<td width=\"221\" height=\"40\">\u00a0Eje<\/td>\n<td width=\"515\">\u00a02 \/ 3 ejes, BPW o SAF<\/td>\n<\/tr>\n<tr>\n<td width=\"221\" height=\"40\">\u00a0Neum\u00e1ticos<\/td>\n<td width=\"515\">\u00a012R22.5, 385\/65R22.5, 13R22.5, 12.00R24, 315\/80R22.5<\/td>\n<\/tr>\n<tr>\n<td width=\"221\" height=\"40\">\u00a0El rey Pin<\/td>\n<td width=\"515\">\u00a0Marca \"JOST\" 2\" de di\u00e1metro, tipo atornillado<\/td>\n<\/tr>\n<\/tbody>\n<\/table>\n<h2>Ventaja del remolque cisterna de cemento de 35 toneladas<\/h2>\n<p>1. El mejor acero crudo: El cuerpo del tanque y la construcci\u00f3n hecha de YP \u2265 620 acero de alta resistencia, aseguran una mayor vida \u00fatil del gestor y un menor peso de tara.<\/p>\n<p>2. Excelente rendimiento\uff1aEl dise\u00f1o \u00fanico asegura una velocidad de descarga \uff1e 1,3t\/min, 15m de distancia de descarga vertical.<\/p>\n<p>3. Soldadura de calidad:  El buen acero con la calidad de la soldadura soporta una garant\u00eda m\u00e1s larga para la cisterna de cemento de 35 toneladas.<\/p>\n<p>4. Pintura duradera: todo el veh\u00edculo se somete a un proceso de granallado para limpiar la base de la pintura, el doble de la imprimaci\u00f3n ayuda a alargar la vida de la pintura.<\/p>\n<p>5. Dise\u00f1o de remolques de cemento de 35 toneladas: dibujo en 3D con Ansys e Hypermesh Analizar el apoyo al dise\u00f1o razonable.<\/p>\n<p>&nbsp;<\/p>\n<h2>Transporte mar\u00edtimo del remolque cisterna de cemento<\/h2>\n<p>Pediremos el carguero por adelantado antes de que se complete la producci\u00f3n, y realizaremos una inspecci\u00f3n despu\u00e9s de que se complete la producci\u00f3n. El remolque inspeccionado se enviar\u00e1 a usted de acuerdo con el \u00faltimo tiempo de env\u00edo.<\/p>\n<p>Para evitar que la pintura del remolque de transporte de arena de cemento se corroa por el agua de mar, rociaremos una capa de cera en la superficie del remolque cisterna de polvo antes del transporte.<\/p>\n<p>Envolveremos todos los motores diesel del remolque cisterna de cemento con tela de lluvia.<\/p>\n<p style=\"text-align: center;\"><img decoding=\"async\" style=\"width: 649px; height: 768px;\" src=\"\/uploads\/other\/cement-sea-transport.jpg\" alt=\"Transporte mar\u00edtimo del remolque del cami\u00f3n de cemento\" \/><\/p>\n<p>&nbsp;<\/p>\n<h2>Venta de remolques cisterna para cemento a granel<\/h2>\n<p>Panda Mech es un fabricante de remolques cisterna de cemento de China. Suministramos camiones cisterna de cemento de 28-120 toneladas para la venta. Podemos personalizar de acuerdo a sus necesidades. Los fabricantes de Panda Mech han tenido \u00e9xito en el sudeste de Asia, Oriente Medio, \u00c1frica y Am\u00e9rica del Sur, como Filipinas, Tanzania, etc....\u00a0<strong><u><a href=\"https:\/\/www.semitanker.com\/es\/sobre\/\" rel=\"nofollow\"><span style=\"color: #0000cd;\">M\u00e1s sobre el panda...<\/span><\/a><\/u><\/strong><\/p>\n<p style=\"text-align: center;\"><a href=\"https:\/\/www.semitanker.com\/es\/contactar-con\/\"><img decoding=\"async\" style=\"width: 864px; height: 213px;\" src=\"\/uploads\/otros\/im\u00e1genes-de-venta.jpg\" alt=\"venta de remolques cisterna para cemento a granel\" \/><\/a><\/p>","protected":false},"excerpt":{"rendered":"<p>35 Ton cisterna de cemento utilizado para el transporte de cemento a granel seco, cal en polvo, arena y tipos de di\u00e1metro \u2264 0,1 mm de materiales en polvo a granel. 28m3 remolque cisterna de cemento capacidad de 30 ton.   35 Ton remolque cisterna de cemento im\u00e1genes 35 Ton remolque cisterna de cemento v\u00eddeo 35 Ton remolque cisterna de cemento especificaci\u00f3n Marca PANDA 35 Ton camiones cisterna de cemento remolques Volumen 28...<\/p>","protected":false},"featured_media":1978,"comment_status":"open","ping_status":"closed","template":"","meta":{"_seopress_robots_primary_cat":"none","_seopress_titles_title":"","_seopress_titles_desc":"","_seopress_robots_index":"","_kad_post_transparent":"","_kad_post_title":"","_kad_post_layout":"","_kad_post_sidebar_id":"","_kad_post_content_style":"","_kad_post_vertical_padding":"","_kad_post_feature":"","_kad_post_feature_position":"","_kad_post_header":false,"_kad_post_footer":false},"product_brand":[],"product_cat":[154],"product_tag":[],"class_list":{"0":"post-1892","1":"product","2":"type-product","3":"status-publish","4":"has-post-thumbnail","6":"product_cat-cement-transport-trailer","8":"first","9":"instock","10":"shipping-taxable","11":"product-type-simple","12":"entry","13":"content-bg","14":"loop-entry"},"_links":{"self":[{"href":"https:\/\/www.semitanker.com\/es\/wp-json\/wp\/v2\/product\/1892","targetHints":{"allow":["GET"]}}],"collection":[{"href":"https:\/\/www.semitanker.com\/es\/wp-json\/wp\/v2\/product"}],"about":[{"href":"https:\/\/www.semitanker.com\/es\/wp-json\/wp\/v2\/types\/product"}],"replies":[{"embeddable":true,"href":"https:\/\/www.semitanker.com\/es\/wp-json\/wp\/v2\/comments?post=1892"}],"wp:featuredmedia":[{"embeddable":true,"href":"https:\/\/www.semitanker.com\/es\/wp-json\/wp\/v2\/media\/1978"}],"wp:attachment":[{"href":"https:\/\/www.semitanker.com\/es\/wp-json\/wp\/v2\/media?parent=1892"}],"wp:term":[{"taxonomy":"product_brand","embeddable":true,"href":"https:\/\/www.semitanker.com\/es\/wp-json\/wp\/v2\/product_brand?post=1892"},{"taxonomy":"product_cat","embeddable":true,"href":"https:\/\/www.semitanker.com\/es\/wp-json\/wp\/v2\/product_cat?post=1892"},{"taxonomy":"product_tag","embeddable":true,"href":"https:\/\/www.semitanker.com\/es\/wp-json\/wp\/v2\/product_tag?post=1892"}],"curies":[{"name":"wp","href":"https:\/\/api.w.org\/{rel}","templated":true}]}}