{"id":1893,"date":"2022-05-05T14:35:20","date_gmt":"2022-05-05T06:35:20","guid":{"rendered":"https:\/\/semitanker.com\/?post_type=product&#038;p=1893"},"modified":"2022-10-09T18:50:44","modified_gmt":"2022-10-09T10:50:44","slug":"35-ton-dry-bulk-trailer-for-sale","status":"publish","type":"product","link":"https:\/\/www.semitanker.com\/es\/producto\/remolque-a-granel-de-35-toneladas-en-venta\/","title":{"rendered":"35 toneladas de remolque de carga seca para la venta"},"content":{"rendered":"<h2>\u00bfQu\u00e9 es un remolque de carga seca?<\/h2>\n<p>El remolque de carga seca Panda Mech es adecuado para transportar cemento a granel, cenizas de carb\u00f3n, cal en polvo, polvo mineral, arena, cenizas volantes y otros materiales en polvo con un di\u00e1metro de part\u00edcula no superior a 0,1 mm.<\/p>\n<p>El remolque de carga seca a granel se utiliza principalmente en f\u00e1bricas de cemento, almacenes de cemento y grandes obras de construcci\u00f3n. Los remolques a granel no s\u00f3lo reducen la tasa de p\u00e9rdida de material de potencia de cemento, sino que tambi\u00e9n mejoran la eficiencia de carga y descarga.<\/p>\n<p>Panda Mech\u00a0<strong><u><a href=\"\/es\/Specifications\/Pneumatic-trailer\/80-120-ton-cement-bulker-specs.html\/\"><span style=\"color: #0000cd;\">capacidad de los buques de transporte de cemento<\/span><\/a><\/u><\/strong><span style=\"color: #000080;\">:<\/span> 28-120 toneladas, volumen del remolque de alimentaci\u00f3n a granel: 22-100cbm.<\/p>\n<p>&nbsp;<\/p>\n<h2>Dep\u00f3sito de graneles secos<\/h2>\n<p>El tanque de graneles secos tiene varias tolvas en el fondo del tanque. Hay aberturas (\"o bocas de inspecci\u00f3n\") en la parte superior y posterior del tanque. Hay una v\u00e1lvula en la parte inferior de cada tolva. Esta v\u00e1lvula pasa a trav\u00e9s del remolque de graneles secos de abajo. En la tuber\u00eda extendida, estas v\u00e1lvulas se cierran cuando el material en polvo se transporta al remolque a granel. Cuando haya que descargar la mercanc\u00eda, el conductor las abrir\u00e1 y dejar\u00e1 que salga de la tolva a la tuber\u00eda.<\/p>\n<p>&nbsp;<\/p>\n<h2>Im\u00e1genes del remolque cisterna para cargas secas<\/h2>\n<p style=\"text-align: center;\"><img decoding=\"async\" src=\"\/uploads\/products\/w-type\/35ton-white-pneumatic-trailer\/7.jpg\" alt=\"remolque neum\u00e1tico para polvo a granel precio\" \/><\/p>\n<p style=\"text-align: center;\"><img decoding=\"async\" src=\"\/uploads\/products\/w-type\/35ton-white-pneumatic-trailer\/8.jpg\" alt=\"precio del remolque de carga seca para la venta\" \/><\/p>\n<h2>Especificaci\u00f3n de los remolques para cargas secas<\/h2>\n<p>Esta es la especificaci\u00f3n del remolque soplador de granos secos. Suministramos 28-120 toneladas <strong><u><a href=\"\/es\/pneumatic-trailer\/40-55-ton\/50-ton-cement-bulk-trailer-for-sale.html\/\"><span style=\"color: #0000cd;\">remolques de cemento a granel<\/span><\/a><\/u><\/strong> en venta.<\/p>\n<table style=\"margin: 0 auto;\" border=\"1\" width=\"800\" cellspacing=\"1\" cellpadding=\"1\">\n<tbody>\n<tr>\n<td width=\"165\" height=\"38\">\u00a0Marca<\/td>\n<td width=\"532\">\u00a0Remolque neum\u00e1tico para transporte de graneles Panda Mech<\/td>\n<\/tr>\n<tr>\n<td width=\"165\" height=\"38\">\u00a0Longitud<\/td>\n<td width=\"532\">\u00a09,5-12,5 metros<\/td>\n<\/tr>\n<tr>\n<td width=\"165\" height=\"38\">\u00a0Capacidad de los remolques para cargas secas<\/td>\n<td width=\"532\">\u00a028-120 toneladas<\/td>\n<\/tr>\n<tr>\n<td width=\"165\" height=\"38\">\u00a0Peso del remolque de carga seca<\/td>\n<td width=\"532\">\u00a05,8 toneladas (\u00b13%)<\/td>\n<\/tr>\n<tr>\n<td width=\"165\" height=\"55\">\u00a0Remolque para cargas secas d<span style=\"color: #000000;\">imensiones<\/span><\/td>\n<td width=\"532\">\u00a0(7500-11500)*2500*3600-4200mm<\/td>\n<\/tr>\n<tr>\n<td width=\"165\" height=\"37\">\u00a0Material de la carrocer\u00eda del cami\u00f3n cisterna<\/td>\n<td width=\"532\">\u00a0Acero o aluminio<\/td>\n<\/tr>\n<tr>\n<td width=\"165\" height=\"38\">\u00a0Motor diesel<\/td>\n<td width=\"532\">\u00a0Marca WEICHAI 4100\/4102<\/td>\n<\/tr>\n<tr>\n<td width=\"165\" height=\"38\">\u00a0Compresor<\/td>\n<td width=\"532\">\u00a0BOHAI, FUDA 10m3\/12 m3u otras marcas<\/td>\n<\/tr>\n<tr>\n<td width=\"165\" height=\"38\">\u00a0Tapa de alcantarilla<\/td>\n<td width=\"532\">\u00a0Acero al carbono o aluminio 500mm(Di\u00e1metro)<\/td>\n<\/tr>\n<tr>\n<td width=\"165\" height=\"55\">\u00a0V\u00e1lvula de descarga<\/td>\n<td width=\"532\">\u00a0El di\u00e1metro es de 3 o 4 pulgadas<\/td>\n<\/tr>\n<tr>\n<td width=\"165\" height=\"38\">\u00a0Vigas principales<\/td>\n<td width=\"532\">\u00a0Dise\u00f1o soldado, acero de alta resistencia<\/td>\n<\/tr>\n<tr>\n<td width=\"165\" height=\"55\">\u00a0Eje<\/td>\n<td width=\"532\">\u00a0De 1 a 4 juegos, ejes de 13,16,20 toneladas, BPW o SAF<\/td>\n<\/tr>\n<tr>\n<td width=\"165\" height=\"38\">\u00a0Tren de aterrizaje<\/td>\n<td width=\"532\">\u00a0JOST 28T<\/td>\n<\/tr>\n<tr>\n<td width=\"165\" height=\"38\">\u00a0Suspensi\u00f3n<\/td>\n<td width=\"532\">\u00a0Suspensi\u00f3n mec\u00e1nica o suspensi\u00f3n neum\u00e1tica<\/td>\n<\/tr>\n<tr>\n<td width=\"165\" height=\"38\">\u00a0Sistema de frenado<\/td>\n<td width=\"532\">\u00a0C\u00e1mara T100\/100, v\u00e1lvula de emergencia WABCO<\/td>\n<\/tr>\n<tr>\n<td width=\"165\" height=\"37\">\u00a0Neum\u00e1tico de remolque a granel<\/td>\n<td width=\"532\">\u00a012R22.5, 385\/65R22.5, 13R22.5, 12.00R24, 315\/80R22.5<\/td>\n<\/tr>\n<tr>\n<td width=\"165\" height=\"55\">\u00a0Piezas de remolques para cargas secas<\/td>\n<td width=\"532\">\u00a0barandilla neum\u00e1tica, motor de marca famosa, eje, luz de remolque neum\u00e1tico a granel de silo, neum\u00e1tico, granallado, pintura antioxidante de primera, alambre de remolque a granel, v\u00e1lvulas, v\u00e1lvula de liberaci\u00f3n, bolsa de aire interior, tren de aterrizaje, dispositivo de pulverizaci\u00f3n de agua, guardia lateral y caja de herramientas, cubierta de la boca de inspecci\u00f3n, defensas, soplador de remolque a granel seco, ba\u00f1eras de remolque a granel<\/td>\n<\/tr>\n<\/tbody>\n<\/table>\n<p>&nbsp;<\/p>\n<h2>Piezas de remolque para camiones de carga seca a granel<\/h2>\n<p><strong>Compresor de aire:<\/strong><\/p>\n<p>Al quemar gas\u00f3leo, el aire se comprime y se bombea al dep\u00f3sito a trav\u00e9s de una tuber\u00eda.<\/p>\n<p>Volumen de escape: 6-16m3\/min<\/p>\n<p>Velocidad de trabajo: 900\/950\/1000 r\/min<\/p>\n<p>M\u00e1s informaci\u00f3n sobre el compresor de aire<\/p>\n<p><strong>Tuber\u00edas:<\/strong><\/p>\n<p>El gas es guiado eficazmente para completar el soplado de holl\u00edn y la descarga de materiales en polvo<\/p>\n<p><strong>V\u00e1lvula de retenci\u00f3n:<\/strong><\/p>\n<p>Uno, al comprimir el aire en el dep\u00f3sito de cemento, evitar que el aire vuelva a fluir por la tuber\u00eda.<\/p>\n<p><strong>V\u00e1lvula de seguridad:<\/strong><\/p>\n<p>Cuando se utiliza un compresor de aire, debido a que el aire tiene que ser bombeado en el tanque, es probable que la presi\u00f3n en el tanque de cemento sea demasiado alta. Cuando la presi\u00f3n es demasiado alta, la v\u00e1lvula de seguridad se agota autom\u00e1ticamente.<\/p>\n<p><strong>V\u00e1lvula de descarga:<\/strong><\/p>\n<p>A trav\u00e9s de la conexi\u00f3n de la manguera y la v\u00e1lvula de descarga, el polvo y los materiales granulares se descargan al almac\u00e9n simple y a otros lugares.<\/p>\n<p><strong>V\u00e1lvula de asistencia al soplado:<\/strong><\/p>\n<p>Durante la descarga, a veces, puede ocurrir que el material en polvo no pueda descargarse en la tuber\u00eda. En ese momento, se necesita una v\u00e1lvula de asistencia al soplado para completar la descarga.<\/p>\n<p><strong>Fuente de aire externa:<\/strong><\/p>\n<p>Dado que algunos semirremolques de carga seca no disponen de compresor de aire, podemos utilizar una fuente de aire externa durante la descarga para completarla.<\/p>\n<p><strong>Man\u00f3metro:<\/strong><\/p>\n<p>A trav\u00e9s del man\u00f3metro, podemos ver la presi\u00f3n dentro del tanque para completar mejor la descarga.<\/p>\n<p><strong>Eje:<\/strong><\/p>\n<p>2-5 ejes, elija seg\u00fan las leyes y reglamentos nacionales y sus propias necesidades.<\/p>\n<p><strong>Muelle de hoja:<\/strong><\/p>\n<p>Los muelles de ballesta se utilizan habitualmente en las suspensiones de los veh\u00edculos de ruedas y se denominan muelles semiel\u00edpticos.<\/p>\n<p><strong>Levantar las orejas:<\/strong><\/p>\n<p>Las orejetas de elevaci\u00f3n soportan la ballesta<\/p>\n<p><strong>Caja de herramientas:<\/strong><\/p>\n<p>En el uso, muchas cosas necesitan ser guardadas y pueden ser puestas en la caja de herramientas.<\/p>\n<p><strong>luz:<\/strong><\/p>\n<p>Situado alrededor del buque cisterna de cemento a granel, sirve como indicador de advertencia.<\/p>\n<p>&nbsp;<\/p>\n<h2>\u00bfPor qu\u00e9 elegir Panda?<\/h2>\n<p>Panda ofrece m\u00e1s de 100 productos de Remolques de carga seca. Aproximadamente 95% de estos son equipos industriales generales.<\/p>\n<p>Una amplia variedad de opciones de bulker de cemento est\u00e1 disponibles para usted, como por ejemplo muestras pagadas.<\/p>\n<p>El proveedor de remolques para cargas secas ha exportado a m\u00e1s de 60 pa\u00edses,<\/p>\n<p>Los remolques de carga seca a granel son m\u00e1s populares en el Sudeste Asi\u00e1tico, \u00c1frica y Am\u00e9rica del Sur. Puede pasar el certificado ISO9001 para garantizar la calidad del cami\u00f3n cisterna para cargas secas.<\/p>\n<p>&nbsp;<\/p>\n<h2>Entender a Panda<\/h2>\n<p>Panda Mechanical Co., Ltd., aprobada por el Ministerio de Industria y Tecnolog\u00eda de la Informaci\u00f3n de China para producir tipos de semirremolques y veh\u00edculos comerciales.<\/p>\n<p>Panda tiene m\u00e1quinas de fabricaci\u00f3n de primera clase y tipos de equipos de prueba, introducir la tecnolog\u00eda avanzada internacional y la investigaci\u00f3n con la fabricaci\u00f3n de camiones famosos para mejorar la fuerza de dise\u00f1o. Cada veh\u00edculo producido por los trabajadores h\u00e1biles y experimentados, pasar 120 art\u00edculos inspecciones de control de calidad, el suministro de productos perfectos para el mundo.\u00a0<u><strong><a href=\"https:\/\/www.semitanker.com\/es\/sobre\/\"><span style=\"color: #0033cc;\">M\u00e1s...<\/span><\/a><\/strong><\/u><\/p>","protected":false},"excerpt":{"rendered":"<p>\u00bfQu\u00e9 es un remolque de carga seca a granel? El remolque de carga seca Panda Mech es adecuado para el transporte de cemento a granel, cenizas de carb\u00f3n, cal en polvo, polvo mineral, arena, cenizas volantes y otros materiales en polvo con un di\u00e1metro de part\u00edcula no superior a 0,1 mm. El remolque de carga seca a granel se utiliza principalmente en f\u00e1bricas de cemento, almacenes de cemento y grandes obras de construcci\u00f3n. Los remolques de transporte a granel no s\u00f3lo...<\/p>","protected":false},"featured_media":1974,"comment_status":"open","ping_status":"closed","template":"","meta":{"_seopress_robots_primary_cat":"none","_seopress_titles_title":"","_seopress_titles_desc":"","_seopress_robots_index":"","_kad_post_transparent":"","_kad_post_title":"","_kad_post_layout":"","_kad_post_sidebar_id":"","_kad_post_content_style":"","_kad_post_vertical_padding":"","_kad_post_feature":"","_kad_post_feature_position":"","_kad_post_header":false,"_kad_post_footer":false},"product_brand":[],"product_cat":[154],"product_tag":[],"class_list":{"0":"post-1893","1":"product","2":"type-product","3":"status-publish","4":"has-post-thumbnail","6":"product_cat-cement-transport-trailer","8":"first","9":"instock","10":"shipping-taxable","11":"product-type-simple","12":"entry","13":"content-bg","14":"loop-entry"},"_links":{"self":[{"href":"https:\/\/www.semitanker.com\/es\/wp-json\/wp\/v2\/product\/1893","targetHints":{"allow":["GET"]}}],"collection":[{"href":"https:\/\/www.semitanker.com\/es\/wp-json\/wp\/v2\/product"}],"about":[{"href":"https:\/\/www.semitanker.com\/es\/wp-json\/wp\/v2\/types\/product"}],"replies":[{"embeddable":true,"href":"https:\/\/www.semitanker.com\/es\/wp-json\/wp\/v2\/comments?post=1893"}],"wp:featuredmedia":[{"embeddable":true,"href":"https:\/\/www.semitanker.com\/es\/wp-json\/wp\/v2\/media\/1974"}],"wp:attachment":[{"href":"https:\/\/www.semitanker.com\/es\/wp-json\/wp\/v2\/media?parent=1893"}],"wp:term":[{"taxonomy":"product_brand","embeddable":true,"href":"https:\/\/www.semitanker.com\/es\/wp-json\/wp\/v2\/product_brand?post=1893"},{"taxonomy":"product_cat","embeddable":true,"href":"https:\/\/www.semitanker.com\/es\/wp-json\/wp\/v2\/product_cat?post=1893"},{"taxonomy":"product_tag","embeddable":true,"href":"https:\/\/www.semitanker.com\/es\/wp-json\/wp\/v2\/product_tag?post=1893"}],"curies":[{"name":"wp","href":"https:\/\/api.w.org\/{rel}","templated":true}]}}