{"id":1894,"date":"2021-12-21T14:36:00","date_gmt":"2021-12-21T06:36:00","guid":{"rendered":"https:\/\/semitanker.com\/?post_type=product&#038;p=1894"},"modified":"2022-06-09T21:28:00","modified_gmt":"2022-06-09T13:28:00","slug":"45-ton-vaccum-cement-trailer","status":"publish","type":"product","link":"https:\/\/www.semitanker.com\/es\/producto\/remolque-de-cemento-de-45-toneladas\/","title":{"rendered":"Remolque de cemento al vac\u00edo de 45 toneladas"},"content":{"rendered":"<p>Remolque de cemento al vac\u00edo utilizado para el transporte de cemento, cal, arena y tipos de di\u00e1metro \u2264 0,1 mm de materiales en polvo a granel.<\/p>\n<p>Buque de cemento al vac\u00edo con capacidad de 45 toneladas y volumen de 40 m3.<\/p>\n<p>&nbsp;<\/p>\n<h2>Im\u00e1genes del remolque de cemento al vac\u00edo<\/h2>\n<p style=\"text-align: center;\"><img decoding=\"async\" style=\"width: 800px; height: 533px;\" src=\"\/uploads\/products\/vaccum-bulker\/yellow-cement-trailer\/7.jpg\" alt=\"venta de remolques cisterna de cemento al vac\u00edo\" \/><\/p>\n<p style=\"text-align: center;\"><img decoding=\"async\" src=\"\/uploads\/products\/vaccum-bulker\/yellow-cement-trailer\/8.jpg\" alt=\"precio del remolque de cemento a granel en vac\u00edo\" \/><\/p>\n<h2>Especificaciones de los remolques de cemento a granel<\/h2>\n<p>La siguiente es una especificaci\u00f3n del bulker de cemento al vac\u00edo, si desea conocer las especificaciones y detalles del remolque de cemento al vac\u00edo de 28-120 toneladas, env\u00ede un correo electr\u00f3nico a <strong><u><a href=\"mailto:manager@pandamech.com\">manager@pandamech.com<\/a><\/u><\/strong><span style=\"color: #000080;\">.<\/span><\/p>\n<table style=\"margin: 0 auto;\" border=\"1\" width=\"800\" cellspacing=\"1\" cellpadding=\"1\">\n<tbody>\n<tr>\n<td width=\"221\" height=\"37\">\u00a0Marca<\/td>\n<td width=\"475\">\u00a0Buque autocargador Panda Mech<\/td>\n<\/tr>\n<tr>\n<td width=\"221\" height=\"37\">\u00a0Dimensi\u00f3n<\/td>\n<td width=\"475\">\u00a012000x2500x3900mm<\/td>\n<\/tr>\n<tr>\n<td width=\"221\" height=\"37\">\u00a0Capacidad\/volumen<\/td>\n<td width=\"475\">\u00a045 toneladas \/ 40 m3<\/td>\n<\/tr>\n<tr>\n<td width=\"221\" height=\"37\">\u00a0Motor<\/td>\n<td width=\"475\">\u00a0WeiCai Deutz diesel moto<\/td>\n<\/tr>\n<tr>\n<td width=\"221\" height=\"37\">\u00a0Peso<\/td>\n<td width=\"475\">\u00a06 toneladas<\/td>\n<\/tr>\n<tr>\n<td width=\"221\" height=\"37\">\u00a0Tapa de alcantarilla<\/td>\n<td width=\"475\">\u00a0De 2 a 4 juegos de 500 mm de di\u00e1metro<\/td>\n<\/tr>\n<tr>\n<td width=\"221\" height=\"37\">\u00a0V\u00e1lvula de descarga<\/td>\n<td width=\"475\">\u00a0V\u00e1lvula de disco de 4\u2033.<\/td>\n<\/tr>\n<tr>\n<td width=\"221\" height=\"37\">\u00a0Material de la carrocer\u00eda\/chasis<\/td>\n<td width=\"475\">\u00a0Acero de alta resistencia de 5 mm o 6 mm<\/td>\n<\/tr>\n<tr>\n<td width=\"221\" height=\"37\">\u00a0Estructura<\/td>\n<td width=\"475\">\u00a0Acero de alta resistencia Q345<\/td>\n<\/tr>\n<tr>\n<td width=\"221\" height=\"37\">\u00a0Tren de aterrizaje<\/td>\n<td width=\"475\">\u00a0JOST 28T<\/td>\n<\/tr>\n<tr>\n<td width=\"221\" height=\"37\">\u00a0Suspensi\u00f3n<\/td>\n<td width=\"475\">\u00a0Suspensi\u00f3n mec\u00e1nica, suspensi\u00f3n neum\u00e1tica<\/td>\n<\/tr>\n<tr>\n<td width=\"221\" height=\"37\">\u00a0Sistema de frenos<\/td>\n<td width=\"475\">\u00a0V\u00e1lvula de emergencia WABCO<\/td>\n<\/tr>\n<tr>\n<td width=\"221\" height=\"37\">\u00a0Eje<\/td>\n<td width=\"475\">\u00a03 ejes, 13,16,20 toneladas<\/td>\n<\/tr>\n<tr>\n<td width=\"221\" height=\"37\">\u00a0Neum\u00e1ticos<\/td>\n<td width=\"475\">\u00a012R22.5, 385\/65R22.5, 13R22.5, 12.00R24, 315\/80R22.5<\/td>\n<\/tr>\n<tr>\n<td width=\"221\" height=\"37\">\u00a0El rey Pin<\/td>\n<td width=\"475\">\u00a0Tipo desmontable JOST 2\u2033 o 3,5<\/td>\n<\/tr>\n<\/tbody>\n<\/table>\n<h2>Ventaja de los buld\u00f3ceres de cemento<\/h2>\n<ul>\n<li>1. El mejor acero crudo: El cuerpo del tanque y la construcci\u00f3n hecha de YP \u2265 620 acero de alta resistencia, aseguran una mayor vida \u00fatil del gestor y un menor peso de tara.<\/li>\n<li>2. Excelente rendimiento\uff1aEl dise\u00f1o \u00fanico asegura una tasa de descarga \uff1e 1,3t\/min, 15m de distancia de descarga vertical.<\/li>\n<li>3. Soldadura de calidad:  El buen acero con la calidad de la soldadura soporta una garant\u00eda m\u00e1s larga para los remolques de cemento al vac\u00edo.<\/li>\n<li>4. Pintura duradera: Todo el veh\u00edculo Shot blasting base limpia para la pintura, dos veces el apoyo de imprimaci\u00f3n m\u00e1s larga vida de la pintura.<\/li>\n<li>5. Dise\u00f1o: dibujo en 3D con Ansys e Hypermesh Analizar el apoyo razonable del dise\u00f1o del remolque de cemento a granel de vac\u00edo.<\/li>\n<\/ul>\n<p>&nbsp;<\/p>\n<h2>Transporte mar\u00edtimo de cemento a granel por vac\u00edo<\/h2>\n<p>Pediremos el carguero por adelantado antes de que se complete la producci\u00f3n, y realizaremos una inspecci\u00f3n despu\u00e9s de que se complete la producci\u00f3n. El remolque inspeccionado se enviar\u00e1 a usted de acuerdo con el \u00faltimo tiempo de env\u00edo.<\/p>\n<p>Para evitar que la pintura del remolque de transporte de arena de cemento se corroa por el agua de mar, rociaremos una capa de cera en la superficie del remolque cisterna de polvo antes del transporte.<\/p>\n<p>Envolveremos todos los motores diesel del remolque cisterna de cemento con tela de lluvia.<\/p>\n<p style=\"text-align: center;\"><img decoding=\"async\" style=\"width: 649px; height: 768px;\" src=\"\/uploads\/other\/cement-sea-transport.jpg\" alt=\"Transporte mar\u00edtimo de cemento al vac\u00edo\" \/><\/p>\n<p>&nbsp;<\/p>\n<h2>Venta de remolques de cemento al vac\u00edo<\/h2>\n<p>Panda Mech es un fabricante de camiones cisterna de cemento a granel de vac\u00edo de China. Suministramos remolques cisterna de cemento a granel de 28-120 toneladas para la venta. Podemos personalizar de acuerdo a sus necesidades. Los fabricantes de Panda Mech han tenido \u00e9xito en el sudeste de Asia, Oriente Medio, \u00c1frica y Am\u00e9rica del Sur, como Filipinas, Tanzania, etc....\u00a0\u00a0<strong><u><a href=\"https:\/\/www.semitanker.com\/es\/sobre\/\" rel=\"nofollow\"><span style=\"color: #0000cd;\">Acerca de PANDA...<\/span><\/a><\/u><\/strong><\/p>\n<p style=\"text-align: center;\"><a href=\"https:\/\/www.semitanker.com\/es\/contactar-con\/\" rel=\"nofollow\"><img decoding=\"async\" style=\"width: 864px; height: 213px;\" src=\"\/uploads\/otros\/im\u00e1genes-de-venta.jpg\" alt=\"Venta de camiones autocargadores de cemento\" \/><\/a><\/p>","protected":false},"excerpt":{"rendered":"<p>Remolque de cemento al vac\u00edo utilizado para el transporte de cemento, cal, arena, y tipos de di\u00e1metro \u2264 0,1 mm de materiales en polvo a granel. Capacidad del bulker del cemento del vac\u00edo 45 toneladas, volumen 40 m3.   Remolque para cemento al vac\u00edo im\u00e1genes Especificaciones del remolque para cemento al vac\u00edo Especificaciones del remolque para cemento al vac\u00edo Si desea conocer el remolque para cemento al vac\u00edo de 28-120 toneladas...<\/p>","protected":false},"featured_media":1967,"comment_status":"open","ping_status":"closed","template":"","meta":{"_seopress_robots_primary_cat":"none","_seopress_titles_title":"","_seopress_titles_desc":"","_seopress_robots_index":"","_kad_post_transparent":"","_kad_post_title":"","_kad_post_layout":"","_kad_post_sidebar_id":"","_kad_post_content_style":"","_kad_post_vertical_padding":"","_kad_post_feature":"","_kad_post_feature_position":"","_kad_post_header":false,"_kad_post_footer":false},"product_brand":[],"product_cat":[154],"product_tag":[],"class_list":{"0":"post-1894","1":"product","2":"type-product","3":"status-publish","4":"has-post-thumbnail","6":"product_cat-cement-transport-trailer","8":"first","9":"instock","10":"shipping-taxable","11":"product-type-simple","12":"entry","13":"content-bg","14":"loop-entry"},"_links":{"self":[{"href":"https:\/\/www.semitanker.com\/es\/wp-json\/wp\/v2\/product\/1894","targetHints":{"allow":["GET"]}}],"collection":[{"href":"https:\/\/www.semitanker.com\/es\/wp-json\/wp\/v2\/product"}],"about":[{"href":"https:\/\/www.semitanker.com\/es\/wp-json\/wp\/v2\/types\/product"}],"replies":[{"embeddable":true,"href":"https:\/\/www.semitanker.com\/es\/wp-json\/wp\/v2\/comments?post=1894"}],"wp:featuredmedia":[{"embeddable":true,"href":"https:\/\/www.semitanker.com\/es\/wp-json\/wp\/v2\/media\/1967"}],"wp:attachment":[{"href":"https:\/\/www.semitanker.com\/es\/wp-json\/wp\/v2\/media?parent=1894"}],"wp:term":[{"taxonomy":"product_brand","embeddable":true,"href":"https:\/\/www.semitanker.com\/es\/wp-json\/wp\/v2\/product_brand?post=1894"},{"taxonomy":"product_cat","embeddable":true,"href":"https:\/\/www.semitanker.com\/es\/wp-json\/wp\/v2\/product_cat?post=1894"},{"taxonomy":"product_tag","embeddable":true,"href":"https:\/\/www.semitanker.com\/es\/wp-json\/wp\/v2\/product_tag?post=1894"}],"curies":[{"name":"wp","href":"https:\/\/api.w.org\/{rel}","templated":true}]}}