{"id":1895,"date":"2022-05-01T14:37:36","date_gmt":"2022-05-01T06:37:36","guid":{"rendered":"https:\/\/semitanker.com\/?post_type=product&#038;p=1895"},"modified":"2022-10-12T01:33:28","modified_gmt":"2022-10-11T17:33:28","slug":"30-ton-flout-tanker-trailer","status":"publish","type":"product","link":"https:\/\/www.semitanker.com\/es\/producto\/30-toneladas-tanque-remolque\/","title":{"rendered":"Remolque cisterna de 30 toneladas"},"content":{"rendered":"<h2>\u00bfQu\u00e9 es un remolque cisterna para harina?<\/h2>\n<p>El remolque cisterna para harina es adecuado para transportar harina y otros materiales en polvo con un di\u00e1metro de part\u00edcula no superior a 0,1 mm. El remolque cisterna para harina transporta principalmente alimentos comestibles en polvo.<\/p>\n<p>Semirremolque de harina con capacidad de 20 a 50 toneladas, volumen de 40 a 100 cbm.<\/p>\n<p>&nbsp;<\/p>\n<h2>Im\u00e1genes de la cisterna de harina a granel<\/h2>\n<p style=\"text-align: center;\"><img decoding=\"async\" src=\"\/uploads\/products\/flout-tanker\/30ton-flour-tanker\/7.jpg\" alt=\"Buque cisterna de harina a granel\" \/><\/p>\n<p style=\"text-align: center;\"><img decoding=\"async\" src=\"\/uploads\/products\/flout-tanker\/30ton-flour-tanker\/8.jpg\" alt=\"Remolque cisterna para harina a granel\" \/><\/p>\n<p style=\"text-align: center;\"><img decoding=\"async\" src=\"\/uploads\/products\/flout-tanker\/30ton-flour-tanker\/10.jpg\" alt=\"Remolque cisterna para harina de 30 toneladas\" \/><\/p>\n<p>&nbsp;<\/p>\n<h2>V\u00eddeo del remolque de la cisterna de harina<\/h2>\n<p style=\"text-align: center;\"><iframe title=\"Reproductor de v\u00eddeo de YouTube\" src=\"https:\/\/www.youtube.com\/embed\/GVioVm4GG_8\" width=\"800\" height=\"533\" frameborder=\"0\" scrolling=\"no\" allowfullscreen=\"allowfullscreen\"><\/iframe><\/p>\n<p>&nbsp;<\/p>\n<h2>Especificaciones de la cisterna de harina<\/h2>\n<table style=\"margin: 0 auto;\" border=\"1\" width=\"800\" cellspacing=\"1\" cellpadding=\"1\">\n<tbody>\n<tr>\n<td width=\"202\" height=\"38\">\u00a0Marca<\/td>\n<td width=\"691\">\u00a0Panda Mech 30 toneladas de harina seca a granel<\/td>\n<\/tr>\n<tr>\n<td width=\"202\" height=\"38\">\u00a0Longitud*anchura*altura<\/td>\n<td width=\"691\">\u00a012000*2500*4000mm<\/td>\n<\/tr>\n<tr>\n<td width=\"202\" height=\"38\">\u00a0Capacidad\/volumen de la cisterna de harina<\/td>\n<td width=\"691\">\u00a0De 25 a 120 toneladas, de 22 a 100 metros c\u00fabicos<\/td>\n<\/tr>\n<tr>\n<td width=\"202\" height=\"38\">\u00a0Motor<\/td>\n<td width=\"691\">\u00a0Original WEICHAI Poer Modelo:4102<\/td>\n<\/tr>\n<tr>\n<td width=\"202\" height=\"38\">\u00a0Peso de la cisterna de harina<\/td>\n<td width=\"691\">\u00a012 toneladas<\/td>\n<\/tr>\n<tr>\n<td width=\"202\" height=\"38\">\u00a0Tapa de alcantarilla<\/td>\n<td width=\"691\">\u00a0De 2 a 4 juegos de 500 mm de di\u00e1metro<\/td>\n<\/tr>\n<tr>\n<td width=\"202\" height=\"38\">\u00a0V\u00e1lvula de descarga<\/td>\n<td width=\"691\">\u00a0V\u00e1lvula de disco de 4\u2033.<\/td>\n<\/tr>\n<tr>\n<td width=\"202\" height=\"38\">\u00a0Material de la carrocer\u00eda\/chasis<\/td>\n<td width=\"691\">\u00a0Acero de alta resistencia de 5 mm o 6 mm<\/td>\n<\/tr>\n<tr>\n<td width=\"202\" height=\"38\">\u00a0Estructura<\/td>\n<td width=\"691\">\u00a0Acero de alta resistencia Q345<\/td>\n<\/tr>\n<tr>\n<td width=\"202\" height=\"38\">\u00a0Tren de aterrizaje<\/td>\n<td width=\"691\">\u00a0JOST 28T<\/td>\n<\/tr>\n<tr>\n<td width=\"202\" height=\"38\">\u00a0Suspensi\u00f3n<\/td>\n<td width=\"691\">\u00a0Suspensi\u00f3n mec\u00e1nica, suspensi\u00f3n neum\u00e1tica<\/td>\n<\/tr>\n<tr>\n<td width=\"202\" height=\"38\">\u00a0Compresor de aire<\/td>\n<td width=\"691\">\u00a0Norma 10 CBM<\/td>\n<\/tr>\n<tr>\n<td width=\"202\" height=\"38\">\u00a0Sistema de frenos<\/td>\n<td width=\"691\">\u00a0V\u00e1lvula de emergencia WABCO<\/td>\n<\/tr>\n<tr>\n<td width=\"202\" height=\"38\">\u00a0Eje<\/td>\n<td width=\"691\">\u00a01 a 4 juegos, ejes de 13,16,20 toneladas\uff1b BPW\/FUWA<\/td>\n<\/tr>\n<tr>\n<td width=\"202\" height=\"38\">\u00a0Caja de herramientas<\/td>\n<td width=\"691\">\u00a01 juego<\/td>\n<\/tr>\n<tr>\n<td width=\"202\" height=\"38\">\u00a0Neum\u00e1ticos<\/td>\n<td width=\"691\">\u00a012R22.5, 385\/65R22.5, 13R22.5, 12.00R24, 315\/80R22.5<\/td>\n<\/tr>\n<tr>\n<td width=\"202\" height=\"38\">\u00a0El rey Pin<\/td>\n<td width=\"691\">\u00a0Tipo desmontable JOST 2\u2033 o 3,5<\/td>\n<\/tr>\n<\/tbody>\n<\/table>\n<p>&nbsp;<\/p>\n<h2>8 razones para elegir la cisterna de harina panda<\/h2>\n<ul>\n<li>1. El mejor acero crudo: El cuerpo del tanque y la construcci\u00f3n hecha de YP \u2265 620 acero de alta resistencia, aseguran una mayor vida \u00fatil del gestor y un menor peso de tara.<\/li>\n<li>2. Excelente rendimiento\uff1aEl dise\u00f1o \u00fanico asegura una tasa de descarga \uff1e 1,3t\/min, 15m de distancia de descarga vertical.<\/li>\n<li>3. Soldadura de calidad:  Un buen acero con una soldadura de calidad soporta una garant\u00eda m\u00e1s larga para el transporte de la harina.<\/li>\n<li>4. Pintura duradera: Todo el veh\u00edculo Shot blasting base limpia para la pintura, dos veces el apoyo de imprimaci\u00f3n m\u00e1s larga vida de la pintura.<\/li>\n<li>5. Dise\u00f1o de remolques de harina: dibujo en 3D con Ansys y Hypermesh Analyze apoyan el dise\u00f1o razonable.<\/li>\n<li>6. R\u00e1pida velocidad de descarga.<\/li>\n<li>7. Alto rendimiento de seguridad.<\/li>\n<li>8. F\u00e1cil de manejar.<\/li>\n<\/ul>\n<p>&nbsp;<\/p>\n<h2>Transporte mar\u00edtimo del remolque cisterna de harina<\/h2>\n<p>Para evitar que la pintura del cami\u00f3n cisterna se corroa por el agua de mar, rociaremos una capa de cera en la superficie del cami\u00f3n cisterna antes del transporte.<\/p>\n<p>Envolveremos todos los motores diesel del remolque cisterna de harina con tela de lluvia.<\/p>\n<p>&nbsp;<\/p>\n<h2>Entender el Panda Mech<\/h2>\n<p>Panda Mechanical Co., Ltd., aprobada por el Ministerio de Industria y Tecnolog\u00eda de la Informaci\u00f3n de China para producir tipos de semirremolques y veh\u00edculos comerciales.<\/p>\n<p>Panda tiene m\u00e1quinas de fabricaci\u00f3n de primera clase y tipos de equipos de prueba, introduce la tecnolog\u00eda avanzada internacional, y las investigaciones con la fabricaci\u00f3n de camiones famosos para mejorar la fuerza del dise\u00f1o. Cada veh\u00edculo producido por los trabajadores h\u00e1biles y experimentados, pasar 120 inspecciones de control de calidad art\u00edculo, el suministro de productos perfectos para el mundo.\u00a0<u><strong><a href=\"https:\/\/www.semitanker.com\/es\/sobre\/\"><span style=\"color: #0000cd;\">M\u00e1s...<\/span><\/a><\/strong><\/u><\/p>","protected":false},"excerpt":{"rendered":"<p>\u00bfQu\u00e9 es el remolque cisterna para harina? El remolque cisterna para harina es adecuado para transportar harina y otros materiales en polvo con un di\u00e1metro de part\u00edcula no superior a 0,1 mm. El semirremolque cisterna para harina transporta principalmente alimentos comestibles en polvo. El semirremolque cisterna para harina tiene una capacidad de 20 a 50 toneladas y un volumen de 40 a 100 metros c\u00fabicos.   Im\u00e1genes del cami\u00f3n cisterna de harina...<\/p>","protected":false},"featured_media":1960,"comment_status":"open","ping_status":"closed","template":"","meta":{"_seopress_robots_primary_cat":"none","_seopress_titles_title":"","_seopress_titles_desc":"","_seopress_robots_index":"","_kad_post_transparent":"","_kad_post_title":"","_kad_post_layout":"","_kad_post_sidebar_id":"","_kad_post_content_style":"","_kad_post_vertical_padding":"","_kad_post_feature":"","_kad_post_feature_position":"","_kad_post_header":false,"_kad_post_footer":false},"product_brand":[],"product_cat":[154],"product_tag":[],"class_list":{"0":"post-1895","1":"product","2":"type-product","3":"status-publish","4":"has-post-thumbnail","6":"product_cat-cement-transport-trailer","8":"first","9":"instock","10":"shipping-taxable","11":"product-type-simple","12":"entry","13":"content-bg","14":"loop-entry"},"_links":{"self":[{"href":"https:\/\/www.semitanker.com\/es\/wp-json\/wp\/v2\/product\/1895","targetHints":{"allow":["GET"]}}],"collection":[{"href":"https:\/\/www.semitanker.com\/es\/wp-json\/wp\/v2\/product"}],"about":[{"href":"https:\/\/www.semitanker.com\/es\/wp-json\/wp\/v2\/types\/product"}],"replies":[{"embeddable":true,"href":"https:\/\/www.semitanker.com\/es\/wp-json\/wp\/v2\/comments?post=1895"}],"wp:featuredmedia":[{"embeddable":true,"href":"https:\/\/www.semitanker.com\/es\/wp-json\/wp\/v2\/media\/1960"}],"wp:attachment":[{"href":"https:\/\/www.semitanker.com\/es\/wp-json\/wp\/v2\/media?parent=1895"}],"wp:term":[{"taxonomy":"product_brand","embeddable":true,"href":"https:\/\/www.semitanker.com\/es\/wp-json\/wp\/v2\/product_brand?post=1895"},{"taxonomy":"product_cat","embeddable":true,"href":"https:\/\/www.semitanker.com\/es\/wp-json\/wp\/v2\/product_cat?post=1895"},{"taxonomy":"product_tag","embeddable":true,"href":"https:\/\/www.semitanker.com\/es\/wp-json\/wp\/v2\/product_tag?post=1895"}],"curies":[{"name":"wp","href":"https:\/\/api.w.org\/{rel}","templated":true}]}}