{"id":1897,"date":"2022-05-17T14:38:28","date_gmt":"2022-05-17T06:38:28","guid":{"rendered":"https:\/\/semitanker.com\/?post_type=product&#038;p=1897"},"modified":"2023-06-22T15:30:20","modified_gmt":"2023-06-22T07:30:20","slug":"25-ton-bulk-cement-tanker-for-sale","status":"publish","type":"product","link":"https:\/\/www.semitanker.com\/es\/producto\/cisterna-de-cemento-a-granel-de-25-toneladas-en-venta\/","title":{"rendered":"Se vende cami\u00f3n cisterna de cemento a granel de 25 toneladas"},"content":{"rendered":"<p>El cami\u00f3n cisterna de cemento a granel se utiliza para el transporte de cemento, cal, arena. Se utiliza principalmente en las f\u00e1bricas de cemento, almacenes de cemento, placas de hormig\u00f3n y grandes obras de construcci\u00f3n.<\/p>\n<p>Suministramos remolques de cemento a granel con una capacidad de 28-120 toneladas y un volumen de 22-100 cbm. Podemos personalizarlo seg\u00fan sus necesidades.<\/p>\n<h2>Im\u00e1genes de camiones cisterna de cemento a granel<\/h2>\n<p style=\"text-align: center;\"><img decoding=\"async\" src=\"\/uploads\/products\/25ton-cement-trailer\/8.jpg\" alt=\"Cisterna de cemento a granel\" \/><\/p>\n<h2>Especificaciones del remolque cisterna para cemento a granel<\/h2>\n<table style=\"margin: 0 auto;\" border=\"1\" width=\"800\" cellspacing=\"1\" cellpadding=\"1\">\n<tbody>\n<tr>\n<td width=\"165\" height=\"38\">\u00a0Marca<\/td>\n<td width=\"532\">\u00a0Remolque cisterna de cemento a granel Panda Mech<\/td>\n<\/tr>\n<tr>\n<td width=\"165\" height=\"38\">\u00a0Volumen (m3)<\/td>\n<td width=\"532\">\u00a020 cum<\/td>\n<\/tr>\n<tr>\n<td width=\"165\" height=\"38\">\u00a0Capacidad<\/td>\n<td width=\"532\">\u00a025 toneladas<\/td>\n<\/tr>\n<tr>\n<td width=\"165\" height=\"38\">\u00a0Peso<\/td>\n<td width=\"532\">\u00a05,5 toneladas<\/td>\n<\/tr>\n<tr>\n<td width=\"165\" height=\"55\">\u00a0Dimensiones<\/td>\n<td width=\"532\">\u00a07000*2500*3900mm<\/td>\n<\/tr>\n<tr>\n<td width=\"165\" height=\"37\">\u00a0Material<\/td>\n<td width=\"532\">\u00a0Acero<\/td>\n<\/tr>\n<tr>\n<td width=\"165\" height=\"38\">\u00a0Motor diesel<\/td>\n<td width=\"532\">\u00a0Marca WEICHAI 4100\/4102<\/td>\n<\/tr>\n<tr>\n<td width=\"165\" height=\"38\">\u00a0Compresor<\/td>\n<td width=\"532\">\u00a0BOHAI, FUDA 10m3\/12 m3u otras marcas<\/td>\n<\/tr>\n<tr>\n<td width=\"165\" height=\"38\">\u00a0Tapa de alcantarilla<\/td>\n<td width=\"532\">\u00a0Acero al carbono o aluminio 500mm(Di\u00e1metro)<\/td>\n<\/tr>\n<tr>\n<td width=\"165\" height=\"55\">\u00a0V\u00e1lvula de descarga<\/td>\n<td width=\"532\">\u00a0El di\u00e1metro es de 3 o 4 pulgadas<\/td>\n<\/tr>\n<tr>\n<td width=\"165\" height=\"38\">\u00a0Vigas principales<\/td>\n<td width=\"532\">\u00a0Dise\u00f1o soldado, acero de alta resistencia<\/td>\n<\/tr>\n<tr>\n<td width=\"165\" height=\"55\">\u00a0Eje<\/td>\n<td width=\"532\">\u00a0Eje de freno de tambor de 13t de la marca \"BPW\", dos ejes, 10nos<\/td>\n<\/tr>\n<tr>\n<td width=\"165\" height=\"38\">\u00a0Tren de aterrizaje<\/td>\n<td width=\"532\">\u00a0JOST<\/td>\n<\/tr>\n<tr>\n<td width=\"165\" height=\"38\">\u00a0Suspensi\u00f3n<\/td>\n<td width=\"532\">\u00a0Suspensi\u00f3n mec\u00e1nica<\/td>\n<\/tr>\n<tr>\n<td width=\"165\" height=\"38\">\u00a0Sistema de frenado neum\u00e1tico<\/td>\n<td width=\"532\">\u00a0WABCO<\/td>\n<\/tr>\n<tr>\n<td width=\"165\" height=\"37\">\u00a0Neum\u00e1ticos<\/td>\n<td width=\"532\">\u00a012R22.5<\/td>\n<\/tr>\n<\/tbody>\n<\/table>\n<p>&nbsp;<\/p>\n<h2>Ventajas de los remolques de cemento a granel<\/h2>\n<p>1. El mejor acero crudo: El cuerpo del tanque y la construcci\u00f3n hecha de YP \u2265 620 acero de alta resistencia, aseguran una mayor vida \u00fatil del gestor y un menor peso de tara.<\/p>\n<p>2. Excelente rendimiento\uff1aEl dise\u00f1o \u00fanico asegura una velocidad de descarga \uff1e 1,3t\/min, 15m de distancia de descarga vertical.<\/p>\n<p>3. Soldadura de calidad:  El buen acero con la calidad de la soldadura soporta una garant\u00eda m\u00e1s larga para los remolques de cemento.<\/p>\n<p>4. Pintura duradera: todo el veh\u00edculo se somete a un proceso de granallado para limpiar la base de la pintura, el doble de la imprimaci\u00f3n ayuda a alargar la vida de la pintura.<\/p>\n<p>5. Dise\u00f1o de remolques de cemento: dibujo en 3D con Ansys &amp; Hypermesh Analyze soporte de dise\u00f1o razonable.<\/p>\n<p>&nbsp;<\/p>\n<h2>Transporte mar\u00edtimo de cemento a granel<\/h2>\n<p>Pediremos el carguero por adelantado antes de que se complete la producci\u00f3n, y realizaremos una inspecci\u00f3n despu\u00e9s de que se complete la producci\u00f3n. El remolque inspeccionado se enviar\u00e1 a usted de acuerdo con el \u00faltimo tiempo de env\u00edo.<\/p>\n<p>Para evitar que la pintura del remolque de transporte de arena de cemento se corroa por el agua de mar, rociaremos una capa de cera en la superficie del remolque cisterna de polvo antes del transporte.<\/p>\n<p>Envolveremos todos los motores diesel del remolque cisterna de cemento con tela de lluvia.<\/p>\n<p style=\"text-align: center;\"><img decoding=\"async\" style=\"width: 649px; height: 768px;\" src=\"\/uploads\/other\/cement-sea-transport.jpg\" alt=\"Transporte mar\u00edtimo del remolque cisterna de cemento a granel\" \/><\/p>\n<p>&nbsp;<\/p>\n<h2>Venta de camiones cisterna de cemento a granel<\/h2>\n<p>Panda Mech es un fabricante de camiones cisterna para cemento a granel de China. Suministramos 28-120 toneladas de cemento a granel<span style=\"color: #000080;\">\u00a0venta de camiones cisterna<\/span>. Podemos personalizar seg\u00fan sus necesidades. Los fabricantes de Panda Mech han tenido \u00e9xito en el sudeste asi\u00e1tico, Oriente Medio, \u00c1frica y Sudam\u00e9rica, como Filipinas, Tanzania, etc.\u00a0<strong><u><a href=\"https:\/\/www.semitanker.com\/es\/sobre\/\" rel=\"nofollow\"><span style=\"color: #0000cd;\">M\u00e1s...<\/span><\/a><\/u><\/strong><\/p>\n<p style=\"text-align: center;\"><a href=\"https:\/\/www.semitanker.com\/es\/contactar-con\/\"><img decoding=\"async\" style=\"width: 864px; height: 213px;\" src=\"\/uploads\/otros\/im\u00e1genes-de-venta.jpg\" alt=\"remolque cisterna para cemento a granel\" \/><\/a><\/p>","protected":false},"excerpt":{"rendered":"<p>Cami\u00f3n cisterna de cemento a granel se utiliza para el transporte de cemento, cal, arena. Se utiliza principalmente en f\u00e1bricas de cemento, cementeras, placas de hormig\u00f3n y grandes obras de construcci\u00f3n. Suministramos remolque de cemento a granel con capacidad: 28-120 toneladas, volumen 22-100 cbm. Podemos personalizarlo de acuerdo a sus necesidades. Cami\u00f3n cisterna de cemento a granel im\u00e1genes Cami\u00f3n cisterna de cemento a granel especificaciones...<\/p>","protected":false},"featured_media":1952,"comment_status":"open","ping_status":"closed","template":"","meta":{"_seopress_robots_primary_cat":"none","_seopress_titles_title":"","_seopress_titles_desc":"","_seopress_robots_index":"","_kad_post_transparent":"","_kad_post_title":"","_kad_post_layout":"","_kad_post_sidebar_id":"","_kad_post_content_style":"","_kad_post_vertical_padding":"","_kad_post_feature":"","_kad_post_feature_position":"","_kad_post_header":false,"_kad_post_footer":false},"product_brand":[],"product_cat":[154],"product_tag":[],"class_list":{"0":"post-1897","1":"product","2":"type-product","3":"status-publish","4":"has-post-thumbnail","6":"product_cat-cement-transport-trailer","8":"first","9":"instock","10":"shipping-taxable","11":"product-type-simple","12":"entry","13":"content-bg","14":"loop-entry"},"_links":{"self":[{"href":"https:\/\/www.semitanker.com\/es\/wp-json\/wp\/v2\/product\/1897","targetHints":{"allow":["GET"]}}],"collection":[{"href":"https:\/\/www.semitanker.com\/es\/wp-json\/wp\/v2\/product"}],"about":[{"href":"https:\/\/www.semitanker.com\/es\/wp-json\/wp\/v2\/types\/product"}],"replies":[{"embeddable":true,"href":"https:\/\/www.semitanker.com\/es\/wp-json\/wp\/v2\/comments?post=1897"}],"wp:featuredmedia":[{"embeddable":true,"href":"https:\/\/www.semitanker.com\/es\/wp-json\/wp\/v2\/media\/1952"}],"wp:attachment":[{"href":"https:\/\/www.semitanker.com\/es\/wp-json\/wp\/v2\/media?parent=1897"}],"wp:term":[{"taxonomy":"product_brand","embeddable":true,"href":"https:\/\/www.semitanker.com\/es\/wp-json\/wp\/v2\/product_brand?post=1897"},{"taxonomy":"product_cat","embeddable":true,"href":"https:\/\/www.semitanker.com\/es\/wp-json\/wp\/v2\/product_cat?post=1897"},{"taxonomy":"product_tag","embeddable":true,"href":"https:\/\/www.semitanker.com\/es\/wp-json\/wp\/v2\/product_tag?post=1897"}],"curies":[{"name":"wp","href":"https:\/\/api.w.org\/{rel}","templated":true}]}}