{"id":1898,"date":"2021-12-21T14:38:50","date_gmt":"2021-12-21T06:38:50","guid":{"rendered":"https:\/\/semitanker.com\/?post_type=product&#038;p=1898"},"modified":"2022-06-10T09:36:30","modified_gmt":"2022-06-10T01:36:30","slug":"b-double-cement-bulker","status":"publish","type":"product","link":"https:\/\/www.semitanker.com\/es\/producto\/b-doble-cemento-bulker\/","title":{"rendered":"B Buque doble de cemento"},"content":{"rendered":"<p>B doble cemento bulker como conocido como b doble cemento remolque. B doble pcement bulker utilizado para el transporte de cemento, cal, arena y tipos de di\u00e1metro \u2264 0,1 mm materiales a granel de polvo, la funci\u00f3n m\u00e1s grande del tanque de polvo es ser utilizado para el transporte a granel.<\/p>\n<p>&nbsp;<\/p>\n<h2>Im\u00e1genes de los buques de transporte de cemento doble B<\/h2>\n<p style=\"text-align: center;\"><img decoding=\"async\" style=\"height: 533px; width: 800px;\" src=\"\/uploads\/products\/b-double\/7.jpg\" alt=\"b remolque cisterna doble para polvo\" \/><\/p>\n<p style=\"text-align: center;\"><img decoding=\"async\" style=\"width: 800px; height: 533px;\" src=\"\/uploads\/products\/b-double\/8.jpg\" alt=\"b semirremolque doble para cemento\" \/><\/p>\n<p>&nbsp;<\/p>\n<h2>Especificaciones de los buques cementeros dobles B<\/h2>\n<table style=\"margin: 0 auto;\" border=\"1\" width=\"800\" cellspacing=\"1\" cellpadding=\"1\">\n<tbody>\n<tr>\n<td width=\"221\" height=\"37\">\u00a0Marca<\/td>\n<td width=\"475\">\u00a0Remolque de cemento doble Panda Mech b<\/td>\n<\/tr>\n<tr>\n<td width=\"221\" height=\"37\">\u00a0Dimensiones<\/td>\n<td width=\"475\">\u00a07500-14500x2500x3900-4200mm (length*width*hieght)<\/td>\n<\/tr>\n<tr>\n<td width=\"221\" height=\"37\">\u00a0Capacidad<\/td>\n<td width=\"475\">\u00a030-120 toneladas<\/td>\n<\/tr>\n<tr>\n<td width=\"221\" height=\"37\">\u00a0Motor<\/td>\n<td width=\"475\">\u00a0WeiCai Deutz diesel moto<\/td>\n<\/tr>\n<tr>\n<td width=\"221\" height=\"37\">\u00a0Peso del bulto de cemento<\/td>\n<td width=\"475\">\u00a05,8 toneladas (tara)<\/td>\n<\/tr>\n<tr>\n<td width=\"221\" height=\"37\">\u00a0Tapa de alcantarilla<\/td>\n<td width=\"475\">\u00a0De 2 a 4 juegos de 500 mm de di\u00e1metro<\/td>\n<\/tr>\n<tr>\n<td width=\"221\" height=\"37\">\u00a0V\u00e1lvula de descarga<\/td>\n<td width=\"475\">\u00a0V\u00e1lvula de disco de 4\u2033.<\/td>\n<\/tr>\n<tr>\n<td width=\"221\" height=\"37\">\u00a0Material de la carrocer\u00eda\/chasis<\/td>\n<td width=\"475\">\u00a0Acero de alta resistencia de 5 mm o 6 mm<\/td>\n<\/tr>\n<tr>\n<td width=\"221\" height=\"37\">\u00a0Tanques de almacenamiento<\/td>\n<td width=\"475\">\u00a0Acero de alta resistencia Q345<\/td>\n<\/tr>\n<tr>\n<td width=\"221\" height=\"37\">\u00a0Tren de aterrizaje<\/td>\n<td width=\"475\">\u00a0JOST 28T<\/td>\n<\/tr>\n<tr>\n<td width=\"221\" height=\"37\">\u00a0Suspensi\u00f3n<\/td>\n<td width=\"475\">\u00a0Suspensi\u00f3n mec\u00e1nica o neum\u00e1tica<\/td>\n<\/tr>\n<tr>\n<td width=\"221\" height=\"37\">\u00a0Sistema de frenos<\/td>\n<td width=\"475\">\u00a0V\u00e1lvula de emergencia WABCO<\/td>\n<\/tr>\n<tr>\n<td width=\"221\" height=\"37\">\u00a0Eje<\/td>\n<td width=\"475\">\u00a02\/3\/4 ejes<\/td>\n<\/tr>\n<tr>\n<td width=\"221\" height=\"37\">\u00a0Neum\u00e1ticos<\/td>\n<td width=\"475\">\u00a012R22.5, 385\/65R22.5, 13R22.5, 12.00R24, 315\/80R22.5<\/td>\n<\/tr>\n<tr>\n<td width=\"221\" height=\"37\">\u00a0El rey Pin<\/td>\n<td width=\"475\">\u00a0Tipo desmontable JOST 2\u2033 o 3,5<\/td>\n<\/tr>\n<tr>\n<td width=\"221\" height=\"37\">\u00a0Color<\/td>\n<td width=\"475\">\u00a0Personalice<\/td>\n<\/tr>\n<\/tbody>\n<\/table>\n<h2>Ventajas exclusivas del buque cementero doble Panda b<\/h2>\n<p>1. El mejor acero crudo: El cuerpo y la construcci\u00f3n de los tanques de almacenamiento de cemento a granel hechos de acero de alta resistencia YP \u2265 620, garantizan una mayor vida \u00fatil del gestor y un menor peso de la tara.<\/p>\n<p>2. Excelente rendimiento\uff1aEl dise\u00f1o \u00fanico asegura una velocidad de descarga \uff1e 1,3t\/min, 15m de distancia de descarga vertical.<\/p>\n<p>3. Soldadura de calidad:  El buen acero con la calidad de la soldadura soporta una garant\u00eda m\u00e1s larga para los remolques de cemento b doble.<\/p>\n<p>4. Pintura duradera: todo el veh\u00edculo se somete a un proceso de granallado para limpiar la base de la pintura, el doble de la imprimaci\u00f3n ayuda a alargar la vida de la pintura.<\/p>\n<p>5. Dise\u00f1o: dibujo en 3D con Ansys y Hypermesh Analyze soporte de dise\u00f1o razonable.<\/p>\n<p>&nbsp;<\/p>\n<h2>\u00bfPor qu\u00e9 elegir Panda?<\/h2>\n<p>Panda ofrece 100+ productos de remolque de cemento doble b. Aproximadamente 95% de estos son equipos industriales generales.<\/p>\n<p>Una amplia variedad de opciones de bulker de cemento est\u00e1 disponibles para usted, como por ejemplo muestras pagadas.<\/p>\n<p>El proveedor de bulks de cemento ha exportado a m\u00e1s de 60 pa\u00edses,<\/p>\n<p>Los remolques de cemento son m\u00e1s populares en el sudeste asi\u00e1tico, \u00c1frica y Am\u00e9rica del Sur. Puede pasar el certificado ISO9001 para garantizar la calidad de la b doble cemento bulker.<\/p>\n<p>&nbsp;<\/p>\n<h2>Acerca de Panda<\/h2>\n<p>Panda Mechanical Co., Ltd., aprobada por el Ministerio de Industria y Tecnolog\u00eda de la Informaci\u00f3n de China para producir tipos de semirremolques y veh\u00edculos comerciales.<\/p>\n<p>Panda tiene m\u00e1quinas de fabricaci\u00f3n de primera clase y tipos de equipos de prueba, introduce la tecnolog\u00eda avanzada internacional, y las investigaciones con la fabricaci\u00f3n de camiones famosos para mejorar la fuerza del dise\u00f1o. Cada veh\u00edculo producido por los trabajadores h\u00e1biles y experimentados, pasar 120 inspecciones de control de calidad art\u00edculo, el suministro de productos perfectos para el mundo. <a href=\"https:\/\/www.semitanker.com\/es\/sobre\/\"><span style=\"color: #0000cd;\"><strong><u>M\u00e1s...<\/u><\/strong><\/span><\/a><\/p>\n<p style=\"text-align: center;\"><a href=\"https:\/\/www.semitanker.com\/es\/contactar-con\/\"><img decoding=\"async\" style=\"width: 864px; height: 213px;\" src=\"\/uploads\/otros\/im\u00e1genes-de-venta.jpg\" alt=\"b doble bulker de cemento\" \/><\/a><\/p>","protected":false},"excerpt":{"rendered":"<p>B doble cemento bulker como conocido como b doble cemento remolque. B doble cemento bulker utilizado para el transporte de cemento, cal, arena y tipos de di\u00e1metro \u2264 0,1 mm a granel materiales en polvo, la mayor funci\u00f3n del tanque de polvo es ser utilizado para el transporte a granel.   B doble cemento bulker im\u00e1genes B doble cemento bulker especificaciones...<\/p>","protected":false},"featured_media":1949,"comment_status":"open","ping_status":"closed","template":"","meta":{"_seopress_robots_primary_cat":"none","_seopress_titles_title":"","_seopress_titles_desc":"","_seopress_robots_index":"","_kad_post_transparent":"","_kad_post_title":"","_kad_post_layout":"","_kad_post_sidebar_id":"","_kad_post_content_style":"","_kad_post_vertical_padding":"","_kad_post_feature":"","_kad_post_feature_position":"","_kad_post_header":false,"_kad_post_footer":false},"product_brand":[],"product_cat":[154],"product_tag":[],"class_list":{"0":"post-1898","1":"product","2":"type-product","3":"status-publish","4":"has-post-thumbnail","6":"product_cat-cement-transport-trailer","8":"first","9":"instock","10":"shipping-taxable","11":"product-type-simple","12":"entry","13":"content-bg","14":"loop-entry"},"_links":{"self":[{"href":"https:\/\/www.semitanker.com\/es\/wp-json\/wp\/v2\/product\/1898","targetHints":{"allow":["GET"]}}],"collection":[{"href":"https:\/\/www.semitanker.com\/es\/wp-json\/wp\/v2\/product"}],"about":[{"href":"https:\/\/www.semitanker.com\/es\/wp-json\/wp\/v2\/types\/product"}],"replies":[{"embeddable":true,"href":"https:\/\/www.semitanker.com\/es\/wp-json\/wp\/v2\/comments?post=1898"}],"wp:featuredmedia":[{"embeddable":true,"href":"https:\/\/www.semitanker.com\/es\/wp-json\/wp\/v2\/media\/1949"}],"wp:attachment":[{"href":"https:\/\/www.semitanker.com\/es\/wp-json\/wp\/v2\/media?parent=1898"}],"wp:term":[{"taxonomy":"product_brand","embeddable":true,"href":"https:\/\/www.semitanker.com\/es\/wp-json\/wp\/v2\/product_brand?post=1898"},{"taxonomy":"product_cat","embeddable":true,"href":"https:\/\/www.semitanker.com\/es\/wp-json\/wp\/v2\/product_cat?post=1898"},{"taxonomy":"product_tag","embeddable":true,"href":"https:\/\/www.semitanker.com\/es\/wp-json\/wp\/v2\/product_tag?post=1898"}],"curies":[{"name":"wp","href":"https:\/\/api.w.org\/{rel}","templated":true}]}}