{"id":2241,"date":"2022-06-09T20:39:51","date_gmt":"2022-06-09T12:39:51","guid":{"rendered":"https:\/\/semitanker.com\/?page_id=2241"},"modified":"2022-06-09T20:47:20","modified_gmt":"2022-06-09T12:47:20","slug":"blog","status":"publish","type":"page","link":"https:\/\/www.semitanker.com\/fr\/blog\/","title":{"rendered":"Blog"},"content":{"rendered":"<div data-elementor-type=\"wp-page\" data-elementor-id=\"2241\" class=\"elementor elementor-2241\" data-elementor-post-type=\"page\">\n\t\t\t\t\t\t<section class=\"elementor-section elementor-top-section elementor-element elementor-element-319b38c5 elementor-section-boxed elementor-section-height-default elementor-section-height-default\" data-id=\"319b38c5\" data-element_type=\"section\">\n\t\t\t\t\t\t<div class=\"elementor-container elementor-column-gap-default\">\n\t\t\t\t\t<div class=\"elementor-column elementor-col-100 elementor-top-column elementor-element elementor-element-8fa5067\" data-id=\"8fa5067\" data-element_type=\"column\">\n\t\t\t<div class=\"elementor-widget-wrap elementor-element-populated\">\n\t\t\t\t\t\t<div class=\"elementor-element elementor-element-61812897 elementor-widget-divider--view-line_text elementor-widget-divider--element-align-right elementor-widget elementor-widget-divider\" data-id=\"61812897\" data-element_type=\"widget\" data-widget_type=\"divider.default\">\n\t\t\t\t<div class=\"elementor-widget-container\">\n\t\t\t\t\t\t\t<div class=\"elementor-divider\">\n\t\t\t<span class=\"elementor-divider-separator\">\n\t\t\t\t\t\t\t<span class=\"elementor-divider__text elementor-divider__element\">\n\t\t\t\tEn vol\t\t\t\t<\/span>\n\t\t\t\t\t\t<\/span>\n\t\t<\/div>\n\t\t\t\t\t\t<\/div>\n\t\t\t\t<\/div>\n\t\t\t\t<div class=\"elementor-element elementor-element-27c0dc7b elementor-widget elementor-widget-heading\" data-id=\"27c0dc7b\" data-element_type=\"widget\" data-widget_type=\"heading.default\">\n\t\t\t\t<div class=\"elementor-widget-container\">\n\t\t\t\t\t<h2 class=\"elementor-heading-title elementor-size-default\">Voyagez et explorez le monde<\/h2>\t\t\t\t<\/div>\n\t\t\t\t<\/div>\n\t\t\t\t<div class=\"elementor-element elementor-element-3ee4ea91 elementor-grid-1 elementor-posts--thumbnail-left elementor-posts--align-left elementor-grid-tablet-1 elementor-grid-mobile-1 elementor-widget elementor-widget-posts\" data-id=\"3ee4ea91\" data-element_type=\"widget\" data-settings=\"{&quot;classic_columns&quot;:&quot;1&quot;,&quot;classic_row_gap&quot;:{&quot;unit&quot;:&quot;px&quot;,&quot;size&quot;:&quot;50&quot;,&quot;sizes&quot;:[]},&quot;classic_columns_tablet&quot;:&quot;1&quot;,&quot;pagination_type&quot;:&quot;numbers_and_prev_next&quot;,&quot;classic_columns_mobile&quot;:&quot;1&quot;,&quot;classic_row_gap_tablet&quot;:{&quot;unit&quot;:&quot;px&quot;,&quot;size&quot;:&quot;&quot;,&quot;sizes&quot;:[]},&quot;classic_row_gap_mobile&quot;:{&quot;unit&quot;:&quot;px&quot;,&quot;size&quot;:&quot;&quot;,&quot;sizes&quot;:[]}}\" data-widget_type=\"posts.classic\">\n\t\t\t\t<div class=\"elementor-widget-container\">\n\t\t\t\t\t\t\t<div class=\"elementor-posts-container elementor-posts elementor-posts--skin-classic elementor-grid\">\n\t\t\t\t<article class=\"elementor-post elementor-grid-item post-2520 post type-post status-publish format-standard has-post-thumbnail hentry category-guide\">\n\t\t\t\t<a class=\"elementor-post__thumbnail__link\" href=\"https:\/\/www.semitanker.com\/fr\/guide\/quest-ce-quune-semi-remorque-a-benne-basculante\/\" >\n\t\t\t<div class=\"elementor-post__thumbnail\"><img fetchpriority=\"high\" decoding=\"async\" width=\"750\" height=\"400\" src=\"https:\/\/www.semitanker.com\/wp-content\/uploads\/2023\/03\/25cbm-tipper-7.webp\" class=\"attachment-full size-full wp-image-2525\" alt=\"Qu&#039;est-ce qu&#039;une semi-remorque \u00e0 benne basculante ?\" srcset=\"https:\/\/www.semitanker.com\/wp-content\/uploads\/2023\/03\/25cbm-tipper-7.webp 750w, https:\/\/www.semitanker.com\/wp-content\/uploads\/2023\/03\/25cbm-tipper-7-18x10.webp 18w, https:\/\/www.semitanker.com\/wp-content\/uploads\/2023\/03\/25cbm-tipper-7-600x320.webp 600w\" sizes=\"(max-width: 750px) 100vw, 750px\" \/><\/div>\n\t\t<\/a>\n\t\t\t\t<div class=\"elementor-post__text\">\n\t\t\t\t<h3 class=\"elementor-post__title\">\n\t\t\t<a href=\"https:\/\/www.semitanker.com\/fr\/guide\/quest-ce-quune-semi-remorque-a-benne-basculante\/\" >\n\t\t\t\tQu'est-ce qu'une semi-remorque \u00e0 benne basculante ? Un guide complet\t\t\t<\/a>\n\t\t<\/h3>\n\t\t\t\t<div class=\"elementor-post__meta-data\">\n\t\t\t\t\t<span class=\"elementor-post-date\">\n\t\t\t2023-03-20\t\t<\/span>\n\t\t\t\t<\/div>\n\t\t\t\t<div class=\"elementor-post__excerpt\">\n\t\t\t<p>Les semi-remorques \u00e0 benne basculante sont un \u00e9quipement essentiel pour de nombreuses industries qui n\u00e9cessitent le transport de lourdes charges de mat\u00e9riaux en vrac tels que le gravier,<\/p>\n\t\t<\/div>\n\t\t\t\t<\/div>\n\t\t\t\t<\/article>\n\t\t\t\t<article class=\"elementor-post elementor-grid-item post-2500 post type-post status-publish format-standard has-post-thumbnail hentry category-guide\">\n\t\t\t\t<a class=\"elementor-post__thumbnail__link\" href=\"https:\/\/www.semitanker.com\/fr\/guide\/quest-ce-quune-remorque-de-ciment\/\" >\n\t\t\t<div class=\"elementor-post__thumbnail\"><img decoding=\"async\" width=\"800\" height=\"533\" src=\"https:\/\/www.semitanker.com\/wp-content\/uploads\/2021\/12\/7-6.jpg\" class=\"attachment-full size-full wp-image-2008\" alt=\"Remorque-citerne \u00e0 ciment de 50 tonnes\" srcset=\"https:\/\/www.semitanker.com\/wp-content\/uploads\/2021\/12\/7-6.jpg 800w, https:\/\/www.semitanker.com\/wp-content\/uploads\/2021\/12\/7-6-300x200.jpg 300w, https:\/\/www.semitanker.com\/wp-content\/uploads\/2021\/12\/7-6-768x512.jpg 768w, https:\/\/www.semitanker.com\/wp-content\/uploads\/2021\/12\/7-6-600x400.jpg 600w\" sizes=\"(max-width: 800px) 100vw, 800px\" \/><\/div>\n\t\t<\/a>\n\t\t\t\t<div class=\"elementor-post__text\">\n\t\t\t\t<h3 class=\"elementor-post__title\">\n\t\t\t<a href=\"https:\/\/www.semitanker.com\/fr\/guide\/quest-ce-quune-remorque-de-ciment\/\" >\n\t\t\t\tQu'est-ce qu'une remorque \u00e0 ciment ?\t\t\t<\/a>\n\t\t<\/h3>\n\t\t\t\t<div class=\"elementor-post__meta-data\">\n\t\t\t\t\t<span class=\"elementor-post-date\">\n\t\t\t2022-12-21\t\t<\/span>\n\t\t\t\t<\/div>\n\t\t\t\t<div class=\"elementor-post__excerpt\">\n\t\t\t<p>Un vraquier \u00e0 ciment est un grand camion ou une remorque con\u00e7u pour transporter du ciment en vrac. Il est g\u00e9n\u00e9ralement \u00e9quip\u00e9 d'un syst\u00e8me pneumatique<\/p>\n\t\t<\/div>\n\t\t\t\t<\/div>\n\t\t\t\t<\/article>\n\t\t\t\t<article class=\"elementor-post elementor-grid-item post-2490 post type-post status-publish format-standard has-post-thumbnail hentry category-guide\">\n\t\t\t\t<a class=\"elementor-post__thumbnail__link\" href=\"https:\/\/www.semitanker.com\/fr\/guide\/essieux-de-semi-remorque-en-vrac\/\" >\n\t\t\t<div class=\"elementor-post__thumbnail\"><img decoding=\"async\" width=\"600\" height=\"450\" src=\"https:\/\/www.semitanker.com\/wp-content\/uploads\/2022\/12\/tire.jpg\" class=\"attachment-full size-full wp-image-2494\" alt=\"\" \/><\/div>\n\t\t<\/a>\n\t\t\t\t<div class=\"elementor-post__text\">\n\t\t\t\t<h3 class=\"elementor-post__title\">\n\t\t\t<a href=\"https:\/\/www.semitanker.com\/fr\/guide\/essieux-de-semi-remorque-en-vrac\/\" >\n\t\t\t\tPneus et essieux de remorques en vrac\t\t\t<\/a>\n\t\t<\/h3>\n\t\t\t\t<div class=\"elementor-post__meta-data\">\n\t\t\t\t\t<span class=\"elementor-post-date\">\n\t\t\t2022-12-20\t\t<\/span>\n\t\t\t\t<\/div>\n\t\t\t\t<div class=\"elementor-post__excerpt\">\n\t\t\t<p>Pneus pour remorques en vrac Les pneus pour remorques en vrac sont des pneus \u00e0 usage intensif con\u00e7us sp\u00e9cialement pour les remorques, y compris les remorques \u00e0 bateau, les remorques \u00e0 chevaux et les remorques \u00e0 marchandises. Ces pneus<\/p>\n\t\t<\/div>\n\t\t\t\t<\/div>\n\t\t\t\t<\/article>\n\t\t\t\t<article class=\"elementor-post elementor-grid-item post-2421 post type-post status-publish format-standard has-post-thumbnail hentry category-guide tag-cement-tank-trailer\">\n\t\t\t\t<a class=\"elementor-post__thumbnail__link\" href=\"https:\/\/www.semitanker.com\/fr\/guide\/quest-ce-quune-remorque-en-ciment-et-comment-acheter-une-remorque-en-ciment\/\" >\n\t\t\t<div class=\"elementor-post__thumbnail\"><img loading=\"lazy\" decoding=\"async\" width=\"800\" height=\"533\" src=\"https:\/\/www.semitanker.com\/wp-content\/uploads\/2021\/12\/7-3.jpg\" class=\"attachment-full size-full wp-image-1986\" alt=\"Semi-remorque de transport de ciment de 40 tonnes\" srcset=\"https:\/\/www.semitanker.com\/wp-content\/uploads\/2021\/12\/7-3.jpg 800w, https:\/\/www.semitanker.com\/wp-content\/uploads\/2021\/12\/7-3-300x200.jpg 300w, https:\/\/www.semitanker.com\/wp-content\/uploads\/2021\/12\/7-3-768x512.jpg 768w, https:\/\/www.semitanker.com\/wp-content\/uploads\/2021\/12\/7-3-600x400.jpg 600w\" sizes=\"(max-width: 800px) 100vw, 800px\" \/><\/div>\n\t\t<\/a>\n\t\t\t\t<div class=\"elementor-post__text\">\n\t\t\t\t<h3 class=\"elementor-post__title\">\n\t\t\t<a href=\"https:\/\/www.semitanker.com\/fr\/guide\/quest-ce-quune-remorque-en-ciment-et-comment-acheter-une-remorque-en-ciment\/\" >\n\t\t\t\tQu'est-ce qu'une remorque \u00e0 ciment et comment acheter une remorque-citerne \u00e0 ciment ?\t\t\t<\/a>\n\t\t<\/h3>\n\t\t\t\t<div class=\"elementor-post__meta-data\">\n\t\t\t\t\t<span class=\"elementor-post-date\">\n\t\t\t2022-07-19\t\t<\/span>\n\t\t\t\t<\/div>\n\t\t\t\t<div class=\"elementor-post__excerpt\">\n\t\t\t<p>Remorque \u00e0 ciment \u00e0 vendre Une remorque \u00e0 ciment est un transporteur de ciment capable de transporter de grandes quantit\u00e9s de ciment du fabricant au malaxeur \u00e0 b\u00e9ton.<\/p>\n\t\t<\/div>\n\t\t\t\t<\/div>\n\t\t\t\t<\/article>\n\t\t\t\t<article class=\"elementor-post elementor-grid-item post-2415 post type-post status-publish format-standard has-post-thumbnail hentry category-guide\">\n\t\t\t\t<a class=\"elementor-post__thumbnail__link\" href=\"https:\/\/www.semitanker.com\/fr\/guide\/application-de-la-suspension-semi-rigide-sur-le-systeme-de-consolidation\/\" >\n\t\t\t<div class=\"elementor-post__thumbnail\"><img loading=\"lazy\" decoding=\"async\" width=\"800\" height=\"533\" src=\"https:\/\/www.semitanker.com\/wp-content\/uploads\/2022\/06\/7-flatbed-sei-trailer.jpg\" class=\"attachment-full size-full wp-image-2294\" alt=\"semi-remorque \u00e0 plateau\" srcset=\"https:\/\/www.semitanker.com\/wp-content\/uploads\/2022\/06\/7-flatbed-sei-trailer.jpg 800w, https:\/\/www.semitanker.com\/wp-content\/uploads\/2022\/06\/7-flatbed-sei-trailer-300x200.jpg 300w, https:\/\/www.semitanker.com\/wp-content\/uploads\/2022\/06\/7-flatbed-sei-trailer-768x512.jpg 768w, https:\/\/www.semitanker.com\/wp-content\/uploads\/2022\/06\/7-flatbed-sei-trailer-600x400.jpg 600w\" sizes=\"(max-width: 800px) 100vw, 800px\" \/><\/div>\n\t\t<\/a>\n\t\t\t\t<div class=\"elementor-post__text\">\n\t\t\t\t<h3 class=\"elementor-post__title\">\n\t\t\t<a href=\"https:\/\/www.semitanker.com\/fr\/guide\/application-de-la-suspension-semi-rigide-sur-le-systeme-de-consolidation\/\" >\n\t\t\t\tApplication de la suspension semi-rigide au syst\u00e8me de consolidation\t\t\t<\/a>\n\t\t<\/h3>\n\t\t\t\t<div class=\"elementor-post__meta-data\">\n\t\t\t\t\t<span class=\"elementor-post-date\">\n\t\t\t2022-07-14\t\t<\/span>\n\t\t\t\t<\/div>\n\t\t\t\t<div class=\"elementor-post__excerpt\">\n\t\t\t<p>1. Classification des syst\u00e8mes de suspension Les st\u00e9r\u00e9otypes pr\u00e9sents sur le march\u00e9 sont divis\u00e9s en quatre types de syst\u00e8mes de suspension en fonction des diff\u00e9rentes conditions routi\u00e8res utilis\u00e9es : souple, flexible, flexible et flexible.<\/p>\n\t\t<\/div>\n\t\t\t\t<\/div>\n\t\t\t\t<\/article>\n\t\t\t\t<article class=\"elementor-post elementor-grid-item post-2402 post type-post status-publish format-standard has-post-thumbnail hentry category-guide tag-fuel-tanker-trailer\">\n\t\t\t\t<a class=\"elementor-post__thumbnail__link\" href=\"https:\/\/www.semitanker.com\/fr\/guide\/conception-amelioree-dune-remorque-citerne-a-carburant-avec-structure-de-sous-chassis-divisee\/\" >\n\t\t\t<div class=\"elementor-post__thumbnail\"><img loading=\"lazy\" decoding=\"async\" width=\"800\" height=\"336\" src=\"https:\/\/www.semitanker.com\/wp-content\/uploads\/2022\/07\/1-Improved-design-of-fuel-tanker-trailer-with-split-subframe-structure.png\" class=\"attachment-full size-full wp-image-2409\" alt=\"1 Conception am\u00e9lior\u00e9e d&#039;une remorque-citerne \u00e0 carburant avec une structure \u00e0 sous-ch\u00e2ssis divis\u00e9\" srcset=\"https:\/\/www.semitanker.com\/wp-content\/uploads\/2022\/07\/1-Improved-design-of-fuel-tanker-trailer-with-split-subframe-structure.png 800w, https:\/\/www.semitanker.com\/wp-content\/uploads\/2022\/07\/1-Improved-design-of-fuel-tanker-trailer-with-split-subframe-structure-600x252.png 600w\" sizes=\"(max-width: 800px) 100vw, 800px\" \/><\/div>\n\t\t<\/a>\n\t\t\t\t<div class=\"elementor-post__text\">\n\t\t\t\t<h3 class=\"elementor-post__title\">\n\t\t\t<a href=\"https:\/\/www.semitanker.com\/fr\/guide\/conception-amelioree-dune-remorque-citerne-a-carburant-avec-structure-de-sous-chassis-divisee\/\" >\n\t\t\t\tConception am\u00e9lior\u00e9e d'une remorque-citerne \u00e0 carburant avec une structure \u00e0 sous-ch\u00e2ssis divis\u00e9\t\t\t<\/a>\n\t\t<\/h3>\n\t\t\t\t<div class=\"elementor-post__meta-data\">\n\t\t\t\t\t<span class=\"elementor-post-date\">\n\t\t\t2022-07-12\t\t<\/span>\n\t\t\t\t<\/div>\n\t\t\t\t<div class=\"elementor-post__excerpt\">\n\t\t\t<p>Avec le d\u00e9veloppement de l'\u00e9conomie sociale, en particulier dans l'industrie du transport p\u00e9trolier, les clients ne sont plus aussi sensibles aux co\u00fbts qu'auparavant. N\u00e9anmoins, ils sont de plus en plus<\/p>\n\t\t<\/div>\n\t\t\t\t<\/div>\n\t\t\t\t<\/article>\n\t\t\t\t<article class=\"elementor-post elementor-grid-item post-2390 post type-post status-publish format-standard has-post-thumbnail hentry category-guide\">\n\t\t\t\t<a class=\"elementor-post__thumbnail__link\" href=\"https:\/\/www.semitanker.com\/fr\/guide\/analyse-de-la-conception-et-des-elements-finis-dune-remorque-en-beton-arme\/\" >\n\t\t\t<div class=\"elementor-post__thumbnail\"><img loading=\"lazy\" decoding=\"async\" width=\"800\" height=\"242\" src=\"https:\/\/www.semitanker.com\/wp-content\/uploads\/2022\/07\/4.jpg\" class=\"attachment-full size-full wp-image-2392\" alt=\"Conception et analyse par \u00e9l\u00e9ments finis du corps de r\u00e9servoir d&#039;une remorque \u00e0 ciment\" srcset=\"https:\/\/www.semitanker.com\/wp-content\/uploads\/2022\/07\/4.jpg 800w, https:\/\/www.semitanker.com\/wp-content\/uploads\/2022\/07\/4-600x182.jpg 600w\" sizes=\"(max-width: 800px) 100vw, 800px\" \/><\/div>\n\t\t<\/a>\n\t\t\t\t<div class=\"elementor-post__text\">\n\t\t\t\t<h3 class=\"elementor-post__title\">\n\t\t\t<a href=\"https:\/\/www.semitanker.com\/fr\/guide\/analyse-de-la-conception-et-des-elements-finis-dune-remorque-en-beton-arme\/\" >\n\t\t\t\tConception et analyse par \u00e9l\u00e9ments finis du corps de r\u00e9servoir d'une remorque \u00e0 ciment\t\t\t<\/a>\n\t\t<\/h3>\n\t\t\t\t<div class=\"elementor-post__meta-data\">\n\t\t\t\t\t<span class=\"elementor-post-date\">\n\t\t\t2022-07-10\t\t<\/span>\n\t\t\t\t<\/div>\n\t\t\t\t<div class=\"elementor-post__excerpt\">\n\t\t\t<p>1. Conception de la structure de la citerne La citerne de la remorque \u00e0 ciment comprend une t\u00eate avant, une t\u00eate arri\u00e8re et une jonction de la citerne en plusieurs sections. Dans la figure 4, par exemple, la citerne \u00e0 \"double bac\".<\/p>\n\t\t<\/div>\n\t\t\t\t<\/div>\n\t\t\t\t<\/article>\n\t\t\t\t<\/div>\n\t\t\n\t\t\t\t<div class=\"e-load-more-anchor\" data-page=\"1\" data-max-page=\"6\" data-next-page=\"https:\/\/www.semitanker.com\/fr\/wp-json\/wp\/v2\/pages\/2241\/page\/2\/\"><\/div>\n\t\t\t\t<nav class=\"elementor-pagination\" aria-label=\"Pagination\">\n\t\t\t<span class=\"page-numbers prev\">\" Pr\u00e9c\u00e9dent<\/span>\n<span aria-current=\"page\" class=\"page-numbers current\"><span class=\"elementor-screen-only\">Page<\/span>1<\/span>\n<a class=\"page-numbers\" href=\"https:\/\/www.semitanker.com\/fr\/wp-json\/wp\/v2\/pages\/2241\/page\/2\/\"><span class=\"elementor-screen-only\">Page<\/span>2<\/a>\n<a class=\"page-numbers\" href=\"https:\/\/www.semitanker.com\/fr\/wp-json\/wp\/v2\/pages\/2241\/page\/3\/\"><span class=\"elementor-screen-only\">Page<\/span>3<\/a>\n<a class=\"page-numbers next\" href=\"https:\/\/www.semitanker.com\/fr\/wp-json\/wp\/v2\/pages\/2241\/page\/2\/\">Suivant \"<\/a>\t\t<\/nav>\n\t\t\t\t\t\t<\/div>\n\t\t\t\t<\/div>\n\t\t\t\t\t<\/div>\n\t\t<\/div>\n\t\t\t\t\t<\/div>\n\t\t<\/section>\n\t\t\t\t<\/div>","protected":false},"excerpt":{"rendered":"<p>Voyage en vol et d\u00e9couverte du monde<\/p>","protected":false},"author":1,"featured_media":0,"parent":0,"menu_order":0,"comment_status":"closed","ping_status":"closed","template":"","meta":{"_seopress_robots_primary_cat":"","_seopress_titles_title":"","_seopress_titles_desc":"","_seopress_robots_index":"","_kad_post_transparent":"","_kad_post_title":"","_kad_post_layout":"","_kad_post_sidebar_id":"","_kad_post_content_style":"","_kad_post_vertical_padding":"","_kad_post_feature":"","_kad_post_feature_position":"","_kad_post_header":false,"_kad_post_footer":false,"footnotes":""},"class_list":["post-2241","page","type-page","status-publish","hentry"],"_links":{"self":[{"href":"https:\/\/www.semitanker.com\/fr\/wp-json\/wp\/v2\/pages\/2241","targetHints":{"allow":["GET"]}}],"collection":[{"href":"https:\/\/www.semitanker.com\/fr\/wp-json\/wp\/v2\/pages"}],"about":[{"href":"https:\/\/www.semitanker.com\/fr\/wp-json\/wp\/v2\/types\/page"}],"author":[{"embeddable":true,"href":"https:\/\/www.semitanker.com\/fr\/wp-json\/wp\/v2\/users\/1"}],"replies":[{"embeddable":true,"href":"https:\/\/www.semitanker.com\/fr\/wp-json\/wp\/v2\/comments?post=2241"}],"version-history":[{"count":0,"href":"https:\/\/www.semitanker.com\/fr\/wp-json\/wp\/v2\/pages\/2241\/revisions"}],"wp:attachment":[{"href":"https:\/\/www.semitanker.com\/fr\/wp-json\/wp\/v2\/media?parent=2241"}],"curies":[{"name":"wp","href":"https:\/\/api.w.org\/{rel}","templated":true}]}}