{"id":1886,"date":"2022-05-07T14:25:09","date_gmt":"2022-05-07T06:25:09","guid":{"rendered":"https:\/\/semitanker.com\/?post_type=product&#038;p=1886"},"modified":"2023-04-07T21:43:17","modified_gmt":"2023-04-07T13:43:17","slug":"40-ton-aluminum-cement-trailer","status":"publish","type":"product","link":"https:\/\/www.semitanker.com\/fr\/produit\/remorque-a-ciment-en-aluminium-de-40-tonnes\/","title":{"rendered":"Remorque \u00e0 ciment en aluminium de 40 tonnes"},"content":{"rendered":"<h2>Qu'est-ce qu'un vraquier de ciment en aluminium ?<\/h2>\n<p>La remorque \u00e0 ciment en aluminium est utilis\u00e9e pour le transport du ciment, de la chaux et de tout autre mat\u00e9riau en poudre en vrac. Nous offrons cette remorque avec l'\u00e9lectricit\u00e9 et nous avons la flexibilit\u00e9 sur les sp\u00e9cifications techniques de l'aluminium bulker ciment. PANDA MECH peut offrir des prix comp\u00e9titifs et une remorque \u00e0 ciment en aluminium de la plus haute qualit\u00e9.<\/p>\n<p>&nbsp;<\/p>\n<h2>Image d'une remorque \u00e0 ciment en aluminium de 40 tonnes<\/h2>\n<p style=\"text-align: center;\"><img decoding=\"async\" src=\"\/uploads\/products\/Aluminum-cement-trailer\/7.jpg\" alt=\"Remorque \u00e0 ciment en vrac en aluminium de 40 tonnes\" \/><\/p>\n<p style=\"text-align: center;\"><img decoding=\"async\" src=\"\/uploads\/products\/Aluminum-cement-trailer\/8.jpg\" alt=\"Remorque cimenti\u00e8re en aluminium de 40 tonnes\" \/><\/p>\n<p>&nbsp;<\/p>\n<h2>Sp\u00e9cification d'un vraquier de ciment en aluminium de 40 tonnes<\/h2>\n<p>Il s'agit de la sp\u00e9cification du vraquier de ciment en aluminium. Nous fournissons des vraquiers de ciment en aluminium de 28 \u00e0 120 tonnes \u00e0 vendre.<\/p>\n<table style=\"margin: 0 auto;\" border=\"1\" width=\"800\" cellspacing=\"1\" cellpadding=\"1\">\n<tbody>\n<tr>\n<td width=\"165\" height=\"38\">\u00a0Marque<\/td>\n<td width=\"532\">\u00a0Panda Mech remorque \u00e0 ciment en aluminium<\/td>\n<\/tr>\n<tr>\n<td width=\"165\" height=\"38\">\u00a0Longueur<\/td>\n<td width=\"532\">\u00a09,5-12,5 m\u00e8tres<\/td>\n<\/tr>\n<tr>\n<td width=\"165\" height=\"38\">\u00a0Capacit\u00e9<\/td>\n<td width=\"532\">\u00a028-120 tonnes<\/td>\n<\/tr>\n<tr>\n<td width=\"165\" height=\"38\">\u00a0Poids<\/td>\n<td width=\"532\">\u00a04,5 tonnes<\/td>\n<\/tr>\n<tr>\n<td width=\"165\" height=\"55\">\u00a0Dimensions<\/td>\n<td width=\"532\">\u00a09500*2500*4000mm<\/td>\n<\/tr>\n<tr>\n<td width=\"165\" height=\"37\">\u00a0Mat\u00e9riau de la carrosserie du camion-citerne<\/td>\n<td width=\"532\">\u00a0Aluminium<\/td>\n<\/tr>\n<tr>\n<td width=\"165\" height=\"38\">\u00a0Moteur diesel<\/td>\n<td width=\"532\">\u00a0WEICHAI 4100\/4102 Marque<\/td>\n<\/tr>\n<tr>\n<td width=\"165\" height=\"38\">\u00a0Compresseur<\/td>\n<td width=\"532\">\u00a0BOHAI, FUDA 10m3\/12 m3ou autres marques<\/td>\n<\/tr>\n<tr>\n<td width=\"165\" height=\"38\">\u00a0Couvercle de trou d'homme<\/td>\n<td width=\"532\">\u00a0Acier au carbone ou aluminium 500mm (diam\u00e8tre)<\/td>\n<\/tr>\n<tr>\n<td width=\"165\" height=\"55\">\u00a0Valve de d\u00e9chargement<\/td>\n<td width=\"532\">\u00a0Le diam\u00e8tre est de 3 ou 4 pouces<\/td>\n<\/tr>\n<tr>\n<td width=\"165\" height=\"38\">\u00a0Poutres principales<\/td>\n<td width=\"532\">\u00a0Conception soud\u00e9e, acier haute r\u00e9sistance<\/td>\n<\/tr>\n<tr>\n<td width=\"165\" height=\"55\">\u00a0Essieu<\/td>\n<td width=\"532\">\u00a013T\/16\/20T marque BPW ou FUWA<\/td>\n<\/tr>\n<tr>\n<td width=\"165\" height=\"38\">\u00a0Train d'atterrissage<\/td>\n<td width=\"532\">\u00a0JOST brand two-speed, Manual operating heavy duty 28ton<\/td>\n<\/tr>\n<tr>\n<td width=\"165\" height=\"38\">\u00a0Suspension<\/td>\n<td width=\"532\">\u00a0Suspension de bogie, suspension \u00e0 ressort, suspension pneumatique<\/td>\n<\/tr>\n<tr>\n<td width=\"165\" height=\"38\">\u00a0Syst\u00e8me de freinage<\/td>\n<td width=\"532\">\u00a0Vanne WABCO avec grande chambre<\/td>\n<\/tr>\n<tr>\n<td width=\"165\" height=\"37\">\u00a0Pneu<\/td>\n<td width=\"532\">\u00a011.00R20, 12.00R20,12R22.5, 385\/65R22.5 Triangle\/Hankook\/ Marque Bridgestone<\/td>\n<\/tr>\n<\/tbody>\n<\/table>\n<p>&nbsp;<\/p>\n<h2>Avantages de la remorque \u00e0 ciment en aluminium<\/h2>\n<p>1. Meilleur acier brut : Le corps du r\u00e9servoir et la construction en acier haute r\u00e9sistance YP \u2265 620, assurent une plus longue dur\u00e9e de vie du gestionnaire et un poids de tare plus l\u00e9ger.<\/p>\n<p>2. Excellentes performances\uff1aUne conception unique assure un taux de d\u00e9chargement \uff1e 1,3t\/min, une distance de d\u00e9chargement verticale de 15m.<\/p>\n<p>3. Soudure de qualit\u00e9 :  Un bon acier avec une soudure de qualit\u00e9 permet une garantie plus longue pour une remorque \u00e0 ciment en aluminium.<\/p>\n<p>4. Peinture durable : l'ensemble du v\u00e9hicule est nettoy\u00e9 par grenaillage avant d'\u00eatre peint, deux fois plus d'appr\u00eat pour prolonger la dur\u00e9e de vie de la peinture.<\/p>\n<p>5. Conception : dessin 3D avec Ansys &amp; Hypermesh Analyze supportant une conception raisonnable.<\/p>\n<p>&nbsp;<\/p>\n<h2>Pourquoi choisir Panda ?<\/h2>\n<p>Panda propose plus de 100 produits de remorque \u00e0 ciment. Environ 95% de ces produits sont des \u00e9quipements industriels g\u00e9n\u00e9raux.<\/p>\n<p>Une grande vari\u00e9t\u00e9 d'options de vrac de ciment est disponible pour vous, comme des \u00e9chantillons pay\u00e9s.<\/p>\n<p>Le fournisseur de remorque citerne \u00e0 ciment a export\u00e9 dans plus de 60 pays,<\/p>\n<p>Les remorques \u00e0 ciment en vrac sont les plus populaires en Asie du Sud-Est, en Afrique et en Am\u00e9rique du Sud. Vous pouvez passer le certificat ISO9001 pour assurer la qualit\u00e9 de la remorque pneumatique.<\/p>\n<p>&nbsp;<\/p>\n<h2>Transport maritime d'un vraquier de ciment<\/h2>\n<p>Nous commanderons le transporteur \u00e0 l'avance avant que la production ne soit termin\u00e9e, et nous effectuerons une inspection apr\u00e8s la production. La remorque inspect\u00e9e vous sera exp\u00e9di\u00e9e selon le dernier d\u00e9lai d'exp\u00e9dition.<\/p>\n<p>Afin d'\u00e9viter que la peinture de la remorque de transport de sable de ciment ne soit corrod\u00e9e par l'eau de mer, nous pulv\u00e9riserons une couche de cire sur la surface de la remorque de transport de ciment avant le transport.<\/p>\n<p>Nous envelopperons tous les moteurs diesel du tbulker de ciment avec une toile de pluie.<\/p>\n<p style=\"text-align: center;\"><img decoding=\"async\" style=\"width: 649px; height: 768px;\" src=\"\/uploads\/other\/cement-sea-transport.jpg\" alt=\"Transport maritime de la remorque \u00e0 ciment en aluminium\" \/><\/p>\n<p>&nbsp;<\/p>\n<h2>Bulker de ciment en aluminium \u00e0 vendre<\/h2>\n<p>Panda Mech est un fabricant de bulker \u00e0 ciment en aluminium de Chine. Nous fournissons des bulkers \u00e0 ciment de 28 \u00e0 120 tonnes \u00e0 vendre. Nous pouvons personnaliser selon vos besoins. Les fabricants de Panda Mech ont connu le succ\u00e8s en Asie du Sud-Est, au Moyen-Orient, en Afrique et en Am\u00e9rique du Sud, comme aux Philippines, en Tanzanie, etc.....\u00a0<strong><u><a href=\"https:\/\/www.semitanker.com\/fr\/a-propos-de\/\"><span style=\"color: #0000cd;\">En savoir plus sur PANDA<\/span><\/a><\/u><\/strong><a href=\"https:\/\/www.semitanker.com\/fr\/a-propos-de\/\"><strong><span style=\"color: #0000cd;\"><u>&#8230;<\/u><\/span><\/strong><\/a><\/p>\n<p style=\"text-align: center;\"><a href=\"https:\/\/www.semitanker.com\/fr\/contacter\/\"><img decoding=\"async\" style=\"width: 864px; height: 213px;\" src=\"\/uploads\/other\/sale-images.jpg\" alt=\"bulker de ciment en aluminium \u00e0 vendre\" \/><\/a><\/p>","protected":false},"excerpt":{"rendered":"<p>Qu'est-ce qu'un camion-citerne \u00e0 ciment en aluminium ? La remorque \u00e0 ciment en aluminium est utilis\u00e9e pour transporter du ciment, de la chaux et tout autre mat\u00e9riau en poudre en vrac. Nous proposons cette remorque avec l'\u00e9lectricit\u00e9 et nous sommes flexibles sur les sp\u00e9cifications techniques de la remorque \u00e0 ciment en aluminium. PANDA MECH peut vous offrir des prix comp\u00e9titifs et la meilleure qualit\u00e9 de remorque \u00e0 ciment en aluminium.   40 tonnes...<\/p>","protected":false},"featured_media":2022,"comment_status":"open","ping_status":"closed","template":"","meta":{"_seopress_robots_primary_cat":"none","_seopress_titles_title":"","_seopress_titles_desc":"","_seopress_robots_index":"","_kad_post_transparent":"","_kad_post_title":"","_kad_post_layout":"","_kad_post_sidebar_id":"","_kad_post_content_style":"","_kad_post_vertical_padding":"","_kad_post_feature":"","_kad_post_feature_position":"","_kad_post_header":false,"_kad_post_footer":false},"product_brand":[],"product_cat":[154],"product_tag":[],"class_list":{"0":"post-1886","1":"product","2":"type-product","3":"status-publish","4":"has-post-thumbnail","6":"product_cat-cement-transport-trailer","8":"first","9":"instock","10":"shipping-taxable","11":"product-type-simple","12":"entry","13":"content-bg","14":"loop-entry"},"_links":{"self":[{"href":"https:\/\/www.semitanker.com\/fr\/wp-json\/wp\/v2\/product\/1886","targetHints":{"allow":["GET"]}}],"collection":[{"href":"https:\/\/www.semitanker.com\/fr\/wp-json\/wp\/v2\/product"}],"about":[{"href":"https:\/\/www.semitanker.com\/fr\/wp-json\/wp\/v2\/types\/product"}],"replies":[{"embeddable":true,"href":"https:\/\/www.semitanker.com\/fr\/wp-json\/wp\/v2\/comments?post=1886"}],"wp:featuredmedia":[{"embeddable":true,"href":"https:\/\/www.semitanker.com\/fr\/wp-json\/wp\/v2\/media\/2022"}],"wp:attachment":[{"href":"https:\/\/www.semitanker.com\/fr\/wp-json\/wp\/v2\/media?parent=1886"}],"wp:term":[{"taxonomy":"product_brand","embeddable":true,"href":"https:\/\/www.semitanker.com\/fr\/wp-json\/wp\/v2\/product_brand?post=1886"},{"taxonomy":"product_cat","embeddable":true,"href":"https:\/\/www.semitanker.com\/fr\/wp-json\/wp\/v2\/product_cat?post=1886"},{"taxonomy":"product_tag","embeddable":true,"href":"https:\/\/www.semitanker.com\/fr\/wp-json\/wp\/v2\/product_tag?post=1886"}],"curies":[{"name":"wp","href":"https:\/\/api.w.org\/{rel}","templated":true}]}}