{"id":1887,"date":"2022-05-09T14:28:16","date_gmt":"2022-05-09T06:28:16","guid":{"rendered":"https:\/\/semitanker.com\/?post_type=product&#038;p=1887"},"modified":"2023-03-19T18:27:24","modified_gmt":"2023-03-19T10:27:24","slug":"4-axle-60-ton-cement-tanker","status":"publish","type":"product","link":"https:\/\/www.semitanker.com\/fr\/produit\/4-axle-60-ton-cement-tanker\/","title":{"rendered":"Citerne \u00e0 ciment de 60 tonnes \u00e0 4 essieux"},"content":{"rendered":"<h2>Qu'est-ce qu'une remorque-citerne \u00e0 ciment ?<\/h2>\n<p>Remorque citerne \u00e0 ciment aussi connue sous le nom de bulker \u00e0 ciment, remorque \u00e0 ciment. La remorque-citerne \u00e0 ciment est utilis\u00e9e pour le transport du ciment, de la chaux, du sable et de toutes sortes de mat\u00e9riaux en poudre en vrac de diam\u00e8tre \u2264 0,1mm, la plus grande fonction de la citerne \u00e0 poudre est d'\u00eatre utilis\u00e9e pour le transport en vrac.<\/p>\n<p>&nbsp;<\/p>\n<h2>Remorque citerne \u00e0 ciment 4 essieux images<\/h2>\n<p style=\"text-align: center;\"><img decoding=\"async\" style=\"width: 800px; height: 533px;\" src=\"\/uploads\/products\/4axle-60ton-cement-trailer\/8.jpg\" alt=\"Remorque \u00e0 4 essieux pour vrac de ciment\" \/><\/p>\n<p style=\"text-align: center;\"><img decoding=\"async\" style=\"width: 800px; height: 533px;\" src=\"\/uploads\/products\/4axle-60ton-cement-trailer\/6.jpg\" alt=\"Citerne \u00e0 ciment \u00e0 4 essieux\" \/><\/p>\n<p style=\"text-align: center;\"><img decoding=\"async\" style=\"width: 800px; height: 533px;\" src=\"\/uploads\/products\/4axle-60ton-cement-trailer\/7.jpg\" alt=\"Remorque cimenti\u00e8re de 60 tonnes \u00e0 4 essieux\" \/><\/p>\n<p>&nbsp;<\/p>\n<h2>Vid\u00e9o de la remorque citerne \u00e0 ciment de 60 tonnes \u00e0 4 essieux<\/h2>\n<p style=\"text-align: center;\"><iframe title=\"Lecteur vid\u00e9o YouTube\" src=\"https:\/\/www.youtube.com\/embed\/w8xQVfm1s54\" width=\"800\" height=\"533\" frameborder=\"0\" scrolling=\"no\" allowfullscreen=\"allowfullscreen\"><\/iframe><\/p>\n<p>&nbsp;<\/p>\n<h2>Sp\u00e9cifications de la remorque citerne \u00e0 ciment de 60 tonnes \u00e0 4 essieux<\/h2>\n<table style=\"border-spacing: 0px; margin: 0px auto; color: #454545; font-family: Arial, Helvetica, sans-serif; font-size: 14px;\" border=\"1\" width=\"800\" cellspacing=\"1\" cellpadding=\"1\">\n<tbody style=\"box-sizing: border-box; margin: 0px; padding: 0px; border: 0px;\">\n<tr style=\"box-sizing: border-box;\">\n<td style=\"box-sizing: border-box; padding: 0px;\" width=\"221\" height=\"37\">\u00a0Marque<\/td>\n<td style=\"box-sizing: border-box; padding: 0px;\" width=\"475\">\u00a0Panda Mech 4 essieux, remorque citerne \u00e0 ciment de 60 tonnes<\/td>\n<\/tr>\n<tr style=\"box-sizing: border-box;\">\n<td style=\"box-sizing: border-box; padding: 0px;\" width=\"221\" height=\"37\">\u00a0Dimensions de la remorque-citerne \u00e0 ciment<\/td>\n<td style=\"box-sizing: border-box; padding: 0px;\" width=\"475\">\u00a012500x2500x4000mm (length*width*hieght)<\/td>\n<\/tr>\n<tr style=\"box-sizing: border-box;\">\n<td style=\"box-sizing: border-box; padding: 0px;\" width=\"221\" height=\"37\">\u00a0Capacit\u00e9 de la remorque-citerne \u00e0 ciment<\/td>\n<td style=\"box-sizing: border-box; padding: 0px;\" width=\"475\">\u00a045 m\u00e8tres cubes, 55 tonnes.<\/td>\n<\/tr>\n<tr style=\"box-sizing: border-box;\">\n<td style=\"box-sizing: border-box; padding: 0px;\" width=\"221\" height=\"37\">\u00a0Moteur<\/td>\n<td style=\"box-sizing: border-box; padding: 0px;\" width=\"475\">\u00a0Weichai-Huafeng 4102,47kw<\/td>\n<\/tr>\n<tr style=\"box-sizing: border-box;\">\n<td style=\"box-sizing: border-box; padding: 0px;\" width=\"221\" height=\"37\">\u00a0Poids de la remorque-citerne \u00e0 ciment<\/td>\n<td style=\"box-sizing: border-box; padding: 0px;\" width=\"475\">\u00a010 tonnes (poids \u00e0 vide)<\/td>\n<\/tr>\n<tr style=\"box-sizing: border-box;\">\n<td style=\"box-sizing: border-box; padding: 0px;\" width=\"221\" height=\"37\">\u00a0Couvercle de trou d'homme<\/td>\n<td style=\"box-sizing: border-box; padding: 0px;\" width=\"475\">\u00a02 \u00e0 4 jeux de 500 mm de diam\u00e8tre<\/td>\n<\/tr>\n<tr style=\"box-sizing: border-box;\">\n<td style=\"box-sizing: border-box; padding: 0px;\" width=\"221\" height=\"37\">\u00a0Valve de d\u00e9chargement<\/td>\n<td style=\"box-sizing: border-box; padding: 0px;\" width=\"475\">\u00a04\u2033 valve \u00e0 disque<\/td>\n<\/tr>\n<tr style=\"box-sizing: border-box;\">\n<td style=\"box-sizing: border-box; padding: 0px;\" width=\"221\" height=\"37\">\u00a0Mat\u00e9riau de la carrosserie\/ch\u00e2ssis<\/td>\n<td style=\"box-sizing: border-box; padding: 0px;\" width=\"475\">\u00a0Acier haute r\u00e9sistance de 5 ou 6 mm<\/td>\n<\/tr>\n<tr style=\"box-sizing: border-box;\">\n<td style=\"box-sizing: border-box; padding: 0px;\" width=\"221\" height=\"37\">\u00a0R\u00e9servoirs de stockage<\/td>\n<td style=\"box-sizing: border-box; padding: 0px;\" width=\"475\">\u00a0Acier \u00e0 haute r\u00e9sistance Q345<\/td>\n<\/tr>\n<tr style=\"box-sizing: border-box;\">\n<td style=\"box-sizing: border-box; padding: 0px;\" width=\"221\" height=\"37\">\u00a0Train d'atterrissage<\/td>\n<td style=\"box-sizing: border-box; padding: 0px;\" width=\"475\">\u00a0Marque Yahua, 28 tonnes, deux vitesses, fonctionnement manuel.<\/td>\n<\/tr>\n<tr style=\"box-sizing: border-box;\">\n<td style=\"box-sizing: border-box; padding: 0px;\" width=\"221\" height=\"37\">\u00a0Suspension<\/td>\n<td style=\"box-sizing: border-box; padding: 0px;\" width=\"475\">\u00a0Suspension m\u00e9canique ou suspension pneumatique<\/td>\n<\/tr>\n<tr style=\"box-sizing: border-box;\">\n<td style=\"box-sizing: border-box; padding: 0px;\" width=\"221\" height=\"37\">\u00a0Syst\u00e8me de freinage<\/td>\n<td style=\"box-sizing: border-box; padding: 0px;\" width=\"475\">\u00a0Valve d'urgence WABCO<\/td>\n<\/tr>\n<tr style=\"box-sizing: border-box;\">\n<td style=\"box-sizing: border-box; padding: 0px;\" width=\"221\" height=\"37\">\u00a0Essieu<\/td>\n<td style=\"box-sizing: border-box; padding: 0px;\" width=\"475\">\u00a04 essieux<\/td>\n<\/tr>\n<tr style=\"box-sizing: border-box;\">\n<td style=\"box-sizing: border-box; padding: 0px;\" width=\"221\" height=\"37\">\u00a0Pneu<\/td>\n<td style=\"box-sizing: border-box; padding: 0px;\" width=\"475\">\u00a012R22.5 (en option : 385\/65R22.5, 13R22.5, 12.00R24, 315\/80R22.5)<\/td>\n<\/tr>\n<tr style=\"box-sizing: border-box;\">\n<td style=\"box-sizing: border-box; padding: 0px;\" width=\"221\" height=\"37\">\u00a0King Pin<\/td>\n<td style=\"box-sizing: border-box; padding: 0px;\" width=\"475\">\u00a0JOST 2\u2033 ou 3.5 type d\u00e9tachable<\/td>\n<\/tr>\n<\/tbody>\n<\/table>\n<p>&nbsp;<\/p>\n<h2>Avantages uniques de la remorque-citerne \u00e0 ciment PANDA<\/h2>\n<p>1. Meilleur acier brut : Le corps et la construction des r\u00e9servoirs de stockage de ciment en vrac en acier \u00e0 haute r\u00e9sistance YP \u2265 620, assurent une plus longue dur\u00e9e de vie du gestionnaire et un poids \u00e0 vide plus l\u00e9ger.<\/p>\n<p>2. Excellentes performances\uff1aUne conception unique assure un taux de d\u00e9chargement \uff1e 1,3t\/min, une distance de d\u00e9chargement verticale de 15m.<\/p>\n<p>3. Soudure de qualit\u00e9 :  Un bon acier avec une soudure de qualit\u00e9 permet une garantie plus longue pour les remorques \u00e0 ciment en vrac.<\/p>\n<p>4. Peinture durable : l'ensemble du v\u00e9hicule est nettoy\u00e9 par grenaillage avant d'\u00eatre peint, deux fois plus d'appr\u00eat pour prolonger la dur\u00e9e de vie de la peinture.<\/p>\n<p>5. Conception d'une remorque de camion \u00e0 ciment : dessin 3D avec Ansys et Hypermesh Analyser le support pour une conception raisonnable.<\/p>\n<p>&nbsp;<\/p>\n<h2>Transport maritime de la remorque-citerne \u00e0 ciment<\/h2>\n<p>Nous commanderons le transporteur \u00e0 l'avance avant que la production ne soit termin\u00e9e, et nous effectuerons une inspection apr\u00e8s la production. La remorque inspect\u00e9e vous sera exp\u00e9di\u00e9e selon le dernier d\u00e9lai d'exp\u00e9dition.<\/p>\n<p>Afin d'\u00e9viter que la peinture de la remorque de transport de sable de ciment ne soit corrod\u00e9e par l'eau de mer, nous pulv\u00e9riserons une couche de cire sur la surface de la remorque de transport de ciment avant le transport.<\/p>\n<p>Nous allons envelopper tous les moteurs diesel de la remorque-citerne de ciment avec une toile de pluie.<\/p>\n<p style=\"text-align: center;\"><img decoding=\"async\" src=\"https:\/\/www.pandatrailer.com\/uploads\/allimg\/210416\/1526395493-4.jpg\" alt=\"Transport maritime de la remorque-citerne \u00e0 ciment\" \/><\/p>\n<p>&nbsp;<\/p>\n<h2>Pourquoi choisir Panda ?<\/h2>\n<p>Panda propose plus de 100 produits de remorque \u00e0 ciment. Environ 95% de ces produits sont des \u00e9quipements industriels g\u00e9n\u00e9raux.<\/p>\n<p>Une grande vari\u00e9t\u00e9 d'options de remorque-citerne \u00e0 ciment est disponible pour vous, comme des \u00e9chantillons pay\u00e9s.<\/p>\n<p>Le fournisseur de remorque citerne \u00e0 ciment a export\u00e9 dans plus de 60 pays,<\/p>\n<p>Les semi-remorques citernes \u00e0 ciment sont les plus populaires en Asie du Sud-Est, en Afrique et en Am\u00e9rique du Sud. Vous pouvez passer le certificat ISO9001 pour assurer la qualit\u00e9 du vraquier de ciment.<\/p>\n<p>&nbsp;<\/p>\n<h2>Remorque citerne \u00e0 ciment Panda \u00e0 vendre<\/h2>\n<p>Panda Mechanical Co., Ltd est approuv\u00e9 par le minist\u00e8re de l'industrie et des technologies de l'information de Chine pour produire des types de semi-remorques et de v\u00e9hicules commerciaux. Nous fournissons des remorques-citernes \u00e0 ciment de 25 \u00e0 120 tonnes \u00e0 vendre.<\/p>\n<p>Panda dispose de machines de fabrication de premi\u00e8re classe et de divers \u00e9quipements d'essai, introduit des technologies internationales de pointe et effectue des recherches avec des fabricants de camions c\u00e9l\u00e8bres pour am\u00e9liorer la force de conception. Chaque v\u00e9hicule est produit par des ouvriers comp\u00e9tents et exp\u00e9riment\u00e9s, passe 120 inspections de contr\u00f4le de qualit\u00e9 et fournit des produits parfaits au monde entier.\u00a0<u><strong><a href=\"https:\/\/www.semitanker.com\/fr\/a-propos-de\/\"><span style=\"color: #0000cd;\">Plus...<\/span><\/a><\/strong><\/u><\/p>\n<p style=\"text-align: center;\"><a href=\"https:\/\/www.semitanker.com\/fr\/contacter\/\"><img decoding=\"async\" src=\"https:\/\/www.pandatrailer.com\/uploads\/other\/sale-images.jpg\" alt=\"remorque-citerne \u00e0 ciment \u00e0 vendre\" \/><\/a><\/p>","protected":false},"excerpt":{"rendered":"<p>Qu'est-ce qu'une remorque-citerne \u00e0 ciment ? La remorque-citerne \u00e0 ciment est \u00e9galement connue sous le nom de camion-citerne \u00e0 ciment, remorque \u00e0 ciment. La remorque citerne \u00e0 ciment est utilis\u00e9e pour le transport du ciment, de la chaux, du sable et d'autres mat\u00e9riaux en poudre en vrac de diam\u00e8tre \u2264 0,1 mm, la plus grande fonction de la citerne \u00e0 poudre est d'\u00eatre utilis\u00e9e pour le transport en vrac.   Remorque citerne \u00e0 ciment 4 essieux images Remorque citerne \u00e0 ciment 4 essieux...<\/p>","protected":false},"featured_media":2015,"comment_status":"open","ping_status":"closed","template":"","meta":{"_seopress_robots_primary_cat":"none","_seopress_titles_title":"","_seopress_titles_desc":"","_seopress_robots_index":"","_kad_post_transparent":"","_kad_post_title":"","_kad_post_layout":"","_kad_post_sidebar_id":"","_kad_post_content_style":"","_kad_post_vertical_padding":"","_kad_post_feature":"","_kad_post_feature_position":"","_kad_post_header":false,"_kad_post_footer":false},"product_brand":[],"product_cat":[154],"product_tag":[],"class_list":{"0":"post-1887","1":"product","2":"type-product","3":"status-publish","4":"has-post-thumbnail","6":"product_cat-cement-transport-trailer","8":"first","9":"instock","10":"shipping-taxable","11":"product-type-simple","12":"entry","13":"content-bg","14":"loop-entry"},"_links":{"self":[{"href":"https:\/\/www.semitanker.com\/fr\/wp-json\/wp\/v2\/product\/1887","targetHints":{"allow":["GET"]}}],"collection":[{"href":"https:\/\/www.semitanker.com\/fr\/wp-json\/wp\/v2\/product"}],"about":[{"href":"https:\/\/www.semitanker.com\/fr\/wp-json\/wp\/v2\/types\/product"}],"replies":[{"embeddable":true,"href":"https:\/\/www.semitanker.com\/fr\/wp-json\/wp\/v2\/comments?post=1887"}],"wp:featuredmedia":[{"embeddable":true,"href":"https:\/\/www.semitanker.com\/fr\/wp-json\/wp\/v2\/media\/2015"}],"wp:attachment":[{"href":"https:\/\/www.semitanker.com\/fr\/wp-json\/wp\/v2\/media?parent=1887"}],"wp:term":[{"taxonomy":"product_brand","embeddable":true,"href":"https:\/\/www.semitanker.com\/fr\/wp-json\/wp\/v2\/product_brand?post=1887"},{"taxonomy":"product_cat","embeddable":true,"href":"https:\/\/www.semitanker.com\/fr\/wp-json\/wp\/v2\/product_cat?post=1887"},{"taxonomy":"product_tag","embeddable":true,"href":"https:\/\/www.semitanker.com\/fr\/wp-json\/wp\/v2\/product_tag?post=1887"}],"curies":[{"name":"wp","href":"https:\/\/api.w.org\/{rel}","templated":true}]}}