{"id":1888,"date":"2022-05-21T14:30:10","date_gmt":"2022-05-21T06:30:10","guid":{"rendered":"https:\/\/semitanker.com\/?post_type=product&#038;p=1888"},"modified":"2026-01-24T02:23:27","modified_gmt":"2026-01-23T18:23:27","slug":"50-ton-cement-bulk-trailer-sale","status":"publish","type":"product","link":"https:\/\/www.semitanker.com\/fr\/produit\/remorque-de-ciment-de-50-tonnes-a-vendre\/","title":{"rendered":"Vente de remorques de ciment en vrac de 50 tonnes"},"content":{"rendered":"<p>La remorque \u00e0 ciment est compos\u00e9e d'un syst\u00e8me de roulement, d'un r\u00e9servoir de chargement, d'un syst\u00e8me d'air et d'un syst\u00e8me de d\u00e9chargement. Elle est adapt\u00e9e au transport en vrac de mat\u00e9riaux secs en poudre (diam\u00e8tre \u2264 0,1mm), tels que les cendres volantes, le ciment, la poudre de chaux, la poudre de minerai, l'alcali granulaire, etc.<\/p>\n<p>&nbsp;<\/p>\n<h2>Images communes de remorques \u00e0 ciment de 50 tonnes<\/h2>\n<p style=\"text-align: center;\"><img decoding=\"async\" src=\"\/uploads\/products\/50ton-blue\/7.jpg\" alt=\"capacit\u00e9 des remorques de ciment en vrac\" \/><\/p>\n<p style=\"text-align: center;\">camion-citerne \u00e0 ciment sec en vrac remorque \u00e0 vendre<\/p>\n<p style=\"text-align: center;\"><img decoding=\"async\" src=\"\/uploads\/products\/50ton-blue\/8.jpg\" alt=\"prix de la remorque-citerne \u00e0 ciment\" \/><\/p>\n<p style=\"text-align: center;\">ciment <strong><u><a href=\"\/fr\/Products\/\"><span style=\"color: #000080;\">camion-citerne<\/span><\/a><\/u><\/strong> remorque \u00e0 vendre<\/p>\n<p style=\"text-align: center;\"><img decoding=\"async\" src=\"\/uploads\/products\/50ton-blue\/9.jpg\" alt=\"remorques pour le transport du ciment en vrac \u00e0 vendre\" \/><\/p>\n<p style=\"text-align: center;\">pneumatique <u><a href=\"\/fr\/pneumatic-trailer\/25-35-ton\/25-ton-bulk-cement-tanker.html\/\"><span style=\"color: #0000cd;\">remorque \u00e0 ciment en vrac<\/span><\/a><\/u><\/p>\n<p>&nbsp;<\/p>\n<h2>Dessin de la remorque \u00e0 ciment<\/h2>\n<p style=\"text-align: center;\"><img decoding=\"async\" src=\"\/uploads\/products\/50ton-blue\/\/drawing.jpg\" alt=\"dessin d&#039;une remorque \u00e0 ciment\" \/><\/p>\n<p>&nbsp;<\/p>\n<h2>Vid\u00e9o - Comprendre les d\u00e9tails des bo\u00eetes de conserve en poudre<\/h2>\n<p style=\"text-align: center;\"><iframe title=\"Lecteur vid\u00e9o YouTube\" src=\"https:\/\/www.youtube.com\/embed\/WKV9Z7bKZ8o\" width=\"800\" height=\"533\" frameborder=\"0\" allowfullscreen=\"allowfullscreen\"><\/iframe><\/p>\n<h2>Les sp\u00e9cifications de la remorque pour ciment en vrac de 50 tonnes<\/h2>\n<table style=\"margin: 0 auto;\" border=\"1\" width=\"800\" cellspacing=\"1\" cellpadding=\"1\">\n<tbody>\n<tr>\n<td width=\"221\" height=\"40\">\u00a0Marque<\/td>\n<td width=\"515\">\u00a0PANDA Mech remorque-citerne \u00e0 ciment en vrac de type V de 50 tonnes<\/td>\n<\/tr>\n<tr>\n<td width=\"221\" height=\"40\">\u00a0Volume<\/td>\n<td width=\"515\">\u00a040 cum<\/td>\n<\/tr>\n<tr>\n<td width=\"221\" height=\"40\">\u00a0Capacit\u00e9 de la remorque-citerne \u00e0 ciment<\/td>\n<td width=\"515\">\u00a050 tonnes<\/td>\n<\/tr>\n<tr>\n<td width=\"221\" height=\"40\">\u00a0Moteur<\/td>\n<td width=\"515\">\u00a0WeiCai Deutz diesel moto<\/td>\n<\/tr>\n<tr>\n<td width=\"221\" height=\"40\">\u00a0Compresseur<\/td>\n<td width=\"515\">\u00a0SK 12m3<\/td>\n<\/tr>\n<tr>\n<td width=\"221\" height=\"40\">\u00a0Couvercle de trou d'homme<\/td>\n<td width=\"515\">\u00a02 \u00e0 4 jeux de 500 mm de diam\u00e8tre<\/td>\n<\/tr>\n<tr>\n<td width=\"221\" height=\"40\">\u00a0Valve de d\u00e9chargement<\/td>\n<td width=\"515\">\u00a04\u2033 valve \u00e0 disque<\/td>\n<\/tr>\n<tr>\n<td width=\"221\" height=\"40\">\u00a0Dimensions de la remorque de transport de ciment en vrac<\/td>\n<td>\u00a011000*2500*3950 mm<\/td>\n<\/tr>\n<tr>\n<td width=\"221\" height=\"40\">\u00a0Mat\u00e9riau du r\u00e9servoir<\/td>\n<td width=\"515\">\u00a0Acier haute r\u00e9sistance de 5 ou 6 mm<\/td>\n<\/tr>\n<tr>\n<td width=\"221\" height=\"40\">\u00a0Structure<\/td>\n<td width=\"515\">\u00a0Acier droit \u00e9lev\u00e9 Q345<\/td>\n<\/tr>\n<tr>\n<td width=\"221\" height=\"40\">\u00a0Train d'atterrissage<\/td>\n<td width=\"515\">\u00a0JOST 28T<\/td>\n<\/tr>\n<tr>\n<td width=\"221\" height=\"40\">\u00a0Suspension<\/td>\n<td width=\"515\">\u00a0Suspension m\u00e9canique ou suspension pneumatique<\/td>\n<\/tr>\n<tr>\n<td width=\"221\" height=\"40\">\u00a0Syst\u00e8me de freinage<\/td>\n<td width=\"515\">\u00a0Chambre T30\/30, soupape d'urgence WABCO<\/td>\n<\/tr>\n<tr>\n<td width=\"221\" height=\"40\">\u00a0Essieu<\/td>\n<td width=\"515\">\u00a0BPW, SAF, Fuwa<\/td>\n<\/tr>\n<tr>\n<td width=\"221\" height=\"40\">\u00a0Pneu<\/td>\n<td width=\"515\">\u00a012R22.5, 385\/65R22.5, 13R22.5, 12.00R24, 315\/80R22.5<\/td>\n<\/tr>\n<tr>\n<td width=\"221\" height=\"40\">\u00a0King Pin<\/td>\n<td width=\"515\">\u00a0JOST 2\u2033 ou 3.5 type d\u00e9tachable<\/td>\n<\/tr>\n<\/tbody>\n<\/table>\n<p>&nbsp;<\/p>\n<h2>Avantages uniques de la remorque \u00e0 ciment Panda<\/h2>\n<p>Meilleur acier brut : Le corps du r\u00e9servoir et la construction en acier haute r\u00e9sistance YP \u2265 620, assurent une plus longue dur\u00e9e de vie du gestionnaire et un poids de tare plus l\u00e9ger.<\/p>\n<p>Excellentes performances\uff1aUne conception unique assure un taux de d\u00e9chargement \uff1e 1,3t\/min, une distance de d\u00e9chargement verticale de 15m.<\/p>\n<p>Soudure de qualit\u00e9 :  Un bon acier avec une soudure de qualit\u00e9 permet une garantie plus longue pour les remorques pneumatiques en vrac.<\/p>\n<p>Peinture durable : L'ensemble du v\u00e9hicule est nettoy\u00e9 par grenaillage avant d'\u00eatre peint. Deux couches d'appr\u00eat permettent de prolonger la dur\u00e9e de vie de la peinture.<\/p>\n<p>Conception : dessin 3D avec Ansys &amp; Hypermesh Analyze supportant une conception raisonnable.<\/p>\n<p>&nbsp;<\/p>\n<h2>Transport maritime de la remorque citerne de poudre<\/h2>\n<p>Afin d'\u00e9viter que la peinture de la remorque du camion-citerne \u00e0 poudre ne soit corrod\u00e9e par l'eau de mer, nous pulv\u00e9risons une couche de cire sur la surface du triailleur \u00e0 poudre avant le transport.<\/p>\n<p>Nous allons envelopper tous les moteurs diesel de la remorque-citerne de ciment avec une toile de pluie.<\/p>\n<p style=\"text-align: center;\"><img decoding=\"async\" src=\"\/uploads\/allimg\/210415\/1SI42341-5.jpg\" \/><\/p>\n<p>&nbsp;<\/p>\n<h2>Pourquoi choisir Panda ?<\/h2>\n<p>Panda propose plus de 100 produits de remorque \u00e0 ciment. Environ 95% de ces produits sont des \u00e9quipements industriels g\u00e9n\u00e9raux.<\/p>\n<p>Une grande vari\u00e9t\u00e9 d'options de vrac de ciment est disponible pour vous, comme des \u00e9chantillons pay\u00e9s.<\/p>\n<p>Le fournisseur de remorque citerne \u00e0 ciment a export\u00e9 dans plus de 60 pays,<\/p>\n<p>Les remorques \u00e0 ciment en vrac sont les plus populaires en Asie du Sud-Est, en Afrique et en Am\u00e9rique du Sud. Vous pouvez passer le certificat ISO9001 pour assurer la qualit\u00e9 de la remorque pneumatique.<\/p>\n<p>&nbsp;<\/p>\n<h2>Comprendre Panda<\/h2>\n<p>Panda Mechanical Co., Ltd approuv\u00e9e par le minist\u00e8re de l'industrie et des technologies de l'information de la Chine pour produire des types de semi-remorques et de v\u00e9hicules commerciaux.<\/p>\n<p>Panda dispose de machines de fabrication de premi\u00e8re classe et de divers \u00e9quipements d'essai, introduit des technologies internationales de pointe et effectue des recherches avec des fabricants de camions c\u00e9l\u00e8bres pour am\u00e9liorer la force de conception. Chaque v\u00e9hicule est produit par des ouvriers comp\u00e9tents et exp\u00e9riment\u00e9s, passe 120 inspections de contr\u00f4le de qualit\u00e9 et fournit des produits parfaits au monde entier.\u00a0<u><strong><a href=\"https:\/\/www.semitanker.com\/fr\/a-propos-de\/\"><span style=\"color: #0000cd;\">Plus...<\/span><\/a><\/strong><\/u><\/p>","protected":false},"excerpt":{"rendered":"<p>La remorque \u00e0 ciment est compos\u00e9e d'un syst\u00e8me de roulement, d'un r\u00e9servoir de chargement, d'un syst\u00e8me d'air et d'un syst\u00e8me de d\u00e9chargement. Elle convient au transport en vrac de mat\u00e9riaux en poudre s\u00e8che (diam\u00e8tre \u2264 0,1mm), tels que les cendres volantes, le ciment, la chaux en poudre, le minerai en poudre, l'alcali granulaire, etc.   Camion-citerne \u00e0 ciment 50 tonnes images camion-citerne \u00e0 ciment sec en vrac remorque pour vente camion-citerne \u00e0 ciment en vrac...<\/p>","protected":false},"featured_media":2005,"comment_status":"open","ping_status":"closed","template":"","meta":{"_seopress_robots_primary_cat":"none","_seopress_titles_title":"","_seopress_titles_desc":"","_seopress_robots_index":"","_kad_post_transparent":"","_kad_post_title":"","_kad_post_layout":"","_kad_post_sidebar_id":"","_kad_post_content_style":"","_kad_post_vertical_padding":"","_kad_post_feature":"","_kad_post_feature_position":"","_kad_post_header":false,"_kad_post_footer":false},"product_brand":[],"product_cat":[154],"product_tag":[],"class_list":{"0":"post-1888","1":"product","2":"type-product","3":"status-publish","4":"has-post-thumbnail","6":"product_cat-cement-transport-trailer","8":"first","9":"instock","10":"shipping-taxable","11":"product-type-simple","12":"entry","13":"content-bg","14":"loop-entry"},"_links":{"self":[{"href":"https:\/\/www.semitanker.com\/fr\/wp-json\/wp\/v2\/product\/1888","targetHints":{"allow":["GET"]}}],"collection":[{"href":"https:\/\/www.semitanker.com\/fr\/wp-json\/wp\/v2\/product"}],"about":[{"href":"https:\/\/www.semitanker.com\/fr\/wp-json\/wp\/v2\/types\/product"}],"replies":[{"embeddable":true,"href":"https:\/\/www.semitanker.com\/fr\/wp-json\/wp\/v2\/comments?post=1888"}],"wp:featuredmedia":[{"embeddable":true,"href":"https:\/\/www.semitanker.com\/fr\/wp-json\/wp\/v2\/media\/2005"}],"wp:attachment":[{"href":"https:\/\/www.semitanker.com\/fr\/wp-json\/wp\/v2\/media?parent=1888"}],"wp:term":[{"taxonomy":"product_brand","embeddable":true,"href":"https:\/\/www.semitanker.com\/fr\/wp-json\/wp\/v2\/product_brand?post=1888"},{"taxonomy":"product_cat","embeddable":true,"href":"https:\/\/www.semitanker.com\/fr\/wp-json\/wp\/v2\/product_cat?post=1888"},{"taxonomy":"product_tag","embeddable":true,"href":"https:\/\/www.semitanker.com\/fr\/wp-json\/wp\/v2\/product_tag?post=1888"}],"curies":[{"name":"wp","href":"https:\/\/api.w.org\/{rel}","templated":true}]}}