{"id":1889,"date":"2021-12-21T14:30:34","date_gmt":"2021-12-21T06:30:34","guid":{"rendered":"https:\/\/semitanker.com\/?post_type=product&#038;p=1889"},"modified":"2022-12-06T23:59:54","modified_gmt":"2022-12-06T15:59:54","slug":"120-ton-cement-tank-trailer","status":"publish","type":"product","link":"https:\/\/www.semitanker.com\/fr\/produit\/remorque-citerne-de-120-tonnes\/","title":{"rendered":"Remorque-citerne \u00e0 ciment de 120 tonnes"},"content":{"rendered":"<p>Remorque citerne \u00e0 ciment de 120 tonnes utilis\u00e9e pour le transport de ciment sec en vrac, de chaux en poudre, de sable et de sortes de mat\u00e9riaux en poudre en vrac de diam\u00e8tre \u2264 0,1 mm.<\/p>\n<p>Remorque citerne \u00e0 ciment de 100 m\u00e8tres cubes, capacit\u00e9 120 tonnes.<\/p>\n<p>&nbsp;<\/p>\n<h2>Remorques-citernes \u00e0 ciment de 120 tonnes images<\/h2>\n<p style=\"text-align: center;\"><img decoding=\"async\" src=\"\/uploads\/products\/120ton-cement-bulker\/7.jpg\" alt=\"Remorques-citernes \u00e0 ciment de 120 tonnes\" \/><\/p>\n<p style=\"text-align: center;\"><img decoding=\"async\" src=\"\/uploads\/products\/120ton-cement-bulker\/8.jpg\" alt=\"Remorque \u00e0 ciment de 120 tonnes\" \/><\/p>\n<p style=\"text-align: center;\"><img decoding=\"async\" src=\"\/uploads\/products\/120ton-cement-bulker\/9.jpg\" alt=\"Remorque pour camion de ciment en vrac de 120 tonnes\" \/><\/p>\n<h2>Vid\u00e9o de la remorque-citerne \u00e0 ciment de 120 tonnes<\/h2>\n<p style=\"text-align: center;\"><iframe title=\"Lecteur vid\u00e9o YouTube\" src=\"https:\/\/www.youtube.com\/embed\/ovpjICiWNiQ\" width=\"800\" height=\"533\" frameborder=\"0\" allowfullscreen=\"allowfullscreen\"><\/iframe><\/p>\n<p>&nbsp;<\/p>\n<h2>Sp\u00e9cification de la remorque-citerne \u00e0 ciment de 120 tonnes<\/h2>\n<table style=\"margin: 0 auto;\" border=\"1\" width=\"800\" cellspacing=\"1\" cellpadding=\"1\">\n<tbody>\n<tr>\n<td width=\"221\" height=\"40\">\u00a0Marque<\/td>\n<td width=\"515\">\u00a0Remorques-citernes \u00e0 ciment PANDA Mech 100 m\u00b3 120 tonnes<\/td>\n<\/tr>\n<tr>\n<td width=\"221\" height=\"40\">\u00a0Volume<\/td>\n<td width=\"515\">\u00a0100 m\u00b3<\/td>\n<\/tr>\n<tr>\n<td width=\"221\" height=\"40\">\u00a0Capacit\u00e9 de la remorque-citerne \u00e0 ciment<\/td>\n<td width=\"515\">\u00a0120 tonnes<\/td>\n<\/tr>\n<tr>\n<td width=\"221\" height=\"40\">\u00a0Moteur<\/td>\n<td width=\"515\">\u00a0WEICHAI-WP4.1D66E200,60KW, refroidissement par eau<\/td>\n<\/tr>\n<tr>\n<td width=\"221\" height=\"40\">\u00a0Compresseur<\/td>\n<td width=\"515\">\u00a0Marque Suzhou, type oscillant sans huile<\/td>\n<\/tr>\n<tr>\n<td width=\"221\" height=\"40\">\u00a0Couvercle de trou d'homme<\/td>\n<td width=\"515\">\u00a02 \u00e0 4 jeux de 1000mm de diam\u00e8tre<\/td>\n<\/tr>\n<tr>\n<td width=\"221\" height=\"40\">\u00a0Valve de d\u00e9chargement<\/td>\n<td width=\"515\">\u00a04\u2033 valve \u00e0 disque<\/td>\n<\/tr>\n<tr>\n<td width=\"221\" height=\"40\">\u00a0Dimensions de la remorque-citerne \u00e0 ciment<\/td>\n<td>\u00a016500*2500*4200 mm<\/td>\n<\/tr>\n<tr>\n<td width=\"221\" height=\"40\">\u00a0Mat\u00e9riau du r\u00e9servoir<\/td>\n<td width=\"515\">\u00a0Acier haute r\u00e9sistance de 5 ou 6 mm<\/td>\n<\/tr>\n<tr>\n<td width=\"221\" height=\"40\">\u00a0Structure<\/td>\n<td width=\"515\">\u00a0Q3100 acier droit \u00e9lev\u00e9<\/td>\n<\/tr>\n<tr>\n<td width=\"221\" height=\"40\">\u00a0Train d'atterrissage<\/td>\n<td width=\"515\">\u00a0Marque \"JOST\" A400 type lourd, deux vitesses, fonctionnement manuel,<\/td>\n<\/tr>\n<tr>\n<td width=\"221\" height=\"40\">\u00a0Suspension<\/td>\n<td width=\"515\">\u00a0Suspension m\u00e9canique ou suspension pneumatique<\/td>\n<\/tr>\n<tr>\n<td width=\"221\" height=\"40\">\u00a0Syst\u00e8me de freinage<\/td>\n<td width=\"515\">\u00a0Chambre T100\/100, soupape d'urgence WABCO<\/td>\n<\/tr>\n<tr>\n<td width=\"221\" height=\"40\">\u00a0Essieu<\/td>\n<td width=\"515\">\u00a0Essieu BPW 3*20Tonnes avec service lourd<\/td>\n<\/tr>\n<tr>\n<td width=\"221\" height=\"40\">\u00a0Pneu<\/td>\n<td width=\"515\">\u00a012.00R24, 12pcs,marque chengshan, jante acier 9.0-24, 12pcs<\/td>\n<\/tr>\n<tr>\n<td width=\"221\" height=\"40\">\u00a0King Pin<\/td>\n<td width=\"515\">\u00a0\"JOST\", 90mm, type boulonn\u00e9<\/td>\n<\/tr>\n<\/tbody>\n<\/table>\n<p>&nbsp;<\/p>\n<h2>Avantages des remorques-citernes \u00e0 ciment de 120 tonnes<\/h2>\n<p>1. Meilleur acier brut : Le corps du r\u00e9servoir et la construction en acier haute r\u00e9sistance YP \u2265 620, assurent une plus longue dur\u00e9e de vie du gestionnaire et un poids de tare plus l\u00e9ger.<\/p>\n<p>2. Excellentes performances\uff1aUne conception unique assure un taux de d\u00e9chargement \uff1e 1,3t\/min, une distance de d\u00e9chargement verticale de 15m.<\/p>\n<p>3. Soudure de qualit\u00e9 :  Un bon acier avec une soudure de qualit\u00e9 permet une garantie plus longue pour les remorques \u00e0 ciment de 100 m\u00b3.<\/p>\n<p>4. Peinture durable : l'ensemble du v\u00e9hicule est nettoy\u00e9 par grenaillage avant d'\u00eatre peint, deux fois plus d'appr\u00eat pour prolonger la dur\u00e9e de vie de la peinture.<\/p>\n<p>5. Conception d'une remorque-citerne \u00e0 ciment de 100 m\u00b3 : dessin 3D avec Ansys et Hypermesh Analyser la conception raisonnable du support.<\/p>\n<p>&nbsp;<\/p>\n<h2>Transport maritime d'une remorque-citerne \u00e0 ciment<\/h2>\n<p>Nous commanderons le transporteur \u00e0 l'avance avant que la production ne soit termin\u00e9e, et nous effectuerons une inspection apr\u00e8s la production. La remorque inspect\u00e9e vous sera exp\u00e9di\u00e9e selon le dernier d\u00e9lai d'exp\u00e9dition.<\/p>\n<p>Afin d'\u00e9viter que la peinture de la remorque de transport de sable de ciment ne soit corrod\u00e9e par l'eau de mer, nous pulv\u00e9risons une couche de cire sur la surface de la remorque de transport de poudre avant le transport.<\/p>\n<p>Nous allons envelopper tous les moteurs diesel de la remorque-citerne de ciment avec une toile de pluie.<\/p>\n<p style=\"text-align: center;\"><img decoding=\"async\" style=\"width: 649px; height: 768px;\" src=\"\/uploads\/other\/cement-sea-transport.jpg\" alt=\"Transport maritime de la remorque-citerne \u00e0 ciment\" \/><\/p>\n<p>&nbsp;<\/p>\n<h2>Remorques-citernes \u00e0 ciment de 120 tonnes \u00e0 vendre<\/h2>\n<p>Panda Mech est une remorque citerne \u00e0 ciment de Chine. Nous fournissons des remorques-citernes \u00e0 ciment de 28 \u00e0 120 tonnes \u00e0 vendre. Nous pouvons les personnaliser en fonction de vos besoins. Les fabricants de Panda Mech ont connu le succ\u00e8s en Asie du Sud-Est, au Moyen-Orient, en Afrique et en Am\u00e9rique du Sud, comme aux Philippines, en Tanzanie, etc.\u00a0\u00a0<strong><u><a href=\"https:\/\/www.semitanker.com\/fr\/a-propos-de\/\" rel=\"nofollow\"><span style=\"color: #0000cd;\">\u00c0 propos de PANDA<\/span><\/a><\/u><\/strong><\/p>\n<p style=\"text-align: center;\"><a href=\"https:\/\/www.semitanker.com\/fr\/contacter\/\"><img decoding=\"async\" style=\"width: 864px; height: 213px;\" src=\"\/uploads\/other\/sale-images.jpg\" alt=\"Remorque-citerne \u00e0 ciment de 120 tonnes\" \/><\/a><\/p>","protected":false},"excerpt":{"rendered":"<p>Remorque citerne \u00e0 ciment de 120 tonnes utilis\u00e9e pour le transport de ciment sec en vrac, de chaux en poudre, de sable et d'autres mat\u00e9riaux pulv\u00e9rulents en vrac d'un diam\u00e8tre \u2264 0,1 mm. Remorque citerne \u00e0 ciment 100 m\u00e8tres cubes capacit\u00e9 120 tonnes.   Remorque citerne \u00e0 ciment 120 tonnes images Remorque citerne \u00e0 ciment 120 tonnes vid\u00e9o Remorque citerne \u00e0 ciment 120 tonnes sp\u00e9cifications Marque PANDA Mech 100 m\u00b3 Remorque citerne \u00e0 ciment 120 tonnes Volume...<\/p>","protected":false},"featured_media":1999,"comment_status":"open","ping_status":"closed","template":"","meta":{"_seopress_robots_primary_cat":"none","_seopress_titles_title":"","_seopress_titles_desc":"","_seopress_robots_index":"","_kad_post_transparent":"","_kad_post_title":"","_kad_post_layout":"","_kad_post_sidebar_id":"","_kad_post_content_style":"","_kad_post_vertical_padding":"","_kad_post_feature":"","_kad_post_feature_position":"","_kad_post_header":false,"_kad_post_footer":false},"product_brand":[],"product_cat":[154],"product_tag":[],"class_list":{"0":"post-1889","1":"product","2":"type-product","3":"status-publish","4":"has-post-thumbnail","6":"product_cat-cement-transport-trailer","8":"first","9":"instock","10":"shipping-taxable","11":"product-type-simple","12":"entry","13":"content-bg","14":"loop-entry"},"_links":{"self":[{"href":"https:\/\/www.semitanker.com\/fr\/wp-json\/wp\/v2\/product\/1889","targetHints":{"allow":["GET"]}}],"collection":[{"href":"https:\/\/www.semitanker.com\/fr\/wp-json\/wp\/v2\/product"}],"about":[{"href":"https:\/\/www.semitanker.com\/fr\/wp-json\/wp\/v2\/types\/product"}],"replies":[{"embeddable":true,"href":"https:\/\/www.semitanker.com\/fr\/wp-json\/wp\/v2\/comments?post=1889"}],"wp:featuredmedia":[{"embeddable":true,"href":"https:\/\/www.semitanker.com\/fr\/wp-json\/wp\/v2\/media\/1999"}],"wp:attachment":[{"href":"https:\/\/www.semitanker.com\/fr\/wp-json\/wp\/v2\/media?parent=1889"}],"wp:term":[{"taxonomy":"product_brand","embeddable":true,"href":"https:\/\/www.semitanker.com\/fr\/wp-json\/wp\/v2\/product_brand?post=1889"},{"taxonomy":"product_cat","embeddable":true,"href":"https:\/\/www.semitanker.com\/fr\/wp-json\/wp\/v2\/product_cat?post=1889"},{"taxonomy":"product_tag","embeddable":true,"href":"https:\/\/www.semitanker.com\/fr\/wp-json\/wp\/v2\/product_tag?post=1889"}],"curies":[{"name":"wp","href":"https:\/\/api.w.org\/{rel}","templated":true}]}}