{"id":1890,"date":"2022-05-11T14:31:30","date_gmt":"2022-05-11T06:31:30","guid":{"rendered":"https:\/\/semitanker.com\/?post_type=product&#038;p=1890"},"modified":"2023-06-04T21:19:22","modified_gmt":"2023-06-04T13:19:22","slug":"85-ton-cement-bulker-trailer","status":"publish","type":"product","link":"https:\/\/www.semitanker.com\/fr\/produit\/remorque-citerne-a-ciment-de-85-tonnes\/","title":{"rendered":"Remorque \u00e0 ciment de 85 tonnes"},"content":{"rendered":"<p>Remorques \u00e0 vrac de ciment de 85 tonnes utilis\u00e9es pour le transport de ciment sec en vrac, de chaux en poudre, de sable et de toutes sortes de mat\u00e9riaux en poudre en vrac de diam\u00e8tre \u2264 0,1 mm.<\/p>\n<p>Remorque cimenti\u00e8re 70 m3 capacit\u00e9 85 tonnes.<\/p>\n<p>&nbsp;<\/p>\n<h2>Remorques \u00e0 benne \u00e0 ciment de 850 tonnes images<\/h2>\n<p style=\"text-align: center;\"><img decoding=\"async\" src=\"\/uploads\/products\/80ton-cement-bulker\/7.jpg\" alt=\"Remorques-citernes \u00e0 ciment de 85 tonnes \u00e0 vendre\" \/><\/p>\n<p style=\"text-align: center;\"><img decoding=\"async\" src=\"\/uploads\/products\/80ton-cement-bulker\/8.jpg\" alt=\"Remorques-citernes \u00e0 ciment de 85 tonnes \u00e0 vendre\" \/><\/p>\n<p style=\"text-align: center;\"><img decoding=\"async\" src=\"\/uploads\/products\/80ton-cement-bulker\/10.jpg\" alt=\"Fabricant de vraquiers de ciment de 85 tonnes\" \/><\/p>\n<h2>Vid\u00e9o des remorques \u00e0 benne \u00e0 ciment de 85 tonnes<\/h2>\n<p><iframe title=\"Lecteur vid\u00e9o YouTube\" src=\"https:\/\/www.youtube.com\/embed\/XwY8Ep3h9OM\" width=\"800\" height=\"533\" frameborder=\"0\" allowfullscreen=\"allowfullscreen\"><\/iframe><\/p>\n<p>&nbsp;<\/p>\n<h2>Sp\u00e9cifications des remorques \u00e0 ciment de 85 tonnes<\/h2>\n<table style=\"margin: 0 auto;\" border=\"1\" width=\"800\" cellspacing=\"1\" cellpadding=\"1\">\n<tbody>\n<tr>\n<td width=\"221\" height=\"40\">\u00a0Marque<\/td>\n<td width=\"515\">\u00a0PANDA 70m3 85 tonnes ciment vraquier remorques-citernes<\/td>\n<\/tr>\n<tr>\n<td width=\"221\" height=\"40\">\u00a0Volume<\/td>\n<td width=\"515\">\u00a070 m3<\/td>\n<\/tr>\n<tr>\n<td width=\"221\" height=\"40\">\u00a0Capacit\u00e9 d'une remorque de transport de ciment<\/td>\n<td width=\"515\">\u00a085 tonnes<\/td>\n<\/tr>\n<tr>\n<td width=\"221\" height=\"40\">\u00a0Moteur<\/td>\n<td width=\"515\">\u00a0WEICHAI-WP4.1D66E200,60KW, refroidissement par eau<\/td>\n<\/tr>\n<tr>\n<td width=\"221\" height=\"40\">\u00a0Compresseur<\/td>\n<td width=\"515\">\u00a0Marque Suzhou, type oscillant sans huile<\/td>\n<\/tr>\n<tr>\n<td width=\"221\" height=\"40\">\u00a0Couvercle de trou d'homme<\/td>\n<td width=\"515\">\u00a02 \u00e0 4 jeux de 700 mm de diam\u00e8tre<\/td>\n<\/tr>\n<tr>\n<td width=\"221\" height=\"40\">\u00a0Valve de d\u00e9chargement<\/td>\n<td width=\"515\">\u00a04\u2033 valve \u00e0 disque<\/td>\n<\/tr>\n<tr>\n<td width=\"221\" height=\"40\">\u00a0Dimension<\/td>\n<td>\u00a014100mm x 2550mm x 4200mm<\/td>\n<\/tr>\n<tr>\n<td width=\"221\" height=\"40\">\u00a0Mat\u00e9riau du r\u00e9servoir<\/td>\n<td width=\"515\">\u00a0Acier haute r\u00e9sistance de 5 ou 6 mm<\/td>\n<\/tr>\n<tr>\n<td width=\"221\" height=\"40\">\u00a0Structure<\/td>\n<td width=\"515\">\u00a0Acier droit \u00e9lev\u00e9 Q370<\/td>\n<\/tr>\n<tr>\n<td width=\"221\" height=\"40\">\u00a0Train d'atterrissage<\/td>\n<td width=\"515\">\u00a0Marque \"JOST\" A400 type lourd, deux vitesses, fonctionnement manuel,<\/td>\n<\/tr>\n<tr>\n<td width=\"221\" height=\"40\">\u00a0Suspension<\/td>\n<td width=\"515\">\u00a0Suspension m\u00e9canique ou suspension pneumatique<\/td>\n<\/tr>\n<tr>\n<td width=\"221\" height=\"40\">\u00a0Syst\u00e8me de freinage<\/td>\n<td width=\"515\">\u00a0Chambre T70\/70, soupape d'urgence WABCO<\/td>\n<\/tr>\n<tr>\n<td width=\"221\" height=\"40\">\u00a0Essieu<\/td>\n<td width=\"515\">\u00a0Essieu BPW 3*20Tonnes avec service lourd<\/td>\n<\/tr>\n<tr>\n<td width=\"221\" height=\"40\">\u00a0Pneu<\/td>\n<td width=\"515\">\u00a012.00R24, 12pcs,marque chengshan, jante acier 9.0-24, 12pcs<\/td>\n<\/tr>\n<tr>\n<td width=\"221\" height=\"40\">\u00a0King Pin<\/td>\n<td width=\"515\">\u00a0\"JOST\", 90mm, type boulonn\u00e9<\/td>\n<\/tr>\n<\/tbody>\n<\/table>\n<p>&nbsp;<\/p>\n<h2>Avantage des remorques \u00e0 ciment de 85 tonnes :<\/h2>\n<p>Meilleur acier brut : Le corps du r\u00e9servoir et la construction en acier haute r\u00e9sistance YP \u2265 620, assurent une plus longue dur\u00e9e de vie du gestionnaire et un poids de tare plus l\u00e9ger.<\/p>\n<p>Excellentes performances\uff1aUne conception unique assure un taux de d\u00e9chargement \uff1e 1,3t\/min, une distance de d\u00e9chargement verticale de 15m.<\/p>\n<p>Soudure de qualit\u00e9 :  Un bon acier avec une soudure de qualit\u00e9 permet une garantie plus longue pour les remorques \u00e0 ciment de 85 tonnes.<\/p>\n<p>Peinture durable : L'ensemble du v\u00e9hicule est nettoy\u00e9 par grenaillage avant d'\u00eatre peint. Deux couches d'appr\u00eat permettent de prolonger la dur\u00e9e de vie de la peinture.<\/p>\n<p>Conception de remorques \u00e0 ciment de 85 tonnes : dessin 3D avec Ansys et Hypermesh Analyser le support pour une conception raisonnable.<\/p>\n<p>&nbsp;<\/p>\n<h2>Transport maritime de remorque \u00e0 ciment<\/h2>\n<p>Nous commanderons le transporteur \u00e0 l'avance avant que la production ne soit termin\u00e9e, et nous effectuerons une inspection apr\u00e8s la production. La remorque inspect\u00e9e vous sera exp\u00e9di\u00e9e selon le dernier d\u00e9lai d'exp\u00e9dition.<\/p>\n<p>Afin d'\u00e9viter que la peinture de la remorque de transport de sable de ciment ne soit corrod\u00e9e par l'eau de mer, nous pulv\u00e9risons une couche de cire sur la surface de la remorque de transport de poudre avant le transport.<\/p>\n<p>Nous allons envelopper tous les moteurs diesel de la remorque-citerne de ciment avec une toile de pluie.<\/p>\n<p style=\"text-align: center;\"><img decoding=\"async\" style=\"width: 649px; height: 768px;\" src=\"\/uploads\/other\/cement-sea-transport.jpg\" alt=\"Transport maritime de remorque \u00e0 ciment\" \/><\/p>\n<p>&nbsp;<\/p>\n<h2>Remorque \u00e0 ciment \u00e0 vendre<\/h2>\n<p>Panda Mech est un fabricant de remorques pour vrac sec de Chine. Nous fournissons des remorques pneumatiques pour vrac de 28 \u00e0 120 tonnes \u00e0 vendre. Nous pouvons les personnaliser en fonction de vos besoins. Les fabricants de Panda Mech ont connu le succ\u00e8s en Asie du Sud-Est, au Moyen-Orient, en Afrique et en Am\u00e9rique du Sud, comme aux Philippines, en Tanzanie, etc.\u00a0<strong><u><a href=\"https:\/\/www.semitanker.com\/fr\/a-propos-de\/\" rel=\"nofollow\"><span style=\"color: #0000cd;\">En savoir plus sur PANDA...<\/span><\/a><\/u><\/strong><\/p>\n<p style=\"text-align: center;\"><a href=\"https:\/\/www.semitanker.com\/fr\/contacter\/\"><img decoding=\"async\" style=\"width: 864px; height: 213px;\" src=\"\/uploads\/other\/sale-images.jpg\" alt=\"remorques \u00e0 ciment en vrac \u00e0 vendre\" \/><\/a><\/p>","protected":false},"excerpt":{"rendered":"<p>Remorque \u00e0 ciment de 85 tonnes utilis\u00e9e pour le transport de ciment sec en vrac, de chaux en poudre, de sable et d'autres mat\u00e9riaux pulv\u00e9rulents en vrac de diam\u00e8tre \u2264 0,1 mm. 70 m3 ciment bulker remorque capacit\u00e9 85 tonnes.   850 Ton cement bulker trailers images 85 Ton cement bulker trailers video 85 Ton cement bulker trailers specification Brand PANDA 70m3 85 ton cement bulker tanker trailers Volume 70 m3 Cement...<\/p>","protected":false},"featured_media":1990,"comment_status":"open","ping_status":"closed","template":"","meta":{"_seopress_robots_primary_cat":"none","_seopress_titles_title":"","_seopress_titles_desc":"","_seopress_robots_index":"","_kad_post_transparent":"","_kad_post_title":"","_kad_post_layout":"","_kad_post_sidebar_id":"","_kad_post_content_style":"","_kad_post_vertical_padding":"","_kad_post_feature":"","_kad_post_feature_position":"","_kad_post_header":false,"_kad_post_footer":false},"product_brand":[],"product_cat":[154],"product_tag":[],"class_list":{"0":"post-1890","1":"product","2":"type-product","3":"status-publish","4":"has-post-thumbnail","6":"product_cat-cement-transport-trailer","8":"first","9":"instock","10":"shipping-taxable","11":"product-type-simple","12":"entry","13":"content-bg","14":"loop-entry"},"_links":{"self":[{"href":"https:\/\/www.semitanker.com\/fr\/wp-json\/wp\/v2\/product\/1890","targetHints":{"allow":["GET"]}}],"collection":[{"href":"https:\/\/www.semitanker.com\/fr\/wp-json\/wp\/v2\/product"}],"about":[{"href":"https:\/\/www.semitanker.com\/fr\/wp-json\/wp\/v2\/types\/product"}],"replies":[{"embeddable":true,"href":"https:\/\/www.semitanker.com\/fr\/wp-json\/wp\/v2\/comments?post=1890"}],"wp:featuredmedia":[{"embeddable":true,"href":"https:\/\/www.semitanker.com\/fr\/wp-json\/wp\/v2\/media\/1990"}],"wp:attachment":[{"href":"https:\/\/www.semitanker.com\/fr\/wp-json\/wp\/v2\/media?parent=1890"}],"wp:term":[{"taxonomy":"product_brand","embeddable":true,"href":"https:\/\/www.semitanker.com\/fr\/wp-json\/wp\/v2\/product_brand?post=1890"},{"taxonomy":"product_cat","embeddable":true,"href":"https:\/\/www.semitanker.com\/fr\/wp-json\/wp\/v2\/product_cat?post=1890"},{"taxonomy":"product_tag","embeddable":true,"href":"https:\/\/www.semitanker.com\/fr\/wp-json\/wp\/v2\/product_tag?post=1890"}],"curies":[{"name":"wp","href":"https:\/\/api.w.org\/{rel}","templated":true}]}}