{"id":1891,"date":"2022-05-13T14:31:55","date_gmt":"2022-05-13T06:31:55","guid":{"rendered":"https:\/\/semitanker.com\/?post_type=product&#038;p=1891"},"modified":"2023-04-07T21:43:40","modified_gmt":"2023-04-07T13:43:40","slug":"40-ton-pto-cement-tanker-truck","status":"publish","type":"product","link":"https:\/\/www.semitanker.com\/fr\/produit\/camion-citerne-de-40-tonnes-pour-le-ciment\/","title":{"rendered":"Camion-citerne \u00e0 ciment de 40 tonnes \u00e0 prise de force"},"content":{"rendered":"<h2>Qu'est-ce qu'un camion-citerne \u00e0 ciment ?<\/h2>\n<p>Le camion-citerne \u00e0 ciment en vrac de Panda Mech est largement utilis\u00e9 pour le transport et le stockage du ciment, de la poudre de charbon, du mortier sec, de la nourriture et de la poudre chimique.<\/p>\n<p>Le camion-citerne \u00e0 ciment am\u00e9liore le transport, r\u00e9duit le co\u00fbt du transport et diminue la pollution. R\u00e9alise la m\u00e9canisation du chargement, du transport, du d\u00e9chargement et du stockage.<\/p>\n<p>Capacit\u00e9 du camion-citerne de poudre de ciment en vrac : 28-120 tonnes<\/p>\n<p>&nbsp;<\/p>\n<h2>40 tonnes de ciment remorque citerne images<\/h2>\n<p style=\"text-align: center;\"><img decoding=\"async\" src=\"\/uploads\/products\/45ton-cement-orange\/7.jpg\" alt=\"Camion-citerne \u00e0 ciment en vrac de 40 tonnes\" \/><\/p>\n<p style=\"text-align: center;\">40 tonnes <span class=\"\">camion-citerne \u00e0 ciment remorque <\/span>sans compresseur d'air<\/p>\n<p style=\"text-align: center;\"><img decoding=\"async\" src=\"\/uploads\/products\/45ton-cement-orange\/8.jpg\" alt=\"semi-remorque citerne \u00e0 ciment 40 tonnes de Chine\" \/><\/p>\n<p style=\"text-align: center;\">Chine pneumatique <strong><u><a href=\"\/fr\/pneumatic-trailer\/25-35-ton\/30-ton-cement-tanker-trailer.html\/\">camion-citerne de ciment<\/a><\/u><\/strong> semi-remorque \u00e0 vendre<\/p>\n<p style=\"text-align: center;\"><img decoding=\"async\" src=\"\/uploads\/products\/45ton-cement-orange\/9.jpg\" alt=\"camion-citerne de ciment en vrac remorque\" \/><\/p>\n<p style=\"text-align: center;\">Chine 40ton <span class=\"\">camion-citerne de ciment en vrac semi-remorque <\/span>\u00e0 vendre<\/p>\n<h2>Vid\u00e9o d'un camion-citerne \u00e0 ciment de 40 tonnes<\/h2>\n<p style=\"text-align: center;\"><iframe title=\"Lecteur vid\u00e9o YouTube\" src=\"https:\/\/www.youtube.com\/embed\/BMhodcEWyz4\" width=\"800\" height=\"533\" frameborder=\"0\" allowfullscreen=\"allowfullscreen\"><\/iframe><\/p>\n<p>&nbsp;<\/p>\n<h2>Sp\u00e9cifications du camion-citerne \u00e0 ciment de 40 tonnes<\/h2>\n<table style=\"margin: 0 auto;\" border=\"1\" width=\"800\" cellspacing=\"2\" cellpadding=\"1\">\n<tbody>\n<tr>\n<td width=\"227\" height=\"36\">\u00a0Marque<\/td>\n<td width=\"435\">\u00a0Semi-remorque cimentier Panda Mech<\/td>\n<\/tr>\n<tr>\n<td width=\"227\" height=\"36\">\u00a0Volume<\/td>\n<td width=\"435\">\u00a035 m3 \/ m\u00e8tre cube<\/td>\n<\/tr>\n<tr>\n<td width=\"227\" height=\"36\">\u00a0Capacit\u00e9 du camion de ciment en vrac<\/td>\n<td width=\"435\">\u00a040 tonnes<\/td>\n<\/tr>\n<tr>\n<td width=\"227\" height=\"36\">\u00a0Dimensions du camion de ciment en vrac<\/td>\n<td width=\"435\">\u00a010000*2500*3950mm<\/td>\n<\/tr>\n<tr>\n<td width=\"227\" height=\"36\">\u00a0Moteur<\/td>\n<td width=\"435\">\u00a0Weichai-Huafeng 4102,47kw<\/td>\n<\/tr>\n<tr>\n<td width=\"227\" height=\"36\">\u00a0Compresseur<\/td>\n<td width=\"435\">\u00a0Marque Suzhou, mod\u00e8le WB-12\/2-S, 12m\u00b3\/min<\/td>\n<\/tr>\n<tr>\n<td width=\"227\" height=\"36\">\u00a0Couvercle de trou d'homme<\/td>\n<td width=\"435\">\u00a02 \u00e0 4 jeux de 500 mm de diam\u00e8tre<\/td>\n<\/tr>\n<tr>\n<td width=\"227\" height=\"36\">\u00a0Valve de d\u00e9chargement<\/td>\n<td width=\"435\">\u00a04\u2033 valve \u00e0 disque<\/td>\n<\/tr>\n<tr>\n<td width=\"227\" height=\"36\">\u00a0Mat\u00e9riau du corps<\/td>\n<td width=\"435\">\u00a0Acier haute r\u00e9sistance de 5 ou 6 mm<\/td>\n<\/tr>\n<tr>\n<td width=\"227\" height=\"36\">\u00a0Structure<\/td>\n<td width=\"435\">\u00a0Acier \u00e0 haute r\u00e9sistance Q345<\/td>\n<\/tr>\n<tr>\n<td width=\"227\" height=\"36\">\u00a0Train d'atterrissage<\/td>\n<td width=\"435\">\u00a0Marque Yahua, 28 tonnes, deux vitesses, fonctionnement manuel.<\/td>\n<\/tr>\n<tr>\n<td width=\"227\" height=\"36\">\u00a0Suspension<\/td>\n<td width=\"435\">\u00a0Suspension m\u00e9canique, suspension pneumatique<\/td>\n<\/tr>\n<tr>\n<td width=\"227\" height=\"36\">\u00a0Syst\u00e8me de freinage<\/td>\n<td width=\"435\">\u00a0Valve d'urgence WABCO<\/td>\n<\/tr>\n<tr>\n<td width=\"227\" height=\"36\">\u00a0Essieu<\/td>\n<td width=\"435\">\u00a01 \u00e0 4 jeux, essieux de 13, 16 et 20 tonnes<\/td>\n<\/tr>\n<tr>\n<td width=\"227\" height=\"36\">\u00a0Pneu<\/td>\n<td width=\"435\">\u00a012R22.5, 385\/65R22.5, 13R22.5, 12.00R24, 315\/80R22.5<\/td>\n<\/tr>\n<tr>\n<td width=\"227\" height=\"36\">\u00a0King Pin<\/td>\n<td width=\"435\">\u00a0\"JOST\", 3,5 pouces, type boulonn\u00e9.<\/td>\n<\/tr>\n<\/tbody>\n<\/table>\n<p>&nbsp;<\/p>\n<h2>Avantages du camion Ce<\/h2>\n<p>1. Meilleur acier brut : Le corps de la cuve du camion de ciment et la construction en acier \u00e0 haute r\u00e9sistance YP \u2265 620, assurent une plus longue dur\u00e9e de vie du gestionnaire et un poids \u00e0 vide plus l\u00e9ger.<\/p>\n<p>2. Excellentes performances : Une conception unique assure un taux de d\u00e9chargement \uff1e 1,3t\/min, une distance de d\u00e9chargement verticale de 15m.<\/p>\n<p>3. Soudure de qualit\u00e9 :  Un bon acier avec une soudure de qualit\u00e9 permet une garantie plus longue pour les camions-citernes \u00e0 ciment.<\/p>\n<p>4. Peinture durable : l'ensemble du v\u00e9hicule est nettoy\u00e9 par grenaillage avant d'\u00eatre peint, deux fois plus d'appr\u00eat pour prolonger la dur\u00e9e de vie de la peinture.<\/p>\n<p>5. Conception de camions-citernes pour le transport de ciment : dessin 3D avec Ansys et Hypermesh Analyser le soutien \u00e0 la conception pratique.<\/p>\n<p>&nbsp;<\/p>\n<h2>Camions-citernes \u00e0 ciment \u00e0 vendre<\/h2>\n<p>Panda Mech est un fabricant de camion-citerne \u00e0 ciment de Chine. Nous fournissons des remorques pneumatiques pour vrac de 28 \u00e0 120 tonnes \u00e0 vendre. (Nous fournissons \u00e9galement le camion-citerne \u00e0 ciment avec compresseur d'air.) Nous pouvons le personnaliser selon vos besoins. Les fabricants de Panda Mech ont connu le succ\u00e8s en Asie du Sud-Est, au Moyen-Orient, en Afrique et en Am\u00e9rique du Sud, comme aux Philippines, en Tanzanie, etc. <strong><u><a href=\"https:\/\/www.semitanker.com\/fr\/a-propos-de\/\" rel=\"nofollow\"><span style=\"color: #0000cd;\">Plus...<\/span><\/a><\/u><\/strong><\/p>\n<p style=\"text-align: center;\"><a href=\"https:\/\/www.semitanker.com\/fr\/contacter\/\"><img decoding=\"async\" style=\"width: 864px; height: 213px;\" src=\"\/uploads\/other\/sale-images.jpg\" alt=\"camion-citerne de ciment \u00e0 vendre\" \/><\/a><\/p>","protected":false},"excerpt":{"rendered":"<p>Qu'est-ce qu'un camion-citerne \u00e0 ciment ? Le camion-citerne \u00e0 ciment de Panda Mech est largement utilis\u00e9 pour le transport et le stockage du ciment, de la poudre de charbon, du mortier sec, de la nourriture et des poudres chimiques. Le camion-citerne \u00e0 ciment am\u00e9liore le transport, r\u00e9duit les co\u00fbts de transport et diminue la pollution. Il r\u00e9alise la m\u00e9canisation du chargement, du transport, du d\u00e9chargement et du stockage. Capacit\u00e9 du camion-citerne \u00e0 ciment en vrac : 28-120...<\/p>","protected":false},"featured_media":1983,"comment_status":"open","ping_status":"closed","template":"","meta":{"_seopress_robots_primary_cat":"none","_seopress_titles_title":"%%post_title%% For Sale - BPCVEHICLE","_seopress_titles_desc":"","_seopress_robots_index":"","_kad_post_transparent":"","_kad_post_title":"","_kad_post_layout":"","_kad_post_sidebar_id":"","_kad_post_content_style":"","_kad_post_vertical_padding":"","_kad_post_feature":"","_kad_post_feature_position":"","_kad_post_header":false,"_kad_post_footer":false},"product_brand":[],"product_cat":[154],"product_tag":[],"class_list":{"0":"post-1891","1":"product","2":"type-product","3":"status-publish","4":"has-post-thumbnail","6":"product_cat-cement-transport-trailer","8":"first","9":"instock","10":"shipping-taxable","11":"product-type-simple","12":"entry","13":"content-bg","14":"loop-entry"},"_links":{"self":[{"href":"https:\/\/www.semitanker.com\/fr\/wp-json\/wp\/v2\/product\/1891","targetHints":{"allow":["GET"]}}],"collection":[{"href":"https:\/\/www.semitanker.com\/fr\/wp-json\/wp\/v2\/product"}],"about":[{"href":"https:\/\/www.semitanker.com\/fr\/wp-json\/wp\/v2\/types\/product"}],"replies":[{"embeddable":true,"href":"https:\/\/www.semitanker.com\/fr\/wp-json\/wp\/v2\/comments?post=1891"}],"wp:featuredmedia":[{"embeddable":true,"href":"https:\/\/www.semitanker.com\/fr\/wp-json\/wp\/v2\/media\/1983"}],"wp:attachment":[{"href":"https:\/\/www.semitanker.com\/fr\/wp-json\/wp\/v2\/media?parent=1891"}],"wp:term":[{"taxonomy":"product_brand","embeddable":true,"href":"https:\/\/www.semitanker.com\/fr\/wp-json\/wp\/v2\/product_brand?post=1891"},{"taxonomy":"product_cat","embeddable":true,"href":"https:\/\/www.semitanker.com\/fr\/wp-json\/wp\/v2\/product_cat?post=1891"},{"taxonomy":"product_tag","embeddable":true,"href":"https:\/\/www.semitanker.com\/fr\/wp-json\/wp\/v2\/product_tag?post=1891"}],"curies":[{"name":"wp","href":"https:\/\/api.w.org\/{rel}","templated":true}]}}