{"id":1894,"date":"2021-12-21T14:36:00","date_gmt":"2021-12-21T06:36:00","guid":{"rendered":"https:\/\/semitanker.com\/?post_type=product&#038;p=1894"},"modified":"2022-06-09T21:28:00","modified_gmt":"2022-06-09T13:28:00","slug":"45-ton-vaccum-cement-trailer","status":"publish","type":"product","link":"https:\/\/www.semitanker.com\/fr\/produit\/remorque-a-ciment-de-45-tonnes\/","title":{"rendered":"Remorque \u00e0 ciment Vaccum de 45 tonnes"},"content":{"rendered":"<p>Remorque \u00e0 ciment sous vide utilis\u00e9e pour le transport du ciment, de la chaux, du sable et de toutes sortes de mat\u00e9riaux en poudre de diam\u00e8tre \u2264 0,1 mm.<\/p>\n<p>Vraquier \u00e0 ciment sous vide capacit\u00e9 45 tonnes, volume 40 m3.<\/p>\n<p>&nbsp;<\/p>\n<h2>Vaccum cement bulker trailer images<\/h2>\n<p style=\"text-align: center;\"><img decoding=\"async\" style=\"width: 800px; height: 533px;\" src=\"\/uploads\/products\/vaccum-bulker\/yellow-cement-trailer\/7.jpg\" alt=\"remorques-citernes pour ciment sous vide \u00e0 vendre\" \/><\/p>\n<p style=\"text-align: center;\"><img decoding=\"async\" src=\"\/uploads\/products\/vaccum-bulker\/yellow-cement-trailer\/8.jpg\" alt=\"prix de la remorque de transport de ciment sous vide\" \/><\/p>\n<h2>Sp\u00e9cifications de la remorque pour ciment sous vide<\/h2>\n<p>Si vous souhaitez conna\u00eetre les sp\u00e9cifications et les d\u00e9tails d'une remorque \u00e0 ciment de 28 \u00e0 120 tonnes, envoyez un courrier \u00e9lectronique \u00e0 l'adresse suivante <strong><u><a href=\"mailto:manager@pandamech.com\">manager@pandamech.com<\/a><\/u><\/strong><span style=\"color: #000080;\">.<\/span><\/p>\n<table style=\"margin: 0 auto;\" border=\"1\" width=\"800\" cellspacing=\"1\" cellpadding=\"1\">\n<tbody>\n<tr>\n<td width=\"221\" height=\"37\">\u00a0Marque<\/td>\n<td width=\"475\">\u00a0Vraquier autochargeur Panda Mech<\/td>\n<\/tr>\n<tr>\n<td width=\"221\" height=\"37\">\u00a0Dimension<\/td>\n<td width=\"475\">\u00a012000x2500x3900mm<\/td>\n<\/tr>\n<tr>\n<td width=\"221\" height=\"37\">\u00a0Capacit\u00e9\/volume<\/td>\n<td width=\"475\">\u00a045 tonnes \/ 40 m3<\/td>\n<\/tr>\n<tr>\n<td width=\"221\" height=\"37\">\u00a0Moteur<\/td>\n<td width=\"475\">\u00a0WeiCai Deutz diesel moto<\/td>\n<\/tr>\n<tr>\n<td width=\"221\" height=\"37\">\u00a0Poids<\/td>\n<td width=\"475\">\u00a06 tonnes<\/td>\n<\/tr>\n<tr>\n<td width=\"221\" height=\"37\">\u00a0Couvercle de trou d'homme<\/td>\n<td width=\"475\">\u00a02 \u00e0 4 jeux de 500 mm de diam\u00e8tre<\/td>\n<\/tr>\n<tr>\n<td width=\"221\" height=\"37\">\u00a0Valve de d\u00e9chargement<\/td>\n<td width=\"475\">\u00a04\u2033 valve \u00e0 disque<\/td>\n<\/tr>\n<tr>\n<td width=\"221\" height=\"37\">\u00a0Mat\u00e9riau de la carrosserie\/ch\u00e2ssis<\/td>\n<td width=\"475\">\u00a0Acier haute r\u00e9sistance de 5 ou 6 mm<\/td>\n<\/tr>\n<tr>\n<td width=\"221\" height=\"37\">\u00a0Structure<\/td>\n<td width=\"475\">\u00a0Acier \u00e0 haute r\u00e9sistance Q345<\/td>\n<\/tr>\n<tr>\n<td width=\"221\" height=\"37\">\u00a0Train d'atterrissage<\/td>\n<td width=\"475\">\u00a0JOST 28T<\/td>\n<\/tr>\n<tr>\n<td width=\"221\" height=\"37\">\u00a0Suspension<\/td>\n<td width=\"475\">\u00a0Suspension m\u00e9canique, suspension pneumatique<\/td>\n<\/tr>\n<tr>\n<td width=\"221\" height=\"37\">\u00a0Syst\u00e8me de freinage<\/td>\n<td width=\"475\">\u00a0Valve d'urgence WABCO<\/td>\n<\/tr>\n<tr>\n<td width=\"221\" height=\"37\">\u00a0Essieu<\/td>\n<td width=\"475\">\u00a03 essieux, 13,16,20 tonnes<\/td>\n<\/tr>\n<tr>\n<td width=\"221\" height=\"37\">\u00a0Pneu<\/td>\n<td width=\"475\">\u00a012R22.5, 385\/65R22.5, 13R22.5, 12.00R24, 315\/80R22.5<\/td>\n<\/tr>\n<tr>\n<td width=\"221\" height=\"37\">\u00a0King Pin<\/td>\n<td width=\"475\">\u00a0JOST 2\u2033 ou 3.5 type d\u00e9tachable<\/td>\n<\/tr>\n<\/tbody>\n<\/table>\n<h2>Avantages des courtiers en ciment<\/h2>\n<ul>\n<li>1. Meilleur acier brut : Le corps du r\u00e9servoir et la construction en acier haute r\u00e9sistance YP \u2265 620, assurent une plus longue dur\u00e9e de vie du gestionnaire et un poids de tare plus l\u00e9ger.<\/li>\n<li>2. Excellente performance\uff1aUne conception unique assure un taux de d\u00e9chargement \uff1e 1,3t\/min, 15m de distance de d\u00e9chargement vertical.<\/li>\n<li>3. Soudure de qualit\u00e9 :  Un bon acier avec une soudure de qualit\u00e9 permet une garantie plus longue pour les remorques de ciment \u00e0 vaccum.<\/li>\n<li>4. Peinture durable : L'ensemble du v\u00e9hicule est nettoy\u00e9 par sablage \u00e0 la grenaille pour la peinture, deux amorces pour une dur\u00e9e de vie plus longue.<\/li>\n<li>5. Conception : dessin 3D avec Ansys et Hypermesh Analyser le support raisonnable de la conception d'une remorque de ciment en vrac \u00e0 vide.<\/li>\n<\/ul>\n<p>&nbsp;<\/p>\n<h2>Transport maritime de cimenterie en vrac par vaccum<\/h2>\n<p>Nous commanderons le transporteur \u00e0 l'avance avant que la production ne soit termin\u00e9e, et nous effectuerons une inspection apr\u00e8s la production. La remorque inspect\u00e9e vous sera exp\u00e9di\u00e9e selon le dernier d\u00e9lai d'exp\u00e9dition.<\/p>\n<p>Afin d'\u00e9viter que la peinture de la remorque de transport de sable de ciment ne soit corrod\u00e9e par l'eau de mer, nous pulv\u00e9risons une couche de cire sur la surface de la remorque de transport de poudre avant le transport.<\/p>\n<p>Nous allons envelopper tous les moteurs diesel de la remorque-citerne de ciment avec une toile de pluie.<\/p>\n<p style=\"text-align: center;\"><img decoding=\"async\" style=\"width: 649px; height: 768px;\" src=\"\/uploads\/other\/cement-sea-transport.jpg\" alt=\"Transport maritime d&#039;un vraquier de ciment sous vide\" \/><\/p>\n<p>&nbsp;<\/p>\n<h2>Remorques \u00e0 ciment sous vide \u00e0 vendre<\/h2>\n<p>Panda Mech est un fabricant de camion-citerne \u00e0 ciment en vrac de Chine. Nous fournissons des remorques citerne \u00e0 ciment en vrac de 28 \u00e0 120 tonnes \u00e0 vendre. Nous pouvons personnaliser selon vos besoins. Les fabricants de Panda Mech ont connu le succ\u00e8s en Asie du Sud-Est, au Moyen-Orient, en Afrique et en Am\u00e9rique du Sud, comme aux Philippines, en Tanzanie, etc.....\u00a0\u00a0<strong><u><a href=\"https:\/\/www.semitanker.com\/fr\/a-propos-de\/\" rel=\"nofollow\"><span style=\"color: #0000cd;\">\u00c0 propos de PANDA...<\/span><\/a><\/u><\/strong><\/p>\n<p style=\"text-align: center;\"><a href=\"https:\/\/www.semitanker.com\/fr\/contacter\/\" rel=\"nofollow\"><img decoding=\"async\" style=\"width: 864px; height: 213px;\" src=\"\/uploads\/other\/sale-images.jpg\" alt=\"Vraquier de ciment auto-chargeur \u00e0 vendre\" \/><\/a><\/p>","protected":false},"excerpt":{"rendered":"<p>La remorque de transport de ciment sous vide est utilis\u00e9e pour le transport de ciment, de chaux, de sable et d'autres mat\u00e9riaux pulv\u00e9rulents en vrac d'un diam\u00e8tre \u2264 0,1 mm. Capacit\u00e9 de la remorque \u00e0 ciment en vrac 45 tonnes, volume 40 m3.   Images de la remorque \u00e0 ciment en vrac Sp\u00e9cifications de la remorque \u00e0 ciment en vrac Ce qui suit est une sp\u00e9cification de la remorque \u00e0 ciment en vrac, si vous voulez conna\u00eetre la remorque \u00e0 ciment en vrac de 28-120 tonnes...<\/p>","protected":false},"featured_media":1967,"comment_status":"open","ping_status":"closed","template":"","meta":{"_seopress_robots_primary_cat":"none","_seopress_titles_title":"","_seopress_titles_desc":"","_seopress_robots_index":"","_kad_post_transparent":"","_kad_post_title":"","_kad_post_layout":"","_kad_post_sidebar_id":"","_kad_post_content_style":"","_kad_post_vertical_padding":"","_kad_post_feature":"","_kad_post_feature_position":"","_kad_post_header":false,"_kad_post_footer":false},"product_brand":[],"product_cat":[154],"product_tag":[],"class_list":{"0":"post-1894","1":"product","2":"type-product","3":"status-publish","4":"has-post-thumbnail","6":"product_cat-cement-transport-trailer","8":"first","9":"instock","10":"shipping-taxable","11":"product-type-simple","12":"entry","13":"content-bg","14":"loop-entry"},"_links":{"self":[{"href":"https:\/\/www.semitanker.com\/fr\/wp-json\/wp\/v2\/product\/1894","targetHints":{"allow":["GET"]}}],"collection":[{"href":"https:\/\/www.semitanker.com\/fr\/wp-json\/wp\/v2\/product"}],"about":[{"href":"https:\/\/www.semitanker.com\/fr\/wp-json\/wp\/v2\/types\/product"}],"replies":[{"embeddable":true,"href":"https:\/\/www.semitanker.com\/fr\/wp-json\/wp\/v2\/comments?post=1894"}],"wp:featuredmedia":[{"embeddable":true,"href":"https:\/\/www.semitanker.com\/fr\/wp-json\/wp\/v2\/media\/1967"}],"wp:attachment":[{"href":"https:\/\/www.semitanker.com\/fr\/wp-json\/wp\/v2\/media?parent=1894"}],"wp:term":[{"taxonomy":"product_brand","embeddable":true,"href":"https:\/\/www.semitanker.com\/fr\/wp-json\/wp\/v2\/product_brand?post=1894"},{"taxonomy":"product_cat","embeddable":true,"href":"https:\/\/www.semitanker.com\/fr\/wp-json\/wp\/v2\/product_cat?post=1894"},{"taxonomy":"product_tag","embeddable":true,"href":"https:\/\/www.semitanker.com\/fr\/wp-json\/wp\/v2\/product_tag?post=1894"}],"curies":[{"name":"wp","href":"https:\/\/api.w.org\/{rel}","templated":true}]}}