{"id":1895,"date":"2022-05-01T14:37:36","date_gmt":"2022-05-01T06:37:36","guid":{"rendered":"https:\/\/semitanker.com\/?post_type=product&#038;p=1895"},"modified":"2022-10-12T01:33:28","modified_gmt":"2022-10-11T17:33:28","slug":"30-ton-flout-tanker-trailer","status":"publish","type":"product","link":"https:\/\/www.semitanker.com\/fr\/produit\/remorque-citerne-de-30-tonnes-a-debordement\/","title":{"rendered":"Remorque-citerne Flout de 30 tonnes"},"content":{"rendered":"<h2>Qu'est-ce qu'une remorque citerne \u00e0 farine ?<\/h2>\n<p>La remorque citerne \u00e0 farine est adapt\u00e9e au transport de farine et d'autres mat\u00e9riaux en poudre dont le diam\u00e8tre des particules ne d\u00e9passe pas 0,1 mm. La remorque citerne \u00e0 farine transporte principalement des aliments en poudre comestibles.<\/p>\n<p>Semi-remorque citerne \u00e0 farine capacit\u00e9 20 \u00e0 50 tonnes, volume 40 \u00e0 100 cbm.<\/p>\n<p>&nbsp;<\/p>\n<h2>Citerne de farine en vrac images<\/h2>\n<p style=\"text-align: center;\"><img decoding=\"async\" src=\"\/uploads\/products\/flout-tanker\/30ton-flour-tanker\/7.jpg\" alt=\"Citerne pour farine en vrac sec\" \/><\/p>\n<p style=\"text-align: center;\"><img decoding=\"async\" src=\"\/uploads\/products\/flout-tanker\/30ton-flour-tanker\/8.jpg\" alt=\"Remorque citerne pour farine en vrac sec\" \/><\/p>\n<p style=\"text-align: center;\"><img decoding=\"async\" src=\"\/uploads\/products\/flout-tanker\/30ton-flour-tanker\/10.jpg\" alt=\"Remorque citerne \u00e0 farine de 30 tonnes\" \/><\/p>\n<p>&nbsp;<\/p>\n<h2>Vid\u00e9o de la remorque de la citerne \u00e0 farine<\/h2>\n<p style=\"text-align: center;\"><iframe title=\"Lecteur vid\u00e9o YouTube\" src=\"https:\/\/www.youtube.com\/embed\/GVioVm4GG_8\" width=\"800\" height=\"533\" frameborder=\"0\" scrolling=\"no\" allowfullscreen=\"allowfullscreen\"><\/iframe><\/p>\n<p>&nbsp;<\/p>\n<h2>Sp\u00e9cification de la citerne \u00e0 farine<\/h2>\n<table style=\"margin: 0 auto;\" border=\"1\" width=\"800\" cellspacing=\"1\" cellpadding=\"1\">\n<tbody>\n<tr>\n<td width=\"202\" height=\"38\">\u00a0Marque<\/td>\n<td width=\"691\">\u00a0Panda Mech Citerne pour farine s\u00e8che en vrac de 30 tonnes<\/td>\n<\/tr>\n<tr>\n<td width=\"202\" height=\"38\">\u00a0Longueur*largeur*hauteur<\/td>\n<td width=\"691\">\u00a012000*2500*4000mm<\/td>\n<\/tr>\n<tr>\n<td width=\"202\" height=\"38\">\u00a0Capacit\u00e9\/volume de la citerne \u00e0 farine<\/td>\n<td width=\"691\">\u00a025 \u00e0 120 tonnes, 22 \u00e0 100 m\u00e8tres cubes<\/td>\n<\/tr>\n<tr>\n<td width=\"202\" height=\"38\">\u00a0Moteur<\/td>\n<td width=\"691\">\u00a0Poer original WEICHAI Mod\u00e8le:4102<\/td>\n<\/tr>\n<tr>\n<td width=\"202\" height=\"38\">\u00a0Poids de la citerne \u00e0 farine<\/td>\n<td width=\"691\">\u00a012 tonnes<\/td>\n<\/tr>\n<tr>\n<td width=\"202\" height=\"38\">\u00a0Couvercle de trou d'homme<\/td>\n<td width=\"691\">\u00a02 \u00e0 4 jeux de 500 mm de diam\u00e8tre<\/td>\n<\/tr>\n<tr>\n<td width=\"202\" height=\"38\">\u00a0Valve de d\u00e9chargement<\/td>\n<td width=\"691\">\u00a04\u2033 valve \u00e0 disque<\/td>\n<\/tr>\n<tr>\n<td width=\"202\" height=\"38\">\u00a0Mat\u00e9riau de la carrosserie\/ch\u00e2ssis<\/td>\n<td width=\"691\">\u00a0Acier haute r\u00e9sistance de 5 ou 6 mm<\/td>\n<\/tr>\n<tr>\n<td width=\"202\" height=\"38\">\u00a0Structure<\/td>\n<td width=\"691\">\u00a0Acier \u00e0 haute r\u00e9sistance Q345<\/td>\n<\/tr>\n<tr>\n<td width=\"202\" height=\"38\">\u00a0Train d'atterrissage<\/td>\n<td width=\"691\">\u00a0JOST 28T<\/td>\n<\/tr>\n<tr>\n<td width=\"202\" height=\"38\">\u00a0Suspension<\/td>\n<td width=\"691\">\u00a0Suspension m\u00e9canique, suspension pneumatique<\/td>\n<\/tr>\n<tr>\n<td width=\"202\" height=\"38\">\u00a0Compresseur d'air<\/td>\n<td width=\"691\">\u00a0Standard 10 CBM<\/td>\n<\/tr>\n<tr>\n<td width=\"202\" height=\"38\">\u00a0Syst\u00e8me de freinage<\/td>\n<td width=\"691\">\u00a0Valve d'urgence WABCO<\/td>\n<\/tr>\n<tr>\n<td width=\"202\" height=\"38\">\u00a0Essieu<\/td>\n<td width=\"691\">\u00a01 \u00e0 4 jeux, essieux de 13, 16 et 20 tonnes BPW\/FUWA<\/td>\n<\/tr>\n<tr>\n<td width=\"202\" height=\"38\">\u00a0Bo\u00eete \u00e0 outils<\/td>\n<td width=\"691\">\u00a01 jeu<\/td>\n<\/tr>\n<tr>\n<td width=\"202\" height=\"38\">\u00a0Pneu<\/td>\n<td width=\"691\">\u00a012R22.5, 385\/65R22.5, 13R22.5, 12.00R24, 315\/80R22.5<\/td>\n<\/tr>\n<tr>\n<td width=\"202\" height=\"38\">\u00a0King Pin<\/td>\n<td width=\"691\">\u00a0JOST 2\u2033 ou 3.5 type d\u00e9tachable<\/td>\n<\/tr>\n<\/tbody>\n<\/table>\n<p>&nbsp;<\/p>\n<h2>8 raisons de choisir la citerne \u00e0 farine panda<\/h2>\n<ul>\n<li>1. Meilleur acier brut : Le corps du r\u00e9servoir et la construction en acier haute r\u00e9sistance YP \u2265 620, assurent une plus longue dur\u00e9e de vie du gestionnaire et un poids de tare plus l\u00e9ger.<\/li>\n<li>2. Excellente performance\uff1aUne conception unique assure un taux de d\u00e9chargement \uff1e 1,3t\/min, 15m de distance de d\u00e9chargement vertical.<\/li>\n<li>3. Soudure de qualit\u00e9 :  Un bon acier avec une soudure de qualit\u00e9 permet de garantir plus longtemps le transport de la farine.<\/li>\n<li>4. Peinture durable : L'ensemble du v\u00e9hicule est nettoy\u00e9 par sablage \u00e0 la grenaille pour la peinture, deux amorces pour une dur\u00e9e de vie plus longue.<\/li>\n<li>5. Conception de remorques \u00e0 farine : dessin 3D avec Ansys et Hypermesh Analyser le support de conception raisonnable.<\/li>\n<li>6. Vitesse de d\u00e9chargement rapide.<\/li>\n<li>7. Haute performance en mati\u00e8re de s\u00e9curit\u00e9.<\/li>\n<li>8. Facile \u00e0 utiliser.<\/li>\n<\/ul>\n<p>&nbsp;<\/p>\n<h2>Transport maritime de la remorque citerne de farine<\/h2>\n<p>Afin d'\u00e9viter que la peinture de la remorque du camion-citerne \u00e0 poudre ne soit corrod\u00e9e par l'eau de mer, nous pulv\u00e9risons une couche de cire sur la surface du triailleur \u00e0 poudre avant le transport.<\/p>\n<p>Nous envelopperons tous les moteurs diesel de la remorque citerne de farine avec une toile de pluie.<\/p>\n<p>&nbsp;<\/p>\n<h2>Comprendre Panda Mech<\/h2>\n<p>Panda Mechanical Co., Ltd approuv\u00e9e par le minist\u00e8re de l'industrie et des technologies de l'information de la Chine pour produire des types de semi-remorques et de v\u00e9hicules commerciaux.<\/p>\n<p>Panda dispose de machines de fabrication de premi\u00e8re classe et de divers \u00e9quipements d'essai, introduit des technologies internationales de pointe et effectue des recherches avec des fabricants de camions c\u00e9l\u00e8bres pour am\u00e9liorer la force de conception. Chaque v\u00e9hicule est produit par des ouvriers comp\u00e9tents et exp\u00e9riment\u00e9s, passe 120 inspections de contr\u00f4le de qualit\u00e9 et fournit des produits parfaits au monde entier.\u00a0<u><strong><a href=\"https:\/\/www.semitanker.com\/fr\/a-propos-de\/\"><span style=\"color: #0000cd;\">Plus...<\/span><\/a><\/strong><\/u><\/p>","protected":false},"excerpt":{"rendered":"<p>Qu'est-ce qu'une remorque-citerne \u00e0 farine ? La remorque-citerne \u00e0 farine convient au transport de farine et d'autres mat\u00e9riaux en poudre dont le diam\u00e8tre des particules ne d\u00e9passe pas 0,1 mm. La semi-remorque citerne \u00e0 farine transporte principalement des aliments comestibles en poudre. La semi-remorque citerne \u00e0 farine a une capacit\u00e9 de 20 \u00e0 50 tonnes et un volume de 40 \u00e0 100 m3.   Images de la citerne \u00e0 farine en vrac La citerne \u00e0 farine...<\/p>","protected":false},"featured_media":1960,"comment_status":"open","ping_status":"closed","template":"","meta":{"_seopress_robots_primary_cat":"none","_seopress_titles_title":"","_seopress_titles_desc":"","_seopress_robots_index":"","_kad_post_transparent":"","_kad_post_title":"","_kad_post_layout":"","_kad_post_sidebar_id":"","_kad_post_content_style":"","_kad_post_vertical_padding":"","_kad_post_feature":"","_kad_post_feature_position":"","_kad_post_header":false,"_kad_post_footer":false},"product_brand":[],"product_cat":[154],"product_tag":[],"class_list":{"0":"post-1895","1":"product","2":"type-product","3":"status-publish","4":"has-post-thumbnail","6":"product_cat-cement-transport-trailer","8":"first","9":"instock","10":"shipping-taxable","11":"product-type-simple","12":"entry","13":"content-bg","14":"loop-entry"},"_links":{"self":[{"href":"https:\/\/www.semitanker.com\/fr\/wp-json\/wp\/v2\/product\/1895","targetHints":{"allow":["GET"]}}],"collection":[{"href":"https:\/\/www.semitanker.com\/fr\/wp-json\/wp\/v2\/product"}],"about":[{"href":"https:\/\/www.semitanker.com\/fr\/wp-json\/wp\/v2\/types\/product"}],"replies":[{"embeddable":true,"href":"https:\/\/www.semitanker.com\/fr\/wp-json\/wp\/v2\/comments?post=1895"}],"wp:featuredmedia":[{"embeddable":true,"href":"https:\/\/www.semitanker.com\/fr\/wp-json\/wp\/v2\/media\/1960"}],"wp:attachment":[{"href":"https:\/\/www.semitanker.com\/fr\/wp-json\/wp\/v2\/media?parent=1895"}],"wp:term":[{"taxonomy":"product_brand","embeddable":true,"href":"https:\/\/www.semitanker.com\/fr\/wp-json\/wp\/v2\/product_brand?post=1895"},{"taxonomy":"product_cat","embeddable":true,"href":"https:\/\/www.semitanker.com\/fr\/wp-json\/wp\/v2\/product_cat?post=1895"},{"taxonomy":"product_tag","embeddable":true,"href":"https:\/\/www.semitanker.com\/fr\/wp-json\/wp\/v2\/product_tag?post=1895"}],"curies":[{"name":"wp","href":"https:\/\/api.w.org\/{rel}","templated":true}]}}