{"id":1897,"date":"2022-05-17T14:38:28","date_gmt":"2022-05-17T06:38:28","guid":{"rendered":"https:\/\/semitanker.com\/?post_type=product&#038;p=1897"},"modified":"2023-06-22T15:30:20","modified_gmt":"2023-06-22T07:30:20","slug":"25-ton-bulk-cement-tanker-for-sale","status":"publish","type":"product","link":"https:\/\/www.semitanker.com\/fr\/produit\/citerne-a-ciment-de-25-tonnes-a-vendre\/","title":{"rendered":"Citerne \u00e0 ciment en vrac de 25 tonnes \u00e0 vendre"},"content":{"rendered":"<p>Le camion-citerne \u00e0 ciment en vrac est utilis\u00e9 pour le transport du ciment, de la chaux, du sable. Il est principalement utilis\u00e9 dans les cimenteries, les entrep\u00f4ts de ciment\uff0cles plaques de b\u00e9ton et les grands chantiers de construction.<\/p>\n<p>Nous fournissons des remorques \u00e0 ciment en vrac d'une capacit\u00e9 de 28 \u00e0 120 tonnes et d'un volume de 22 \u00e0 100 m3. Nous pouvons la personnaliser en fonction de vos besoins.<\/p>\n<h2>Images d'une citerne \u00e0 ciment en vrac<\/h2>\n<p style=\"text-align: center;\"><img decoding=\"async\" src=\"\/uploads\/products\/25ton-cement-trailer\/8.jpg\" alt=\"Citerne de ciment en vrac\" \/><\/p>\n<h2>Sp\u00e9cifications de la remorque citerne \u00e0 ciment en vrac<\/h2>\n<table style=\"margin: 0 auto;\" border=\"1\" width=\"800\" cellspacing=\"1\" cellpadding=\"1\">\n<tbody>\n<tr>\n<td width=\"165\" height=\"38\">\u00a0Marque<\/td>\n<td width=\"532\">\u00a0Panda Mech, remorque citerne \u00e0 ciment en vrac<\/td>\n<\/tr>\n<tr>\n<td width=\"165\" height=\"38\">\u00a0Volume (m3)<\/td>\n<td width=\"532\">\u00a020 cum<\/td>\n<\/tr>\n<tr>\n<td width=\"165\" height=\"38\">\u00a0Capacit\u00e9<\/td>\n<td width=\"532\">\u00a025 tonnes<\/td>\n<\/tr>\n<tr>\n<td width=\"165\" height=\"38\">\u00a0Poids<\/td>\n<td width=\"532\">\u00a05,5 tonnes<\/td>\n<\/tr>\n<tr>\n<td width=\"165\" height=\"55\">\u00a0Dimensions<\/td>\n<td width=\"532\">\u00a07000*2500*3900mm<\/td>\n<\/tr>\n<tr>\n<td width=\"165\" height=\"37\">\u00a0Mat\u00e9riau<\/td>\n<td width=\"532\">\u00a0Acier<\/td>\n<\/tr>\n<tr>\n<td width=\"165\" height=\"38\">\u00a0Moteur diesel<\/td>\n<td width=\"532\">\u00a0WEICHAI 4100\/4102 Marque<\/td>\n<\/tr>\n<tr>\n<td width=\"165\" height=\"38\">\u00a0Compresseur<\/td>\n<td width=\"532\">\u00a0BOHAI, FUDA 10m3\/12 m3ou autres marques<\/td>\n<\/tr>\n<tr>\n<td width=\"165\" height=\"38\">\u00a0Couvercle de trou d'homme<\/td>\n<td width=\"532\">\u00a0Acier au carbone ou aluminium 500mm (diam\u00e8tre)<\/td>\n<\/tr>\n<tr>\n<td width=\"165\" height=\"55\">\u00a0Valve de d\u00e9chargement<\/td>\n<td width=\"532\">\u00a0Le diam\u00e8tre est de 3 ou 4 pouces<\/td>\n<\/tr>\n<tr>\n<td width=\"165\" height=\"38\">\u00a0Poutres principales<\/td>\n<td width=\"532\">\u00a0Conception soud\u00e9e, acier haute r\u00e9sistance<\/td>\n<\/tr>\n<tr>\n<td width=\"165\" height=\"55\">\u00a0Essieu<\/td>\n<td width=\"532\">\u00a0Essieu \u00e0 frein \u00e0 tambour 13t de marque \"BPW\", deux essieux, 10nos<\/td>\n<\/tr>\n<tr>\n<td width=\"165\" height=\"38\">\u00a0Train d'atterrissage<\/td>\n<td width=\"532\">\u00a0JOST<\/td>\n<\/tr>\n<tr>\n<td width=\"165\" height=\"38\">\u00a0Suspension<\/td>\n<td width=\"532\">\u00a0Suspension m\u00e9canique<\/td>\n<\/tr>\n<tr>\n<td width=\"165\" height=\"38\">\u00a0Syst\u00e8me de freinage pneumatique<\/td>\n<td width=\"532\">\u00a0WABCO<\/td>\n<\/tr>\n<tr>\n<td width=\"165\" height=\"37\">\u00a0Pneu<\/td>\n<td width=\"532\">\u00a012R22.5<\/td>\n<\/tr>\n<\/tbody>\n<\/table>\n<p>&nbsp;<\/p>\n<h2>Avantage des remorques de ciment en vrac<\/h2>\n<p>1. Meilleur acier brut : Le corps du r\u00e9servoir et la construction en acier haute r\u00e9sistance YP \u2265 620, assurent une plus longue dur\u00e9e de vie du gestionnaire et un poids de tare plus l\u00e9ger.<\/p>\n<p>2. Excellentes performances\uff1aUne conception unique assure un taux de d\u00e9chargement \uff1e 1,3t\/min, une distance de d\u00e9chargement verticale de 15m.<\/p>\n<p>3. Soudure de qualit\u00e9 :  Un bon acier avec une soudure de qualit\u00e9 permet une garantie plus longue pour les remorques \u00e0 ciment.<\/p>\n<p>4. Peinture durable : l'ensemble du v\u00e9hicule est nettoy\u00e9 par grenaillage avant d'\u00eatre peint, deux fois plus d'appr\u00eat pour prolonger la dur\u00e9e de vie de la peinture.<\/p>\n<p>5. Conception de remorques de ciment : dessin 3D avec Ansys et Hypermesh Analyser la conception raisonnable du support.<\/p>\n<p>&nbsp;<\/p>\n<h2>Transport maritime du cimentier en vrac<\/h2>\n<p>Nous commanderons le transporteur \u00e0 l'avance avant que la production ne soit termin\u00e9e, et nous effectuerons une inspection apr\u00e8s la production. La remorque inspect\u00e9e vous sera exp\u00e9di\u00e9e selon le dernier d\u00e9lai d'exp\u00e9dition.<\/p>\n<p>Afin d'\u00e9viter que la peinture de la remorque de transport de sable de ciment ne soit corrod\u00e9e par l'eau de mer, nous pulv\u00e9risons une couche de cire sur la surface de la remorque de transport de poudre avant le transport.<\/p>\n<p>Nous allons envelopper tous les moteurs diesel de la remorque-citerne de ciment avec une toile de pluie.<\/p>\n<p style=\"text-align: center;\"><img decoding=\"async\" style=\"width: 649px; height: 768px;\" src=\"\/uploads\/other\/cement-sea-transport.jpg\" alt=\"Transport maritime de la remorque-citerne de ciment en vrac\" \/><\/p>\n<p>&nbsp;<\/p>\n<h2>Citerne \u00e0 ciment en vrac \u00e0 vendre<\/h2>\n<p>Panda Mech est un fabricant de camion-citerne \u00e0 ciment en vrac de Chine. Nous fournissons du ciment en vrac de 28 \u00e0 120 tonnes<span style=\"color: #000080;\">\u00a0citerne \u00e0 vendre<\/span>. Nous pouvons personnaliser en fonction de vos besoins. Les fabricants de Panda Mech ont connu le succ\u00e8s en Asie du Sud-Est, au Moyen-Orient, en Afrique et en Am\u00e9rique du Sud, comme aux Philippines, en Tanzanie, etc.\u00a0<strong><u><a href=\"https:\/\/www.semitanker.com\/fr\/a-propos-de\/\" rel=\"nofollow\"><span style=\"color: #0000cd;\">Plus...<\/span><\/a><\/u><\/strong><\/p>\n<p style=\"text-align: center;\"><a href=\"https:\/\/www.semitanker.com\/fr\/contacter\/\"><img decoding=\"async\" style=\"width: 864px; height: 213px;\" src=\"\/uploads\/other\/sale-images.jpg\" alt=\"remorque citerne \u00e0 ciment en vrac\" \/><\/a><\/p>","protected":false},"excerpt":{"rendered":"<p>Le camion-citerne \u00e0 ciment en vrac est utilis\u00e9 pour le transport du ciment, de la chaux et du sable. Elle est principalement utilis\u00e9e dans les cimenteries, les entrep\u00f4ts de ciment\uff0cconcrete plates, et les grands chantiers de construction. Nous fournissons des remorques \u00e0 ciment en vrac d'une capacit\u00e9 de 28 \u00e0 120 tonnes et d'un volume de 22 \u00e0 100 cbm. Nous pouvons la personnaliser en fonction de vos besoins. Photos de la citerne \u00e0 ciment en vrac Sp\u00e9cifications de la remorque \u00e0 ciment en vrac Marque Panda Mech...<\/p>","protected":false},"featured_media":1952,"comment_status":"open","ping_status":"closed","template":"","meta":{"_seopress_robots_primary_cat":"none","_seopress_titles_title":"","_seopress_titles_desc":"","_seopress_robots_index":"","_kad_post_transparent":"","_kad_post_title":"","_kad_post_layout":"","_kad_post_sidebar_id":"","_kad_post_content_style":"","_kad_post_vertical_padding":"","_kad_post_feature":"","_kad_post_feature_position":"","_kad_post_header":false,"_kad_post_footer":false},"product_brand":[],"product_cat":[154],"product_tag":[],"class_list":{"0":"post-1897","1":"product","2":"type-product","3":"status-publish","4":"has-post-thumbnail","6":"product_cat-cement-transport-trailer","8":"first","9":"instock","10":"shipping-taxable","11":"product-type-simple","12":"entry","13":"content-bg","14":"loop-entry"},"_links":{"self":[{"href":"https:\/\/www.semitanker.com\/fr\/wp-json\/wp\/v2\/product\/1897","targetHints":{"allow":["GET"]}}],"collection":[{"href":"https:\/\/www.semitanker.com\/fr\/wp-json\/wp\/v2\/product"}],"about":[{"href":"https:\/\/www.semitanker.com\/fr\/wp-json\/wp\/v2\/types\/product"}],"replies":[{"embeddable":true,"href":"https:\/\/www.semitanker.com\/fr\/wp-json\/wp\/v2\/comments?post=1897"}],"wp:featuredmedia":[{"embeddable":true,"href":"https:\/\/www.semitanker.com\/fr\/wp-json\/wp\/v2\/media\/1952"}],"wp:attachment":[{"href":"https:\/\/www.semitanker.com\/fr\/wp-json\/wp\/v2\/media?parent=1897"}],"wp:term":[{"taxonomy":"product_brand","embeddable":true,"href":"https:\/\/www.semitanker.com\/fr\/wp-json\/wp\/v2\/product_brand?post=1897"},{"taxonomy":"product_cat","embeddable":true,"href":"https:\/\/www.semitanker.com\/fr\/wp-json\/wp\/v2\/product_cat?post=1897"},{"taxonomy":"product_tag","embeddable":true,"href":"https:\/\/www.semitanker.com\/fr\/wp-json\/wp\/v2\/product_tag?post=1897"}],"curies":[{"name":"wp","href":"https:\/\/api.w.org\/{rel}","templated":true}]}}