{"id":1898,"date":"2021-12-21T14:38:50","date_gmt":"2021-12-21T06:38:50","guid":{"rendered":"https:\/\/semitanker.com\/?post_type=product&#038;p=1898"},"modified":"2022-06-10T09:36:30","modified_gmt":"2022-06-10T01:36:30","slug":"b-double-cement-bulker","status":"publish","type":"product","link":"https:\/\/www.semitanker.com\/fr\/produit\/b-double-ciment-bulker\/","title":{"rendered":"B Bulker double ciment"},"content":{"rendered":"<p>B double bulker de ciment aussi connu comme b double remorque de ciment. B double bulker de ciment utilis\u00e9 pour le transport du ciment, de la chaux, du sable et des sortes de mat\u00e9riaux en poudre en vrac de diam\u00e8tre \u2264 0,1mm, la plus grande fonction du r\u00e9servoir de poudre est d'\u00eatre utilis\u00e9 pour le transport en vrac.<\/p>\n<p>&nbsp;<\/p>\n<h2>B double bulker ciment images<\/h2>\n<p style=\"text-align: center;\"><img decoding=\"async\" style=\"height: 533px; width: 800px;\" src=\"\/uploads\/products\/b-double\/7.jpg\" alt=\"b remorque citerne \u00e0 poudre double\" \/><\/p>\n<p style=\"text-align: center;\"><img decoding=\"async\" style=\"width: 800px; height: 533px;\" src=\"\/uploads\/products\/b-double\/8.jpg\" alt=\"b double ciment bulker semi remorque\" \/><\/p>\n<p>&nbsp;<\/p>\n<h2>Sp\u00e9cifications du bulker double ciment B<\/h2>\n<table style=\"margin: 0 auto;\" border=\"1\" width=\"800\" cellspacing=\"1\" cellpadding=\"1\">\n<tbody>\n<tr>\n<td width=\"221\" height=\"37\">\u00a0Marque<\/td>\n<td width=\"475\">\u00a0Panda Mech b double remorque \u00e0 bulker de ciment<\/td>\n<\/tr>\n<tr>\n<td width=\"221\" height=\"37\">\u00a0Dimensions<\/td>\n<td width=\"475\">\u00a07500-14500x2500x3900-4200mm (length*width*hieght)<\/td>\n<\/tr>\n<tr>\n<td width=\"221\" height=\"37\">\u00a0Capacit\u00e9<\/td>\n<td width=\"475\">\u00a030-120 tonnes<\/td>\n<\/tr>\n<tr>\n<td width=\"221\" height=\"37\">\u00a0Moteur<\/td>\n<td width=\"475\">\u00a0WeiCai Deutz diesel moto<\/td>\n<\/tr>\n<tr>\n<td width=\"221\" height=\"37\">\u00a0Poids d'un vraquier de ciment<\/td>\n<td width=\"475\">\u00a05,8 tonnes (poids \u00e0 vide)<\/td>\n<\/tr>\n<tr>\n<td width=\"221\" height=\"37\">\u00a0Couvercle de trou d'homme<\/td>\n<td width=\"475\">\u00a02 \u00e0 4 jeux de 500 mm de diam\u00e8tre<\/td>\n<\/tr>\n<tr>\n<td width=\"221\" height=\"37\">\u00a0Valve de d\u00e9chargement<\/td>\n<td width=\"475\">\u00a04\u2033 valve \u00e0 disque<\/td>\n<\/tr>\n<tr>\n<td width=\"221\" height=\"37\">\u00a0Mat\u00e9riau de la carrosserie\/ch\u00e2ssis<\/td>\n<td width=\"475\">\u00a0Acier haute r\u00e9sistance de 5 ou 6 mm<\/td>\n<\/tr>\n<tr>\n<td width=\"221\" height=\"37\">\u00a0R\u00e9servoirs de stockage<\/td>\n<td width=\"475\">\u00a0Acier \u00e0 haute r\u00e9sistance Q345<\/td>\n<\/tr>\n<tr>\n<td width=\"221\" height=\"37\">\u00a0Train d'atterrissage<\/td>\n<td width=\"475\">\u00a0JOST 28T<\/td>\n<\/tr>\n<tr>\n<td width=\"221\" height=\"37\">\u00a0Suspension<\/td>\n<td width=\"475\">\u00a0Suspension m\u00e9canique ou suspension pneumatique<\/td>\n<\/tr>\n<tr>\n<td width=\"221\" height=\"37\">\u00a0Syst\u00e8me de freinage<\/td>\n<td width=\"475\">\u00a0Valve d'urgence WABCO<\/td>\n<\/tr>\n<tr>\n<td width=\"221\" height=\"37\">\u00a0Essieu<\/td>\n<td width=\"475\">\u00a0Essieux 2\/3\/4<\/td>\n<\/tr>\n<tr>\n<td width=\"221\" height=\"37\">\u00a0Pneu<\/td>\n<td width=\"475\">\u00a012R22.5, 385\/65R22.5, 13R22.5, 12.00R24, 315\/80R22.5<\/td>\n<\/tr>\n<tr>\n<td width=\"221\" height=\"37\">\u00a0King Pin<\/td>\n<td width=\"475\">\u00a0JOST 2\u2033 ou 3.5 type d\u00e9tachable<\/td>\n<\/tr>\n<tr>\n<td width=\"221\" height=\"37\">\u00a0Couleur<\/td>\n<td width=\"475\">\u00a0Personnalisez<\/td>\n<\/tr>\n<\/tbody>\n<\/table>\n<h2>Avantages uniques du double vraquier de ciment Panda b<\/h2>\n<p>1. Meilleur acier brut : Le corps et la construction des r\u00e9servoirs de stockage de ciment en vrac en acier \u00e0 haute r\u00e9sistance YP \u2265 620, assurent une plus longue dur\u00e9e de vie du gestionnaire et un poids \u00e0 vide plus l\u00e9ger.<\/p>\n<p>2. Excellentes performances\uff1aUne conception unique assure un taux de d\u00e9chargement \uff1e 1,3t\/min, une distance de d\u00e9chargement verticale de 15m.<\/p>\n<p>3. Soudure de qualit\u00e9 :  Un bon acier avec une soudure de qualit\u00e9 supporte une garantie plus longue pour les remorques \u00e0 ciment double b.<\/p>\n<p>4. Peinture durable : l'ensemble du v\u00e9hicule est nettoy\u00e9 par grenaillage avant d'\u00eatre peint, deux fois plus d'appr\u00eat pour prolonger la dur\u00e9e de vie de la peinture.<\/p>\n<p>5. Conception : dessin 3D avec Ansys &amp; Hypermesh Analyze supportant une conception raisonnable.<\/p>\n<p>&nbsp;<\/p>\n<h2>Pourquoi choisir Panda ?<\/h2>\n<p>Panda offre 100+ b double remorque \u00e0 ciment produits. Environ 95% de ces produits sont des \u00e9quipements industriels g\u00e9n\u00e9raux.<\/p>\n<p>Une grande vari\u00e9t\u00e9 d'options de vrac de ciment est disponible pour vous, comme des \u00e9chantillons pay\u00e9s.<\/p>\n<p>Le fournisseur de bulker \u00e0 ciment a export\u00e9 dans plus de 60 pays,<\/p>\n<p>Les remorques de bulker de ciment sont les plus populaires en Asie du Sud-Est, en Afrique et en Am\u00e9rique du Sud. Vous pouvez passer le certificat ISO9001 pour assurer la qualit\u00e9 de la remorque b double ciment.<\/p>\n<p>&nbsp;<\/p>\n<h2>\u00c0 propos de Panda<\/h2>\n<p>Panda Mechanical Co., Ltd approuv\u00e9e par le minist\u00e8re de l'industrie et des technologies de l'information de la Chine pour produire des types de semi-remorques et de v\u00e9hicules commerciaux.<\/p>\n<p>Panda dispose de machines de fabrication de premi\u00e8re classe et de divers \u00e9quipements d'essai, introduit des technologies internationales de pointe et effectue des recherches avec des fabricants de camions c\u00e9l\u00e8bres pour am\u00e9liorer la force de conception. Chaque v\u00e9hicule est produit par des ouvriers comp\u00e9tents et exp\u00e9riment\u00e9s, passe 120 inspections de contr\u00f4le de qualit\u00e9 et fournit des produits parfaits au monde entier. <a href=\"https:\/\/www.semitanker.com\/fr\/a-propos-de\/\"><span style=\"color: #0000cd;\"><strong><u>Plus...<\/u><\/strong><\/span><\/a><\/p>\n<p style=\"text-align: center;\"><a href=\"https:\/\/www.semitanker.com\/fr\/contacter\/\"><img decoding=\"async\" style=\"width: 864px; height: 213px;\" src=\"\/uploads\/other\/sale-images.jpg\" alt=\"b double bulker \u00e0 ciment\" \/><\/a><\/p>","protected":false},"excerpt":{"rendered":"<p>B double cement bulker aussi connu sous le nom de b double cement trailer. Le B double pcement bulker est utilis\u00e9 pour le transport du ciment, de la chaux, du sable et d'autres mat\u00e9riaux pulv\u00e9rulents en vrac d'un diam\u00e8tre \u2264 0,1 mm, la principale fonction du r\u00e9servoir \u00e0 poudre \u00e9tant le transport en vrac.   B double cement bulker images B double cement bulker specifications...<\/p>","protected":false},"featured_media":1949,"comment_status":"open","ping_status":"closed","template":"","meta":{"_seopress_robots_primary_cat":"none","_seopress_titles_title":"","_seopress_titles_desc":"","_seopress_robots_index":"","_kad_post_transparent":"","_kad_post_title":"","_kad_post_layout":"","_kad_post_sidebar_id":"","_kad_post_content_style":"","_kad_post_vertical_padding":"","_kad_post_feature":"","_kad_post_feature_position":"","_kad_post_header":false,"_kad_post_footer":false},"product_brand":[],"product_cat":[154],"product_tag":[],"class_list":{"0":"post-1898","1":"product","2":"type-product","3":"status-publish","4":"has-post-thumbnail","6":"product_cat-cement-transport-trailer","8":"first","9":"instock","10":"shipping-taxable","11":"product-type-simple","12":"entry","13":"content-bg","14":"loop-entry"},"_links":{"self":[{"href":"https:\/\/www.semitanker.com\/fr\/wp-json\/wp\/v2\/product\/1898","targetHints":{"allow":["GET"]}}],"collection":[{"href":"https:\/\/www.semitanker.com\/fr\/wp-json\/wp\/v2\/product"}],"about":[{"href":"https:\/\/www.semitanker.com\/fr\/wp-json\/wp\/v2\/types\/product"}],"replies":[{"embeddable":true,"href":"https:\/\/www.semitanker.com\/fr\/wp-json\/wp\/v2\/comments?post=1898"}],"wp:featuredmedia":[{"embeddable":true,"href":"https:\/\/www.semitanker.com\/fr\/wp-json\/wp\/v2\/media\/1949"}],"wp:attachment":[{"href":"https:\/\/www.semitanker.com\/fr\/wp-json\/wp\/v2\/media?parent=1898"}],"wp:term":[{"taxonomy":"product_brand","embeddable":true,"href":"https:\/\/www.semitanker.com\/fr\/wp-json\/wp\/v2\/product_brand?post=1898"},{"taxonomy":"product_cat","embeddable":true,"href":"https:\/\/www.semitanker.com\/fr\/wp-json\/wp\/v2\/product_cat?post=1898"},{"taxonomy":"product_tag","embeddable":true,"href":"https:\/\/www.semitanker.com\/fr\/wp-json\/wp\/v2\/product_tag?post=1898"}],"curies":[{"name":"wp","href":"https:\/\/api.w.org\/{rel}","templated":true}]}}